{"id":2513,"date":"2022-03-29T09:45:20","date_gmt":"2022-03-29T09:45:20","guid":{"rendered":"https:\/\/prime-distributor.al\/?post_type=product&#038;p=2513"},"modified":"2025-11-13T08:50:05","modified_gmt":"2025-11-13T08:50:05","slug":"baby-bouncer","status":"publish","type":"product","link":"https:\/\/prime-distributor.al\/en\/product\/baby-bouncer\/","title":{"rendered":"Baby Bouncer"},"content":{"rendered":"<p>Babocush Ergonomic Bouncer mund t\u00eb p\u00ebrdoret si l\u00ebkund\u00ebse ose karrige. P\u00eblhura luksoze e but\u00eb e pambukut, siguron q\u00eb pesha e foshnj\u00ebs suaj t\u00eb shp\u00ebrndahet n\u00eb m\u00ebnyr\u00eb t\u00eb barabart\u00eb, n\u00eb m\u00ebnyr\u00eb q\u00eb ata t\u00eb ndihen plot\u00ebsisht t\u00eb mb\u00ebshtetur, t\u00eb qet\u00eb dhe t\u00eb k\u00ebnaqur nd\u00ebrsa rriten dhe zhvillohen. Nj\u00eb k\u00ebrcim natyral, i krijuar nga l\u00ebvizjet e vet\u00eb foshnj\u00ebs suaj shton nj\u00eb shtres\u00eb tjet\u00ebr rehatie, ve\u00e7an\u00ebrisht p\u00ebr foshnjat e acaruara.<\/p>\n<ul>\n<li>L\u00ebkundja natyrale qet\u00ebson dhe rehaton<\/li>\n<li>Dizajn ergonomik dhe mb\u00ebshtetje optimale p\u00ebr beben tuaj<\/li>\n<li>Mbules\u00eb e kthyeshme p\u00ebr t&#8217;u kthyer n\u00eb karrige<\/li>\n<li>Mund t\u00eb paloset dhe \u00ebsht\u00eb pesh\u00eb e leht\u00eb<\/li>\n<li>P\u00eblhur\u00eb e but\u00eb dhe mb\u00ebshtet\u00ebse, e leht\u00eb p\u00ebr tu hequr, q\u00eb mund t\u00eb lahet n\u00eb lavatri\u00e7e dhe lejon ajrosje nga materiali luksoze dysh<\/li>\n<li>Rrjet\u00eb e fort\u00eb strukturore p\u00ebr t\u00eb forcuar mb\u00ebshtetjen e shpin\u00ebs kur shnd\u00ebrrohet n\u00eb karrige<\/li>\n<li>3 pozicione<\/li>\n<li>I p\u00ebrshtatsh\u00ebm nga i porsalinduri deri n\u00eb 2 vje\u00e7<\/li>\n<li>Nuk ka nevoj\u00eb p\u00ebr bateri ose kordona<\/li>\n<li>Dimensionet: 87.5 x 40.8 x 11.4 cm<\/li>\n<\/ul>\n<p>Babocush paloset mir\u00eb dhe \u00ebsht\u00eb e leht\u00eb dhe praktike p\u00ebr t&#8217;u l\u00ebvizur nga dhoma n\u00eb dhom\u00eb ose kur jeni n\u00eb l\u00ebvizjel. Ka tre pozicione t\u00eb ndryshme, perfekte p\u00ebr fazat e ndryshme t\u00eb zhvillimit t\u00eb f\u00ebmij\u00ebs suaj.<br \/>\nBabocush Bouncer mund t\u00eb p\u00ebrdoret si nj\u00eb l\u00ebkund\u00ebse ose karrige dhe mund t\u00eb p\u00ebrdoret si nj\u00eb l\u00ebkund\u00ebse nga i porsalinduri derisa f\u00ebmija juaj t\u00eb mund t\u00eb ulet pa ndihm\u00eb. L\u00ebkund\u00ebsja \u00ebsht\u00eb e p\u00ebrshtatshme p\u00ebr bebe deri n\u00eb 9 kg \/ 20 lbs. Pasi f\u00ebmija juaj t\u00eb mund t\u00eb ec\u00eb ose t\u00eb ulet pa ndihm\u00eb, ju mund ta ktheni l\u00ebkund\u00ebsen p\u00ebr t\u00eb krijuar nj\u00eb karrige. Karrigia \u00ebsht\u00eb e p\u00ebrshtatshme p\u00ebr f\u00ebmij\u00eb deri n\u00eb 13 kg \/ 29 lbs ose 2 vje\u00e7.<\/p>\n<ul>\n<li><em><strong>Karrige l\u00ebkund\u00ebse<\/strong><\/em>: pesha e foshnj\u00ebs = Deri n\u00eb 9 kg<\/li>\n<li><em><strong>Karrige:<\/strong><\/em> pesha e foshnj\u00ebs = 13 kg<\/li>\n<\/ul>","protected":false},"excerpt":{"rendered":"<p>K\u00ebnaq d\u00ebshir\u00ebn natyrale t\u00eb foshnj\u00ebs suaj p\u00ebr l\u00ebkundje nd\u00ebrsa ofron mb\u00ebshtetje optimale dhe zhvillim muskulor p\u00ebr qaf\u00ebn, shpin\u00ebn dhe trupin e foshnj\u00ebs suaj.<\/p>","protected":false},"featured_media":2581,"template":"","meta":{"_acf_changed":false,"inline_featured_image":false},"product_brand":[],"product_cat":[48],"product_tag":[324],"class_list":{"0":"post-2513","1":"product","2":"type-product","3":"status-publish","4":"has-post-thumbnail","6":"product_cat-babocush","7":"product_tag-babocush","8":"wpisset-post","9":"wpisset-post-featured","10":"wpisset-woo-has-gallery","12":"first","13":"outofstock","14":"shipping-taxable","15":"purchasable","16":"product-type-simple"},"acf":[],"_links":{"self":[{"href":"https:\/\/prime-distributor.al\/en\/wp-json\/wp\/v2\/product\/2513","targetHints":{"allow":["GET"]}}],"collection":[{"href":"https:\/\/prime-distributor.al\/en\/wp-json\/wp\/v2\/product"}],"about":[{"href":"https:\/\/prime-distributor.al\/en\/wp-json\/wp\/v2\/types\/product"}],"wp:featuredmedia":[{"embeddable":true,"href":"https:\/\/prime-distributor.al\/en\/wp-json\/wp\/v2\/media\/2581"}],"wp:attachment":[{"href":"https:\/\/prime-distributor.al\/en\/wp-json\/wp\/v2\/media?parent=2513"}],"wp:term":[{"taxonomy":"product_brand","embeddable":true,"href":"https:\/\/prime-distributor.al\/en\/wp-json\/wp\/v2\/product_brand?post=2513"},{"taxonomy":"product_cat","embeddable":true,"href":"https:\/\/prime-distributor.al\/en\/wp-json\/wp\/v2\/product_cat?post=2513"},{"taxonomy":"product_tag","embeddable":true,"href":"https:\/\/prime-distributor.al\/en\/wp-json\/wp\/v2\/product_tag?post=2513"}],"curies":[{"name":"wp","href":"https:\/\/api.w.org\/{rel}","templated":true}]}}