{"id":2509,"date":"2022-03-29T09:45:20","date_gmt":"2022-03-29T09:45:20","guid":{"rendered":"https:\/\/prime-distributor.al\/?post_type=product&#038;p=2509"},"modified":"2024-07-05T08:27:32","modified_gmt":"2024-07-05T08:27:32","slug":"oturak-portabel","status":"publish","type":"product","link":"https:\/\/prime-distributor.al\/en\/product\/oturak-portabel\/","title":{"rendered":"Oturak Portab\u00ebl"},"content":{"rendered":"<h2 id=\"tw-target-text\" class=\"tw-data-text tw-text-large XcVN5d tw-ta\" dir=\"ltr\" data-placeholder=\"Translation\"><span class=\"Y2IQFc\" lang=\"sq\">Pse \u00ebsht\u00eb i ve\u00e7ant\u00eb ?!<\/span><\/h2>\n<p class=\"tw-data-text tw-text-large XcVN5d tw-ta\" dir=\"ltr\" data-placeholder=\"Translation\"><span class=\"Y2IQFc\" lang=\"sq\">Pottiagogo. Oturaku portab\u00ebl m\u00eb i thjesht\u00eb p\u00ebr t&#8217;u p\u00ebrdorur. Trajnimi p\u00ebr heqjen e pelen\u00ebs b\u00ebhet m\u00eb i leht\u00eb. Prind\u00ebrit dhe t\u00eb vegjlit p\u00ebrpiqen t\u00eb m\u00ebsohen me k\u00ebt\u00eb faz\u00eb t\u00eb re dhe t\u00eb shmangin \u00e7do aksident n\u00eb k\u00ebt\u00eb pro\u00e7es! Pottiagogo u jep prind\u00ebrve kudo nj\u00eb zgjidhje t\u00eb shpejt\u00eb. Shum\u00eb i thjesht\u00eb p\u00ebr t&#8217;u p\u00ebrdorur, hapet vet\u00ebm n\u00eb 2 seconda. <\/span><\/p>\n<h3>\u00c7far\u00eb p\u00ebrmban pako Pebble Grey:<\/h3>\n<p>1 Oturak pa BPA, 100% t\u00eb ricikluesh\u00ebm, 100% i mbrojtur me teknologji antimikrobale, me p\u00ebrmasa 14.1 x 21.4 x 23.6 cm<\/p>\n<p>2 qese t\u00eb biodegradueshme.<\/p>\n<p>Pesha totale 400g<\/p>\n<h3 class=\"tw-data-text tw-text-large XcVN5d tw-ta\" dir=\"ltr\" data-placeholder=\"Translation\"><span class=\"Y2IQFc\" lang=\"sq\">Kujtes\u00eb!<\/span><\/h3>\n<p class=\"tw-data-text tw-text-large XcVN5d tw-ta\" dir=\"ltr\" data-placeholder=\"Translation\"><span class=\"Y2IQFc\" lang=\"sq\">\u00c7do Oturak vjen me 2 qese t\u00eb biodegradueshme nj\u00eb p\u00ebrdorimshe. Mos harroni t\u00eb <strong><a href=\"https:\/\/prime-distributor.al\/en\/product\/qese-te-biodegradueshme\/\">blini qese shtes\u00eb p\u00ebr Oturakun tuaj.<\/a><\/strong><\/span><\/p>","protected":false},"excerpt":{"rendered":"<h3>Oturaku i vog\u00ebl q\u00eb mund t\u00eb merret kudo<\/h3>\n<p id=\"tw-target-text\" class=\"tw-data-text tw-text-large XcVN5d tw-ta\" dir=\"ltr\" data-placeholder=\"Translation\"><span class=\"Y2IQFc\" lang=\"sq\">Absolutisht produkt i mahnitsh\u00ebm, ju duhet ky oturak udh\u00ebtimi, jua b\u00ebn jet\u00ebn m\u00eb t\u00eb leht\u00eb!<\/span><\/p>\n<p class=\"tw-data-text tw-text-large XcVN5d tw-ta\" dir=\"ltr\" data-placeholder=\"Translation\"><span class=\"Y2IQFc\" lang=\"sq\">Ah, gjithashtu kujdeseni p\u00ebr natyr\u00ebn.\u00a0<\/span><\/p>","protected":false},"featured_media":2561,"template":"","meta":{"_acf_changed":false,"inline_featured_image":false},"product_brand":[],"product_cat":[502],"product_tag":[645],"class_list":{"0":"post-2509","1":"product","2":"type-product","3":"status-publish","4":"has-post-thumbnail","6":"product_cat-maud-n-lil","7":"product_tag-pottiagogo","8":"wpisset-post","9":"wpisset-post-featured","10":"wpisset-woo-has-gallery","12":"first","13":"outofstock","14":"shipping-taxable","15":"purchasable","16":"product-type-simple"},"acf":[],"_links":{"self":[{"href":"https:\/\/prime-distributor.al\/en\/wp-json\/wp\/v2\/product\/2509","targetHints":{"allow":["GET"]}}],"collection":[{"href":"https:\/\/prime-distributor.al\/en\/wp-json\/wp\/v2\/product"}],"about":[{"href":"https:\/\/prime-distributor.al\/en\/wp-json\/wp\/v2\/types\/product"}],"wp:featuredmedia":[{"embeddable":true,"href":"https:\/\/prime-distributor.al\/en\/wp-json\/wp\/v2\/media\/2561"}],"wp:attachment":[{"href":"https:\/\/prime-distributor.al\/en\/wp-json\/wp\/v2\/media?parent=2509"}],"wp:term":[{"taxonomy":"product_brand","embeddable":true,"href":"https:\/\/prime-distributor.al\/en\/wp-json\/wp\/v2\/product_brand?post=2509"},{"taxonomy":"product_cat","embeddable":true,"href":"https:\/\/prime-distributor.al\/en\/wp-json\/wp\/v2\/product_cat?post=2509"},{"taxonomy":"product_tag","embeddable":true,"href":"https:\/\/prime-distributor.al\/en\/wp-json\/wp\/v2\/product_tag?post=2509"}],"curies":[{"name":"wp","href":"https:\/\/api.w.org\/{rel}","templated":true}]}}