{"id":24532,"date":"2026-01-24T21:55:20","date_gmt":"2026-01-24T21:55:20","guid":{"rendered":"https:\/\/prime-distributor.al\/?post_type=product&#038;p=24532"},"modified":"2026-03-27T14:44:36","modified_gmt":"2026-03-27T14:44:36","slug":"mini-lunch-box-feeling-peachy","status":"publish","type":"product","link":"https:\/\/prime-distributor.al\/en\/product\/mini-lunch-box-feeling-peachy\/","title":{"rendered":"Mini Lunch Box &#8211; Feeling Peachy"},"content":{"rendered":"<h3>Mini Lunch Box Feeling Peachy<\/h3>\n<p><em>Kuti e madh\u00ebsis\u00eb s\u00eb snacks:<\/em> Hiqni qeset plastike dhe n\u00eb vend t\u00eb k\u00ebsaj, leht\u00ebsoni koh\u00ebn e ushqimit me kutin\u00eb ton\u00eb t\u00eb ushqimit me dy ndarje t\u00eb rip\u00ebrdorshme, perfekte p\u00ebr porcione m\u00eb t\u00eb vogla nd\u00ebrsa jeni n\u00eb l\u00ebvizje.<\/p>\n<p><em>P\u00ebrshtatet me nj\u00eb frut t\u00eb t\u00ebr\u00eb:<\/em> Mbulesa unike silikoni shtrihet n\u00eb m\u00ebnyr\u00eb q\u00eb t\u00eb mund t\u00eb vendosni nj\u00eb frut t\u00eb plot\u00eb. Nuk ka nevoj\u00eb t\u00eb cop\u00ebtoni frutat dhe t&#8217;i merrni ato t\u00eb mavijosura me kalimin e dit\u00ebs!<\/p>\n<p><em>Kuti ushqimi e gjithanshme:<\/em> Vula e silikonit do t\u00eb thot\u00eb q\u00eb ju mund ta p\u00ebrdorni me ushqime t\u00eb l\u00ebngshme si kos, salca, re\u00e7el dhe m\u00eb shum\u00eb. \u00cbsht\u00eb gjithashtu e sigurt n\u00eb ngrirje p\u00ebr p\u00ebrgatitjen e leht\u00eb t\u00eb ushqimit dhe e sigurt n\u00eb mikroval\u00eb p\u00ebr m\u00eb shum\u00eb opsione t\u00eb lehta ushqimi.<\/p>\n<h4>Detaje:<\/h4>\n<ul>\n<li>4+ muaj<\/li>\n<li>Vula fleksib\u00ebl prej silikoni shtrihet p\u00ebr t&#8217;iu p\u00ebrshtatur frutave t\u00eb plota<span class=\"Apple-converted-space\">\u00a0<\/span><\/li>\n<li>2 ndarje jan\u00eb t\u00eb pap\u00ebrshkueshme nga rrjedhjet, duke siguruar ushqime si kos ose ushqime jo t\u00eb l\u00ebngshme<span class=\"Apple-converted-space\">\u00a0<\/span><\/li>\n<li>Kapak i leht\u00eb p\u00ebr tu hapur p\u00ebr t\u00eb inkurajuar pavar\u00ebsin\u00eb tek f\u00ebmij\u00ebt<\/li>\n<li>Kapaku \u00ebsht\u00eb i l\u00ebvizsh\u00ebm dhe qoshet e rrumbullakosura e b\u00ebjn\u00eb pastrimin t\u00eb leht\u00eb<\/li>\n<li>E sigurt n\u00eb frigorifer dhe mikroval\u00eb<\/li>\n<li>P\u00ebrmasat: 11cm x 16.5 cm x 10 cm<\/li>\n<li>E sigurt n\u00eb lavastovilje (raft i sip\u00ebrm)<\/li>\n<li>Pa BPA, PVC dhe Ftalate<\/li>\n<\/ul>\n<p>&nbsp;<\/p>\n<p><strong>PARALAJM\u00cbRIM!<\/strong> P\u00ebrdoreni gjithmon\u00eb k\u00ebt\u00eb produkt me mbik\u00ebqyrjen e t\u00eb rriturve. Para \u00e7do p\u00ebrdorimi, inspektoni produktin. Hidheni n\u00eb shenj\u00ebn e par\u00eb t\u00eb d\u00ebmtimit. Kontrolloni gjithmon\u00eb temperatur\u00ebn e ushqimit p\u00ebrpara se t\u00eb ushqeni.<\/p>\n<p><em>Udh\u00ebzime p\u00ebr p\u00ebrdorim:<\/em> Para p\u00ebrdorimit t\u00eb par\u00eb, pastroni produktin. Ndani t\u00eb gjitha pjes\u00ebt para pastrimit. Lani me dor\u00eb n\u00eb uj\u00eb t\u00eb ngroht\u00eb me l\u00ebng p\u00ebr larjen e en\u00ebve dhe shp\u00eblajeni t\u00ebr\u00ebsisht. E p\u00ebrshtatshme p\u00ebr lavastovilje (vet\u00ebm rafti i sip\u00ebrm). Mos p\u00ebrdorni agjent\u00eb g\u00ebrryes. Sigurohuni q\u00eb t\u00eb gjitha pjes\u00ebt t\u00eb jen\u00eb t\u00eb vendosura p\u00ebrpara ruajtjes dhe rimontimit. Mbajini pjes\u00ebt larg rrezeve t\u00eb diellit direkte ose burimeve t\u00eb nxeht\u00ebsis\u00eb direkte, pasi kjo mund t\u00eb dob\u00ebsoj\u00eb produktin. Mos e vendosni produktin n\u00eb nj\u00eb furr\u00eb tradicionale. Disa ushqime mund ta zbardhin k\u00ebt\u00eb produkt. Kjo nuk do t\u00eb ndikoj\u00eb n\u00eb performanc\u00eb. B\u00ebr\u00eb nga PP dhe silikoni.<\/p>","protected":false},"excerpt":{"rendered":"<p>Jeni n\u00eb k\u00ebrkim t\u00eb nj\u00eb snackbox-i ideal? B.box ka menduar edhe p\u00ebr k\u00ebt\u00eb\u2026<\/p>\n<p>Hiqni qeset plastike dhe n\u00eb vend t\u00eb k\u00ebsaj, leht\u00ebsoni koh\u00ebn e ushqimit me kutin\u00eb ton\u00eb t\u00eb ushqimit me dy ndarje t\u00eb rip\u00ebrdorshme, perfekte p\u00ebr porcione m\u00eb t\u00eb vogla nd\u00ebrsa jeni n\u00eb l\u00ebvizje.<\/p>","protected":false},"featured_media":24547,"template":"","meta":{"_acf_changed":false,"inline_featured_image":false},"product_brand":[],"product_cat":[1014],"product_tag":[],"class_list":{"0":"post-24532","1":"product","2":"type-product","3":"status-publish","4":"has-post-thumbnail","6":"product_cat-bbox","7":"wpisset-post","8":"wpisset-post-featured","9":"wpisset-woo-has-gallery","11":"first","12":"instock","13":"shipping-taxable","14":"purchasable","15":"product-type-simple"},"acf":[],"_links":{"self":[{"href":"https:\/\/prime-distributor.al\/en\/wp-json\/wp\/v2\/product\/24532","targetHints":{"allow":["GET"]}}],"collection":[{"href":"https:\/\/prime-distributor.al\/en\/wp-json\/wp\/v2\/product"}],"about":[{"href":"https:\/\/prime-distributor.al\/en\/wp-json\/wp\/v2\/types\/product"}],"wp:featuredmedia":[{"embeddable":true,"href":"https:\/\/prime-distributor.al\/en\/wp-json\/wp\/v2\/media\/24547"}],"wp:attachment":[{"href":"https:\/\/prime-distributor.al\/en\/wp-json\/wp\/v2\/media?parent=24532"}],"wp:term":[{"taxonomy":"product_brand","embeddable":true,"href":"https:\/\/prime-distributor.al\/en\/wp-json\/wp\/v2\/product_brand?post=24532"},{"taxonomy":"product_cat","embeddable":true,"href":"https:\/\/prime-distributor.al\/en\/wp-json\/wp\/v2\/product_cat?post=24532"},{"taxonomy":"product_tag","embeddable":true,"href":"https:\/\/prime-distributor.al\/en\/wp-json\/wp\/v2\/product_tag?post=24532"}],"curies":[{"name":"wp","href":"https:\/\/api.w.org\/{rel}","templated":true}]}}