{"id":2333,"date":"2022-03-29T09:43:34","date_gmt":"2022-03-29T09:43:34","guid":{"rendered":"https:\/\/prime-distributor.al\/?post_type=product&#038;p=2333"},"modified":"2026-04-02T08:40:20","modified_gmt":"2026-04-02T08:40:20","slug":"furce-dhembesh-ivory-desert","status":"publish","type":"product","link":"https:\/\/prime-distributor.al\/en\/product\/furce-dhembesh-ivory-desert\/","title":{"rendered":"Fur\u00e7\u00eb Dh\u00ebmb\u00ebsh"},"content":{"rendered":"<p>NFco. Fur\u00e7\u00eb Dh\u00ebmb\u00ebsh<\/p>\n<p>Fur\u00e7a e dh\u00ebmb\u00ebve NFco Bio \u00ebsht\u00eb e biodegradueshme s\u00eb bashku me paketimin e saj.<br \/>\nDoreza \u00ebsht\u00eb b\u00ebr\u00eb nga niseshte misri pa-OMGJ me fije najloni t\u00eb cilat jan\u00eb pa BPA.<\/p>","protected":false},"excerpt":{"rendered":"<p>Fur\u00e7a e dh\u00ebmb\u00ebve NFco Bio \u00ebsht\u00eb e biodegradueshme s\u00eb bashku me paketimin e saj.<\/p>","protected":false},"featured_media":6171,"template":"","meta":{"_acf_changed":false,"inline_featured_image":false},"product_brand":[],"product_cat":[50],"product_tag":[143],"class_list":{"0":"post-2333","1":"product","2":"type-product","3":"status-publish","4":"has-post-thumbnail","6":"product_cat-jack-njill","7":"product_tag-nfco","8":"wpisset-post","9":"wpisset-post-featured","10":"wpisset-woo-has-gallery","12":"first","13":"instock","14":"shipping-taxable","15":"purchasable","16":"product-type-simple"},"acf":[],"_links":{"self":[{"href":"https:\/\/prime-distributor.al\/en\/wp-json\/wp\/v2\/product\/2333","targetHints":{"allow":["GET"]}}],"collection":[{"href":"https:\/\/prime-distributor.al\/en\/wp-json\/wp\/v2\/product"}],"about":[{"href":"https:\/\/prime-distributor.al\/en\/wp-json\/wp\/v2\/types\/product"}],"wp:featuredmedia":[{"embeddable":true,"href":"https:\/\/prime-distributor.al\/en\/wp-json\/wp\/v2\/media\/6171"}],"wp:attachment":[{"href":"https:\/\/prime-distributor.al\/en\/wp-json\/wp\/v2\/media?parent=2333"}],"wp:term":[{"taxonomy":"product_brand","embeddable":true,"href":"https:\/\/prime-distributor.al\/en\/wp-json\/wp\/v2\/product_brand?post=2333"},{"taxonomy":"product_cat","embeddable":true,"href":"https:\/\/prime-distributor.al\/en\/wp-json\/wp\/v2\/product_cat?post=2333"},{"taxonomy":"product_tag","embeddable":true,"href":"https:\/\/prime-distributor.al\/en\/wp-json\/wp\/v2\/product_tag?post=2333"}],"curies":[{"name":"wp","href":"https:\/\/api.w.org\/{rel}","templated":true}]}}