{"id":23235,"date":"2025-11-04T12:59:27","date_gmt":"2025-11-04T12:59:27","guid":{"rendered":"https:\/\/prime-distributor.al\/?post_type=product&#038;p=23235"},"modified":"2026-03-31T11:16:34","modified_gmt":"2026-03-31T11:16:34","slug":"sonik-pro-rechargeable-evolutive-toothbrush-0-6-years","status":"publish","type":"product","link":"https:\/\/prime-distributor.al\/en\/product\/sonik-pro-rechargeable-evolutive-toothbrush-0-6-years\/","title":{"rendered":"S\u00f6nik Pro &#8211; Rechargeable Evolutive Toothbrush 0-6 Years"},"content":{"rendered":"<p><b>S\u00f6nik Pro \u2013 Fur\u00e7a sonike 4-faz\u00ebshe q\u00eb rritet bashk\u00eb me f\u00ebmij\u00ebn tuaj<\/b><b><\/b><\/p>\n<p><b>P\u00ebrshkrimi i produktit<\/b><b><\/b><\/p>\n<p><b>S\u00f6nik Pro<\/b> \u00ebsht\u00eb nj\u00eb fur\u00e7\u00eb sonike 4-faz\u00ebshe q\u00eb p\u00ebrshtatet me nevojat e kujdesit oral t\u00eb f\u00ebmij\u00ebs tuaj, nga lindja deri n\u00eb f\u00ebmij\u00ebrin\u00eb e hershme. Krijuar p\u00ebr rehati dhe efikasitet, ajo p\u00ebrfshin <b>3 modalitete pastrimi<\/b>, <b>koka fur\u00e7e t\u00eb z\u00ebvend\u00ebsueshme me fije ultra t\u00eb buta<\/b> dhe <b>drit\u00eb t\u00eb integruar LED<\/b> q\u00eb ndihmon n\u00eb zhvillimin e zakoneve t\u00eb sh\u00ebndetshme t\u00eb higjien\u00ebs orale q\u00eb nga dita e par\u00eb.<\/p>\n<p><b>P\u00ebrshtatet me \u00e7do faz\u00eb t\u00eb kujdesit oral<\/b><b><\/b><\/p>\n<p>Me deri n\u00eb <b>24,000 vibrime n\u00eb minut\u00eb<\/b>, <b>S\u00f6nik Pro<\/b> largon pllak\u00ebn bakteriale duke mbrojtur mishrat e ndjesh\u00ebm. Dizajni i saj <b>ergonomik dhe kompakt<\/b> e b\u00ebn pastrimin m\u00eb t\u00eb leht\u00eb si p\u00ebr prind\u00ebrit ashtu edhe p\u00ebr f\u00ebmij\u00ebt e vegj\u00ebl.<\/p>\n<p><b>Pse t\u00eb zgjidhni S\u00f6nik Pro<\/b><b><\/b><\/p>\n<p><b>3 modalitete inteligjente:<\/b><b><\/b><\/p>\n<p>\u2022<b>Modaliteti 1:<\/b> Drit\u00eb LED e bardh\u00eb q\u00eb pulson, pa vibrim \u2013 p\u00ebr inspektimin nga prindi.<\/p>\n<p>\u2022<b>Modaliteti 2:<\/b> Vibrim i fort\u00eb + LED e bardh\u00eb q\u00eb pulson \u2013 p\u00ebr pastrim t\u00eb thell\u00eb.<\/p>\n<p>\u2022<b>Modaliteti 3:<\/b> Vibrim i but\u00eb + LED me ngjyr\u00eb t\u00eb q\u00ebndrueshme \u2013 p\u00ebr pastrimin e p\u00ebrditsh\u00ebm arg\u00ebtues.<\/p>\n<p><b>Karakteristika t\u00eb tjera kryesore:<\/b><b><\/b><\/p>\n<p>\u2022Koka fur\u00e7e t\u00eb buta dhe t\u00eb z\u00ebvend\u00ebsueshme<\/p>\n<p>\u2022<b>Jet\u00ebgjat\u00ebsi baterie deri n\u00eb 60 dit\u00eb<\/b><b><\/b><\/p>\n<p>\u2022<b>Fikje automatike pas 2 minutash<\/b> + <b>kujtes\u00eb \u00e7do 30 sekonda<\/b><b><\/b><\/p>\n<p>\u2022<b>Karikim magnetik USB (karikim i plot\u00eb p\u00ebr 4 or\u00eb)<\/b><b><\/b><\/p>\n<p>\u2022<b>Rezistente ndaj ujit (IPX7)<\/b> \u2013 e sigurt n\u00eb mjedise t\u00eb lag\u00ebshta<\/p>\n<p>\u2022Dizajn kompakt dhe i p\u00ebrshtatsh\u00ebm p\u00ebr f\u00ebmij\u00eb<\/p>\n<p><b>P\u00ebrmbajtja e paketimit<\/b><b><\/b><\/p>\n<p>\u20221 fur\u00e7\u00eb dh\u00ebmb\u00ebsh <b>S\u00f6nik Pro<\/b><b><\/b><\/p>\n<p>\u20221 kabllo karikimi magnetik USB<\/p>\n<p>\u20221 kok\u00eb fur\u00e7e p\u00ebr <b>0\u20136 muaj<\/b><b><\/b><\/p>\n<p>\u20221 kok\u00eb fur\u00e7e p\u00ebr <b>6\u201318 muaj<\/b><b><\/b><\/p>\n<p>\u20221 kok\u00eb fur\u00e7e p\u00ebr <b>18\u201336 muaj<\/b><b><\/b><\/p>\n<p>\u20221 udh\u00ebzues p\u00ebrdorimi<\/p>\n<p>*Koka e fur\u00e7\u00ebs p\u00ebr moshat <b>3\u20136 vje\u00e7<\/b> <em><strong>shitet ve\u00e7mas.<\/strong><\/em><\/p>\n<p><b>PARALAJM\u00cbRIME<\/b><b><\/b><\/p>\n<p>\u2022<b>S\u00f6nik Pro<\/b> mund t\u00eb p\u00ebrdoret nga f\u00ebmij\u00ebt dhe individ\u00ebt me p\u00ebrvoj\u00eb t\u00eb kufizuar <b>vet\u00ebm n\u00ebn mbik\u00ebqyrjen e nj\u00eb personi p\u00ebrgjegj\u00ebs p\u00ebr sigurin\u00eb e tyre.<\/b><b><\/b><\/p>\n<p>\u2022F\u00ebmij\u00ebt <b>nuk duhet t\u00eb luajn\u00eb<\/b>, t\u00eb pastrojn\u00eb apo t\u00eb riparojn\u00eb <b>S\u00f6nik Pro<\/b>.<\/p>\n<p>\u2022<b>Mos e modifikoni<\/b> pajisjen n\u00eb asnj\u00eb m\u00ebnyr\u00eb tjet\u00ebr p\u00ebrve\u00e7 nd\u00ebrrimit t\u00eb kok\u00ebs s\u00eb fur\u00e7\u00ebs.<\/p>\n<p>\u2022<b>Mos e riparoni vet\u00eb<\/b> pajisjen.<\/p>\n<p>\u2022<b>Mos e pastroni<\/b> kok\u00ebn e fur\u00e7\u00ebs, dorez\u00ebn ose karikuesin n\u00eb lavastovilje.<\/p>\n<p>\u2022Ky produkt \u00ebsht\u00eb i destinuar <b>vet\u00ebm p\u00ebr pastrimin e dh\u00ebmb\u00ebve, mishrave dhe gjuh\u00ebs.<\/b> Mos e p\u00ebrdorni p\u00ebr q\u00ebllime t\u00eb tjera.<\/p>\n<p>\u2022<b>Nd\u00ebrpriteni p\u00ebrdorimin<\/b> dhe konsultohuni me mjekun n\u00ebse ndieni dhimbje ose parehati gjat\u00eb p\u00ebrdorimit.<\/p>\n<p>&nbsp;<\/p>\n<p><b>PASTRIMI DHE MIR\u00cbMBAJTJA<\/b><b><\/b><\/p>\n<p>\u2022Mos e ekspozoni <b>S\u00f6nik Pro<\/b> direkt n\u00eb diell apo n\u00eb temperatura t\u00eb larta.<\/p>\n<p>\u2022Mos e zhytni produktin n\u00eb uj\u00eb p\u00ebr periudha t\u00eb gjata.<\/p>\n<p>\u2022Pastroni <b>dorez\u00ebn dhe kok\u00ebn e fur\u00e7\u00ebs<\/b> ve\u00e7mas dhe thani ato p\u00ebrpara se t\u2019i ribashkoni.<\/p>\n<p>\u2022Nd\u00ebrpriteni p\u00ebrdorimin e nj\u00eb koke fur\u00e7e <b>n\u00ebse fijet jan\u00eb shtypur ose t\u00eb p\u00ebrkulura.<\/b><b><\/b><\/p>\n<p>\u2022<b>Nd\u00ebrroni kok\u00ebn e fur\u00e7\u00ebs \u00e7do 3 muaj<\/b>, ose m\u00eb her\u00ebt n\u00ebse v\u00ebreni shenja konsumimi.<\/p>\n<p>&nbsp;<\/p>","protected":false},"excerpt":{"rendered":"<h1 class=\"product-detail__title small-title\">S\u00f6nik Pro<\/h1>\n<p><b>S\u00f6nik Pro<\/b> \u00ebsht\u00eb nj\u00eb fur\u00e7\u00eb sonike 4-faz\u00ebshe q\u00eb p\u00ebrshtatet me nevojat e kujdesit oral t\u00eb f\u00ebmij\u00ebs tuaj, nga lindja deri n\u00eb f\u00ebmij\u00ebrin\u00eb e hershme<\/p>","protected":false},"featured_media":23292,"template":"","meta":{"_acf_changed":false,"inline_featured_image":false},"product_brand":[],"product_cat":[34],"product_tag":[535],"class_list":{"0":"post-23235","1":"product","2":"type-product","3":"status-publish","4":"has-post-thumbnail","6":"product_cat-bbluv","7":"product_tag-bbluv","8":"wpisset-post","9":"wpisset-post-featured","10":"wpisset-woo-has-gallery","12":"first","13":"instock","14":"shipping-taxable","15":"purchasable","16":"product-type-simple"},"acf":[],"_links":{"self":[{"href":"https:\/\/prime-distributor.al\/en\/wp-json\/wp\/v2\/product\/23235","targetHints":{"allow":["GET"]}}],"collection":[{"href":"https:\/\/prime-distributor.al\/en\/wp-json\/wp\/v2\/product"}],"about":[{"href":"https:\/\/prime-distributor.al\/en\/wp-json\/wp\/v2\/types\/product"}],"wp:featuredmedia":[{"embeddable":true,"href":"https:\/\/prime-distributor.al\/en\/wp-json\/wp\/v2\/media\/23292"}],"wp:attachment":[{"href":"https:\/\/prime-distributor.al\/en\/wp-json\/wp\/v2\/media?parent=23235"}],"wp:term":[{"taxonomy":"product_brand","embeddable":true,"href":"https:\/\/prime-distributor.al\/en\/wp-json\/wp\/v2\/product_brand?post=23235"},{"taxonomy":"product_cat","embeddable":true,"href":"https:\/\/prime-distributor.al\/en\/wp-json\/wp\/v2\/product_cat?post=23235"},{"taxonomy":"product_tag","embeddable":true,"href":"https:\/\/prime-distributor.al\/en\/wp-json\/wp\/v2\/product_tag?post=23235"}],"curies":[{"name":"wp","href":"https:\/\/api.w.org\/{rel}","templated":true}]}}