{"id":2285,"date":"2022-03-29T09:43:12","date_gmt":"2022-03-29T09:43:12","guid":{"rendered":"https:\/\/prime-distributor.al\/?post_type=product&#038;p=2285"},"modified":"2026-01-03T15:50:30","modified_gmt":"2026-01-03T15:50:30","slug":"flat-face-teether","status":"publish","type":"product","link":"https:\/\/prime-distributor.al\/en\/product\/flat-face-teether\/","title":{"rendered":"Flat Face Teether"},"content":{"rendered":"<h2>Matchstick Monkey &#8211; Flat face<\/h2>\n<p><span class=\"Y2IQFc\" lang=\"sq\">Arg\u00ebtues, fleksib\u00ebl n\u00eb madh\u00ebsi perfekte p\u00ebr duart e vogla!<\/span><\/p>\n<p>Nj\u00eb lod\u00ebr e but\u00eb dhe me tekstura t\u00eb ndryshme q\u00eb ndihmon n\u00eb masazhimin e mishrave t\u00eb dh\u00ebmb\u00ebve, duke leht\u00ebsuar dhimbjen.<br \/>\nDizajn i leht\u00eb, ergonomik p\u00ebr foshnjat, mund t\u00eb p\u00ebrdoren nga nj\u00eb mosh\u00eb shum\u00eb e re.<br \/>\nNdihmon n\u00eb qet\u00ebsimin e mishrave t\u00eb dh\u00ebmb\u00ebve nd\u00ebrsa f\u00ebmija juaj e kafshon.<\/p>\n<p><span class=\"Y2IQFc\" lang=\"sq\">Gungat e strukturuara tek lodrat Matchstick Monkey ndihmojn\u00eb n\u00eb aplikimin e <a href=\"https:\/\/prime-distributor.al\/en\/product\/xhel-qetesues-per-mishrat-e-dhembeve\/\">xhelave qet\u00ebsuese<\/a>\u00a0n\u00eb pikat e duhura, pa p\u00ebrdorur gishtat e n\u00ebn\u00ebs.<\/span><\/p>\n<div class=\"page\" title=\"Page 19\">\n<div class=\"layoutArea\">\n<div class=\"column\">\n<h3>Lod\u00ebr dh\u00ebmb\u00ebzimi e shesht\u00eb (flat face)<\/h3>\n<\/div>\n<\/div>\n<\/div>\n<div class=\"page\" title=\"Page 19\">\n<div class=\"layoutArea\">\n<div class=\"column\">\n<ul>\n<li>E leht\u00eb dhe praktike p\u00ebr t\u2019u mbajtur nga duart e vogla, duke ndihmuar n\u00eb zhvillimin e aft\u00ebsive motorike q\u00eb n\u00eb mosh\u00eb t\u00eb hershme<\/li>\n<li>Tekstur\u00eb e ndryshme p\u00ebr t\u00eb qet\u00ebsuar mishrat e dh\u00ebmb\u00ebve t\u00eb irrituar<\/li>\n<li>Mbrojtje e shtuar Antibakteriale BioCote\u00ae, e cila siguron reduktimit t\u00eb mikrobeve n\u00eb sip\u00ebrfaqen e produktit, duke e b\u00ebr\u00eb at\u00eb m\u00eb t\u00eb sigurt\u00eb dhe m\u00eb t\u00eb past\u00ebr se \u00e7do dh\u00ebmb\u00ebzues tjet\u00ebr<\/li>\n<li>Pa BPA, jo toksike dhe miq\u00ebsore me mjedisin<\/li>\n<li>E sigurt\u00eb n\u00eb lavastovilje dhe frigorifer<\/li>\n<li>E p\u00ebrshtatshme p\u00ebr sterilizim me avull dhe uj\u00eb t\u00eb ftoht\u00eb<\/li>\n<li>Lart\u00ebsia: 8 cm<\/li>\n<\/ul>\n<\/div>\n<\/div>\n<\/div>\n<h3>P\u00ebrkujdesja<\/h3>\n<p>Mund t\u00eb lahet n\u00eb lavastovilje dhe t\u00eb ftohet n\u00eb frigorifer.<\/p>\n<p id=\"tw-target-text\" class=\"tw-data-text tw-text-large XcVN5d tw-ta\" dir=\"ltr\" data-placeholder=\"Translation\"><span class=\"Y2IQFc\" lang=\"sq\">Lodrat tona Origjinale t\u00eb Dh\u00ebmb\u00ebzimit vijn\u00eb n\u00eb shum\u00eb ngjyra arg\u00ebtuese!<\/span><\/p>\n<p>&nbsp;<\/p>","protected":false},"excerpt":{"rendered":"<h3>Lodra m\u00eb e sigurt\u00eb p\u00ebr dh\u00ebmb\u00ebzimin<\/h3>\n<p>Nj\u00eb lod\u00ebr e but\u00eb me tekstura t\u00eb ndryshme q\u00eb ndihmon n\u00eb masazhimin e mishrave t\u00eb dh\u00ebmb\u00ebve, duke leht\u00ebsuar dhimbjen.<\/p>","protected":false},"featured_media":2315,"template":"","meta":{"_acf_changed":false,"inline_featured_image":false},"product_brand":[],"product_cat":[42],"product_tag":[621],"class_list":{"0":"post-2285","1":"product","2":"type-product","3":"status-publish","4":"has-post-thumbnail","6":"product_cat-matchstick-monkey","7":"product_tag-matchstick-monkey","8":"wpisset-post","9":"wpisset-post-featured","10":"wpisset-woo-has-gallery","12":"first","13":"instock","14":"shipping-taxable","15":"purchasable","16":"product-type-variable"},"acf":[],"_links":{"self":[{"href":"https:\/\/prime-distributor.al\/en\/wp-json\/wp\/v2\/product\/2285","targetHints":{"allow":["GET"]}}],"collection":[{"href":"https:\/\/prime-distributor.al\/en\/wp-json\/wp\/v2\/product"}],"about":[{"href":"https:\/\/prime-distributor.al\/en\/wp-json\/wp\/v2\/types\/product"}],"wp:featuredmedia":[{"embeddable":true,"href":"https:\/\/prime-distributor.al\/en\/wp-json\/wp\/v2\/media\/2315"}],"wp:attachment":[{"href":"https:\/\/prime-distributor.al\/en\/wp-json\/wp\/v2\/media?parent=2285"}],"wp:term":[{"taxonomy":"product_brand","embeddable":true,"href":"https:\/\/prime-distributor.al\/en\/wp-json\/wp\/v2\/product_brand?post=2285"},{"taxonomy":"product_cat","embeddable":true,"href":"https:\/\/prime-distributor.al\/en\/wp-json\/wp\/v2\/product_cat?post=2285"},{"taxonomy":"product_tag","embeddable":true,"href":"https:\/\/prime-distributor.al\/en\/wp-json\/wp\/v2\/product_tag?post=2285"}],"curies":[{"name":"wp","href":"https:\/\/api.w.org\/{rel}","templated":true}]}}