{"id":22636,"date":"2025-09-23T12:13:41","date_gmt":"2025-09-23T12:13:41","guid":{"rendered":"https:\/\/prime-distributor.al\/?post_type=product&#038;p=22636"},"modified":"2026-02-12T08:11:22","modified_gmt":"2026-02-12T08:11:22","slug":"happy-nappy-cream-50ml","status":"publish","type":"product","link":"https:\/\/prime-distributor.al\/en\/product\/happy-nappy-cream-50ml\/","title":{"rendered":"Happy Nappy Cream 50ml"},"content":{"rendered":"<h2>Kokoso Baby\u00ae \u2013 Vaj Organik Kokosi<\/h2>\n<p>Mbajeni l\u00ebkur\u00ebn delikate t\u00eb f\u00ebmij\u00ebs suaj, t\u00eb hidratuar me vajin organik t\u00eb Kokoso Baby\u00ae<\/p>\n<h3>Karakteristikat:<\/h3>\n<ul>\n<li>Vaji organik i kokosit i shtypur n\u00eb t\u00eb ftoht\u00eb, i virgj\u00ebr dhe i pap\u00ebrpunuar me cil\u00ebsin\u00eb m\u00eb t\u00eb lart\u00eb<\/li>\n<li>Organik i \u00e7ertifikuar nga Bioagricert<\/li>\n<li>Ultra i leht\u00eb dhe jo i yndyrsh\u00ebm p\u00ebr t\u00eb mbajtur l\u00ebkur\u00ebn t\u00eb but\u00eb<\/li>\n<li>P\u00ebrmban veti natyrore anti-inflamatore, antibakteriale dhe antimikrobike<\/li>\n<li>Testuar dermatologjikisht. I sigurt nga <strong><em>t\u00eb porsalindurit e lart<\/em><\/strong><\/li>\n<li>I p\u00ebrshtatsh\u00ebm p\u00ebr l\u00ebkur\u00eb t\u00eb ndjeshme dhe l\u00ebkur\u00eb t\u00eb prirur p\u00ebr ekzem\u00eb<\/li>\n<li>Kavanoz i sigurt p\u00ebr f\u00ebmij\u00eb, i leht\u00eb dhe i ricikluesh\u00ebm pa BPA<\/li>\n<li>Prodhuar n\u00eb m\u00ebnyr\u00eb etike, miq\u00ebsore p\u00ebr vegan\u00ebt dhe pa mizori<\/li>\n<li>Mir\u00ebsia natyrore e <em><strong>3 arrave t\u00eb kokosit<\/strong><\/em> n\u00eb \u00e7do kavanoz <strong><em>168g<\/em><\/strong><\/li>\n<\/ul>\n<h3>Si p\u00ebrdoret:<\/h3>\n<p>Vaji i kokosit \u00ebsht\u00eb i ngurt\u00eb n\u00eb temperatur\u00ebn e dhom\u00ebs por n\u00eb m\u00ebnyr\u00eb magjike shkrihet n\u00eb ngroht\u00ebsin\u00eb e duarve tuaja. Merrni pak nga vaji i ngurt\u00eb dhe shkrijeni n\u00eb duar. Masazhojeni but\u00ebsisht n\u00eb l\u00ebkur\u00eb, skalp ose flok\u00eb. Aplikoni \u00e7do dit\u00eb pas larjes apo kurdo q\u00eb t\u00eb keni d\u00ebshir\u00eb! Mund ta p\u00ebrdorni p\u00ebr masazh, gjat\u00eb ndryshimit t\u00eb pelenave dhe sa her\u00eb q\u00eb l\u00ebkura ka nevoj\u00eb p\u00ebr kujdes. Pak vaj, mjafton!<\/p>\n<p>\u2022 Vaj masazhi<br \/>\n\u2022 Balsam p\u00ebr pelena<br \/>\n\u2022 Krem hidratues p\u00ebr trupin<br \/>\n\u2022 Vaj flok\u00ebsh<br \/>\n\u2022 Kujdesi p\u00ebr l\u00ebkur\u00ebn e kok\u00ebs<br \/>\n\u2022 Skuqjet dhe irritimet e l\u00ebkur\u00ebs<br \/>\n\u2022 L\u00ebkur\u00eb e that\u00eb<br \/>\n\u2022 L\u00ebkur\u00eb e prirur p\u00ebr ekzem\u00eb<br \/>\n\u2022 Pas ekspozimit n\u00eb diell<br \/>\n\u2022 Pastrues i l\u00ebkur\u00ebs<\/p>","protected":false},"excerpt":{"rendered":"<h3><\/h3>\n<p>Mbajeni l\u00ebkur\u00ebn delikate t\u00eb f\u00ebmij\u00ebs suaj, t\u00eb hidratuar me vajin organik t\u00eb Kokoso Baby\u00ae. I ngarkuar me l\u00ebnd\u00eb ushqyese, natyrale, qet\u00ebsuese dhe acide yndyrore q\u00eb e duan l\u00ebkur\u00ebn, ky vaj mrekullib\u00ebr\u00ebs me shum\u00eb funksione do t\u00eb kujdeset dhe mbroj\u00eb l\u00ebkur\u00ebn e familjes suaj n\u00eb shum\u00eb m\u00ebnyra t\u00eb ndryshme.<\/p>","protected":false},"featured_media":22642,"template":"","meta":{"_acf_changed":false,"inline_featured_image":false},"product_brand":[],"product_cat":[43],"product_tag":[58],"class_list":{"0":"post-22636","1":"product","2":"type-product","3":"status-publish","4":"has-post-thumbnail","6":"product_cat-kokoso-baby","7":"product_tag-kokoso","8":"wpisset-post","9":"wpisset-post-featured","10":"wpisset-woo-has-gallery","12":"first","13":"outofstock","14":"shipping-taxable","15":"purchasable","16":"product-type-simple"},"acf":[],"_links":{"self":[{"href":"https:\/\/prime-distributor.al\/en\/wp-json\/wp\/v2\/product\/22636","targetHints":{"allow":["GET"]}}],"collection":[{"href":"https:\/\/prime-distributor.al\/en\/wp-json\/wp\/v2\/product"}],"about":[{"href":"https:\/\/prime-distributor.al\/en\/wp-json\/wp\/v2\/types\/product"}],"wp:featuredmedia":[{"embeddable":true,"href":"https:\/\/prime-distributor.al\/en\/wp-json\/wp\/v2\/media\/22642"}],"wp:attachment":[{"href":"https:\/\/prime-distributor.al\/en\/wp-json\/wp\/v2\/media?parent=22636"}],"wp:term":[{"taxonomy":"product_brand","embeddable":true,"href":"https:\/\/prime-distributor.al\/en\/wp-json\/wp\/v2\/product_brand?post=22636"},{"taxonomy":"product_cat","embeddable":true,"href":"https:\/\/prime-distributor.al\/en\/wp-json\/wp\/v2\/product_cat?post=22636"},{"taxonomy":"product_tag","embeddable":true,"href":"https:\/\/prime-distributor.al\/en\/wp-json\/wp\/v2\/product_tag?post=22636"}],"curies":[{"name":"wp","href":"https:\/\/api.w.org\/{rel}","templated":true}]}}