{"id":22631,"date":"2025-09-23T11:15:13","date_gmt":"2025-09-23T11:15:13","guid":{"rendered":"https:\/\/prime-distributor.al\/?post_type=product&#038;p=22631"},"modified":"2026-04-30T10:43:09","modified_gmt":"2026-04-30T10:43:09","slug":"waterwipes-10-peceta","status":"publish","type":"product","link":"https:\/\/prime-distributor.al\/en\/product\/waterwipes-10-peceta\/","title":{"rendered":"WaterWipes &#8211; 10 peceta"},"content":{"rendered":"<p><b>E p\u00ebrshtatshme p\u00ebr t\u2019u freskuar gjat\u00eb udh\u00ebtimit.<\/b><b><\/b><\/p>\n<p>Freskim i shpejt\u00eb gjat\u00eb gjith\u00eb dit\u00ebs. E p\u00ebrshtatshme p\u00ebr t\u00eb gjitha moshat. <b>Ndihuni t\u00eb past\u00ebr dhe rehat, kudo q\u00eb jeta ju \u00e7on, me WaterWipes\u00ae On The Go. <\/b><b><\/b>Projektuar p\u00ebr ato momente kur ju nevojitet nj\u00eb freskim i shpejt\u00eb, nga pas st\u00ebrvitjes deri te udh\u00ebtimet tuaja.<\/p>\n<p>B\u00ebjini <b>WaterWipes On The Go<\/b> pjes\u00eb t\u00eb p\u00ebrditshme t\u00eb rutin\u00ebs suaj p\u00ebr t\u2019u ndier gjithmon\u00eb <b>t\u00eb past\u00ebr dhe t\u00eb fresk\u00ebt<\/b>, n\u00eb \u00e7do rast.<\/p>\n<p>\u2020\u2020\u2020Nuk p\u00ebrmban etanol.<\/p>\n<p><b>T\u00cb B\u00cbRA P\u00cbR P\u00cbRDORIM JASHT\u00cb SHT\u00cbPIS\u00cb:<\/b><b><\/b><\/p>\n<p>T\u00eb krijuara p\u00ebr t\u00eb <b>pastruar dhe mbrojtur but\u00ebsisht l\u00ebkur\u00ebn<\/b>, k\u00ebto <b>peceta Sensitive+ On-The-Go<\/b>, pa arom\u00eb, p\u00ebrmbajn\u00eb vet\u00ebm <b>dy p\u00ebrb\u00ebr\u00ebs<\/b> \u2013 <b>99.9% uj\u00eb <\/b>dhe <b>nj\u00eb pik\u00eb ekstrakt fruti.<\/b><b><\/b><\/p>\n<p>Ideale p\u00ebr <b>pastrime t\u00eb vogla<\/b> dhe p\u00ebr <b>freskimin e l\u00ebkur\u00ebs gjat\u00eb dit\u00ebs<\/b>, k\u00ebto <b>peceta <\/b>jan\u00eb nj\u00eb <b>mjet i domosdosh\u00ebm i p\u00ebrditsh\u00ebm.<\/b><b><\/b><\/p>\n<p>&nbsp;<\/p>\n<p><b>3 N\u00cb 1 \u2013 P\u00cbR KUJDESIN E L\u00cbKUR\u00cbS:<\/b><b><\/b><\/p>\n<p>T\u00eb b\u00ebra me <b>minimum p\u00ebrb\u00ebr\u00ebsish<\/b>, me <b>pH neutral<\/b>, q\u00eb ndihmon n\u00eb <b>mbrojtjen e l\u00ebkur\u00ebs.<\/b><b><\/b><\/p>\n<p>Kjo i b\u00ebn perfekte p\u00ebr <b>pastrimin e papast\u00ebrtive t\u00eb vogla, freskimin e l\u00ebkur\u00ebs dhe udh\u00ebtimet.<\/b><b><\/b><\/p>\n<p><b>2 HER\u00cb M\u00cb T\u00cb FORTA:<\/b><b><\/b><\/p>\n<p>Tani t\u00eb p\u00ebrmir\u00ebsuara p\u00ebr m\u00eb shum\u00eb shum\u00ebp\u00ebrdorimshm\u00ebri \u2013 <b>WaterWipes<\/b> jan\u00eb <b>m\u00eb t\u00eb trasha, m\u00eb t\u00eb buta dhe 2 her\u00eb m\u00eb t\u00eb forta<\/b>, p\u00ebr t\u00eb p\u00ebrballuar m\u00eb mir\u00eb ndotjet e v\u00ebshtira, duke ruajtur t\u00eb nj\u00ebjt\u00ebn <b>past\u00ebrti t\u00eb besuar.<\/b><b><\/b><\/p>\n<p><b>FORMUL\u00cb E PAST\u00cbR DHE E BUT\u00cb:<\/b><b><\/b><\/p>\n<p>Procesi unik i <b>7 fazave t\u00eb pastrimit t\u00eb ujit<\/b> k\u00ebrkon minimum p\u00ebrb\u00ebr\u00ebsish dhe <b>0% arom\u00eb apo alkool.<\/b><b><\/b><\/p>\n<p>T\u00eb p\u00ebrshtatshme p\u00ebr l\u00ebkur\u00eb me <b>prirje ndaj ekzem\u00ebs<\/b>, <b>WaterWipes<\/b> jan\u00eb <b>t\u00eb miratuara dermatologjikisht<\/b> nga <b>Skin Health Alliance<\/b> dhe t\u00eb <b>regjistruara nga Shoqata Vegane (Vegan Society).<\/b><b><\/b><\/p>\n<p><b>TESTUAR DERMATOLOGJIKISHT P\u00cbR L\u00cbKUR\u00cb T\u00cb NDJESHME:<\/b><b><\/b><\/p>\n<p><b>Pecetat WaterWipes baby<\/b> jan\u00eb testuar dermatologjikisht dhe jan\u00eb t\u00eb p\u00ebrshtatshme p\u00ebr <b>l\u00ebkur\u00eb delikate ose me ekzem\u00eb.<\/b><b><\/b><\/p>\n<p>Formulimi i tyre i but\u00eb ndihmon n\u00eb <b>pastrimin efektiv<\/b> duke u <b>kujdesur p\u00ebr l\u00ebkur\u00ebn q\u00eb ka nevoj\u00eb p\u00ebr m\u00eb shum\u00eb but\u00ebsi.<\/b><b><\/b><\/p>\n<p>\u00c7do pako ka 10 peceta t\u00eb lagura.<\/p>\n<h4>Kujdesemi p\u00ebr natyr\u00ebn<\/h4>\n<p>Pecetat e lagura WaterWipes tani jan\u00eb gjithashtu t\u00eb BIODEGRADUESHME dhe pa plastik\u00eb.<br \/>\nAsgj\u00eb tjet\u00ebr nuk ka ndryshuar. Jan\u00eb ende pecetat m\u00eb t\u00eb pastra n\u00eb bot\u00eb, por tani jan\u00eb m\u00eb t\u00eb mira edhe p\u00ebr planetin ton\u00eb.<\/p>\n<h4>P\u00ebrb\u00ebr\u00ebsit:<\/h4>\n<p>&#8211; Uji (Aqua) 99.9%<\/p>\n<p>&#8211; Ekstrakt i far\u00ebs Citrus Grandis (grapefruit)<\/p>","protected":false},"excerpt":{"rendered":"<h3>99,9% uj\u00eb dhe nj\u00eb pik\u00eb ekstrakt frutash.<\/h3>\n<p><b>Ndihuni t\u00eb past\u00ebr dhe rehat, kudo q\u00eb jeta ju \u00e7on, me WaterWipes\u00ae On The Go.<\/b><b><\/b><\/p>\n<p>Projektuar p\u00ebr ato momente kur ju nevojitet nj\u00eb freskim i shpejt\u00eb, nga pas st\u00ebrvitjes deri te udh\u00ebtimet tuaja. Freskim i shpejt\u00eb gjat\u00eb gjith\u00eb dit\u00ebs. E p\u00ebrshtatshme p\u00ebr t\u00eb gjitha moshat.<\/p>","protected":false},"featured_media":23440,"template":"","meta":{"_acf_changed":false,"inline_featured_image":false},"product_brand":[],"product_cat":[501],"product_tag":[609],"class_list":{"0":"post-22631","1":"product","2":"type-product","3":"status-publish","4":"has-post-thumbnail","6":"product_cat-waterwipes","7":"product_tag-waterwipes","8":"wpisset-post","9":"wpisset-post-featured","11":"first","12":"instock","13":"shipping-taxable","14":"purchasable","15":"product-type-simple"},"acf":[],"_links":{"self":[{"href":"https:\/\/prime-distributor.al\/en\/wp-json\/wp\/v2\/product\/22631","targetHints":{"allow":["GET"]}}],"collection":[{"href":"https:\/\/prime-distributor.al\/en\/wp-json\/wp\/v2\/product"}],"about":[{"href":"https:\/\/prime-distributor.al\/en\/wp-json\/wp\/v2\/types\/product"}],"wp:featuredmedia":[{"embeddable":true,"href":"https:\/\/prime-distributor.al\/en\/wp-json\/wp\/v2\/media\/23440"}],"wp:attachment":[{"href":"https:\/\/prime-distributor.al\/en\/wp-json\/wp\/v2\/media?parent=22631"}],"wp:term":[{"taxonomy":"product_brand","embeddable":true,"href":"https:\/\/prime-distributor.al\/en\/wp-json\/wp\/v2\/product_brand?post=22631"},{"taxonomy":"product_cat","embeddable":true,"href":"https:\/\/prime-distributor.al\/en\/wp-json\/wp\/v2\/product_cat?post=22631"},{"taxonomy":"product_tag","embeddable":true,"href":"https:\/\/prime-distributor.al\/en\/wp-json\/wp\/v2\/product_tag?post=22631"}],"curies":[{"name":"wp","href":"https:\/\/api.w.org\/{rel}","templated":true}]}}