{"id":22599,"date":"2025-09-23T09:54:36","date_gmt":"2025-09-23T09:54:36","guid":{"rendered":"https:\/\/prime-distributor.al\/?post_type=product&#038;p=22599"},"modified":"2026-03-25T10:05:26","modified_gmt":"2026-03-25T10:05:26","slug":"waterwipes-adult-wipes-xl-30-peceta","status":"publish","type":"product","link":"https:\/\/prime-distributor.al\/en\/product\/waterwipes-adult-wipes-xl-30-peceta\/","title":{"rendered":"WaterWipes Adult Wipes XL &#8211; 30 peceta"},"content":{"rendered":"<p><b>WaterWipes Adult Care<\/b>, pa arom\u00eb dhe me tekstur\u00eb t\u00eb but\u00eb, pastrojn\u00eb, kujdesen dhe ndihmojn\u00eb n\u00eb mbrojtjen e l\u00ebkur\u00ebs s\u00eb ndjeshme fal\u00eb p\u00ebrmbajtjes s\u00eb tyre me <b>99.9% uj\u00eb <\/b>dhe nj\u00eb <b>pik\u00eb ekstrakt fruti<\/b>.<\/p>\n<p>T\u00eb b\u00ebra me <b>minimum p\u00ebrb\u00ebr\u00ebsish<\/b>, me <b>pH neutral<\/b>, q\u00eb ndihmon n\u00eb <b>mbrojtjen e barrier\u00ebs natyrale t\u00eb l\u00ebkur\u00ebs<\/b>.<\/p>\n<p>Kjo i b\u00ebn <b>WaterWipes<\/b> t\u00eb p\u00ebrshtatshme p\u00ebr <b>pastrimin e t\u00eb gjith\u00eb trupit<\/b>, p\u00ebrfshir\u00eb <b>zonat intime<\/b> dhe t\u00eb p\u00ebrshtatshme p\u00ebr <b>personat q\u00eb vuajn\u00eb nga inkontinenca<\/b>.<\/p>\n<p>Kur jeta b\u00ebhet e rr\u00ebmujshme, <b>WaterWipes<\/b> e pastron me kujdes. Ideale p\u00ebr pastrime t\u00eb vogla dhe p\u00ebr freskimin e l\u00ebkur\u00ebs gjat\u00eb dit\u00ebs, k\u00ebto peceta jan\u00eb nj\u00eb <b>produkt i domosdosh\u00ebm n\u00eb p\u00ebrditshm\u00ebrin\u00eb tuaj.<\/b><\/p>\n<p>\u00c7do pako ka 30 peceta t\u00eb lagura XL.<\/p>\n<p>*Nj\u00eb koli p\u00ebrmban 12 pako.<\/p>\n<h4>Kujdesemi p\u00ebr natyr\u00ebn<\/h4>\n<p>Pecetat e lagura WaterWipes tani jan\u00eb gjithashtu t\u00eb BIODEGRADUESHME dhe pa plastik\u00eb.<br \/>\nAsgj\u00eb tjet\u00ebr nuk ka ndryshuar. Jan\u00eb ende pecetat m\u00eb t\u00eb pastra n\u00eb bot\u00eb, por tani jan\u00eb m\u00eb t\u00eb mira edhe p\u00ebr planetin ton\u00eb.<\/p>\n<h4>P\u00ebrb\u00ebr\u00ebsit:<\/h4>\n<p>&#8211; Uji (Aqua) 99.9%<\/p>\n<p>&#8211; Ekstrakt i far\u00ebs Citrus Grandis (grapefruit)<\/p>","protected":false},"excerpt":{"rendered":"<h3 style=\"text-align: right;\">99,9% uj\u00eb dhe nj\u00eb pik\u00eb ekstrakt frutash.<\/h3>\n<p>Adult Care u krijua p\u00ebr pastrimin e <b>duarve, fytyr\u00ebs dhe trupit<\/b>, ideale p\u00ebr p\u00ebrdorim n\u00eb <b>zonat intime<\/b>, <b>larje n\u00eb shtrat, p\u00ebr ta pasur pjes\u00eb t\u00eb \u00e7ant\u00ebs s\u00eb maternitetit<\/b>\u00a0dhe p\u00ebr <b>personat q\u00eb vuajn\u00eb nga inkontinenca (humbja e kontrollit t\u00eb fshik\u00ebz\u00ebs ose pamund\u00ebsia p\u00ebr t\u00eb kontrolluar urinimin)<\/b>.<\/p>\n<p>Pecetat WaterWipes jan\u00eb m\u00eb t\u00eb pastra se pambuku dhe uji.<\/p>","protected":false},"featured_media":23334,"template":"","meta":{"_acf_changed":false,"inline_featured_image":false},"product_brand":[],"product_cat":[501],"product_tag":[609],"class_list":{"0":"post-22599","1":"product","2":"type-product","3":"status-publish","4":"has-post-thumbnail","6":"product_cat-waterwipes","7":"product_tag-waterwipes","8":"wpisset-post","9":"wpisset-post-featured","11":"first","12":"instock","13":"shipping-taxable","14":"purchasable","15":"product-type-simple"},"acf":[],"_links":{"self":[{"href":"https:\/\/prime-distributor.al\/en\/wp-json\/wp\/v2\/product\/22599","targetHints":{"allow":["GET"]}}],"collection":[{"href":"https:\/\/prime-distributor.al\/en\/wp-json\/wp\/v2\/product"}],"about":[{"href":"https:\/\/prime-distributor.al\/en\/wp-json\/wp\/v2\/types\/product"}],"wp:featuredmedia":[{"embeddable":true,"href":"https:\/\/prime-distributor.al\/en\/wp-json\/wp\/v2\/media\/23334"}],"wp:attachment":[{"href":"https:\/\/prime-distributor.al\/en\/wp-json\/wp\/v2\/media?parent=22599"}],"wp:term":[{"taxonomy":"product_brand","embeddable":true,"href":"https:\/\/prime-distributor.al\/en\/wp-json\/wp\/v2\/product_brand?post=22599"},{"taxonomy":"product_cat","embeddable":true,"href":"https:\/\/prime-distributor.al\/en\/wp-json\/wp\/v2\/product_cat?post=22599"},{"taxonomy":"product_tag","embeddable":true,"href":"https:\/\/prime-distributor.al\/en\/wp-json\/wp\/v2\/product_tag?post=22599"}],"curies":[{"name":"wp","href":"https:\/\/api.w.org\/{rel}","templated":true}]}}