{"id":22370,"date":"2025-09-06T12:07:24","date_gmt":"2025-09-06T12:07:24","guid":{"rendered":"https:\/\/prime-distributor.al\/?post_type=product&#038;p=22370"},"modified":"2025-12-15T15:33:53","modified_gmt":"2025-12-15T15:33:53","slug":"2-in-1-silicone-nightlight-flashlight","status":"publish","type":"product","link":"https:\/\/prime-distributor.al\/en\/product\/2-in-1-silicone-nightlight-flashlight\/","title":{"rendered":"2-in-1 Silicone Nightlight &#038; Flashlight"},"content":{"rendered":"<h2>2-in-1 Silicone Nightlight &amp; Flashlight<\/h2>\n<p>Drit\u00eb nate dhe elektrik dore n\u00eb nj\u00eb produkt t\u00eb vet\u00ebm. Ka ndri\u00e7im t\u00eb rregulluesh\u00ebm, me ndryshim ngjyrash dhe bateri t\u00eb rikarikueshme me USB-C. Ideale p\u00ebr f\u00ebmij\u00eb dhe udh\u00ebtime.<\/p>\n<p><b>Ko\u00f6n<\/b> \u00ebsht\u00eb nj\u00eb drit\u00eb nate dhe elektrik dore 2-n\u00eb-1, e krijuar p\u00ebr f\u00ebmij\u00eb dhe prind\u00ebr. E b\u00ebr\u00eb nga silikon i but\u00eb, ofron nj\u00eb ndri\u00e7im qet\u00ebsues me m\u00ebnyr\u00ebn e ndryshimit t\u00eb ngjyrave, ndri\u00e7im t\u00eb rregulluesh\u00ebm dhe nj\u00eb elektrik t\u00eb nd\u00ebrtuar p\u00ebr funksionalitet shtes\u00eb. Perfekte p\u00ebr rehatin\u00eb gjat\u00eb nat\u00ebs, p\u00ebr t\u00eb lexuar p\u00ebrrallat para gjumit, ushqyerjet e vona apo udh\u00ebtime, <b>Ko\u00f6n<\/b> rikarikohet me USB-C dhe ofron p\u00ebrdorim t\u00eb leht\u00eb me vet\u00ebm nj\u00eb buton. E sigurt, e leht\u00eb dhe e p\u00ebrshtatshme p\u00ebr duart e vogla, \u00ebsht\u00eb shoq\u00ebruesja e p\u00ebrsosur e nat\u00ebs.<\/p>\n<p><b>Karakteristikat:<\/b><\/p>\n<ul>\n<li>Dizajn 2-n\u00eb-1: drit\u00eb nate &amp; elektrik dore<\/li>\n<li>Material silikoni me prekje t\u00eb but\u00eb p\u00ebr ndjesi t\u00eb k\u00ebndshme<\/li>\n<li>Buton p\u00ebr ndryshim ngjyrash + ndri\u00e7im i rregulluesh\u00ebm<\/li>\n<li>Bateri e rikarikueshme me USB-C (me jet\u00ebgjat\u00ebsi t\u00eb lart\u00eb)<\/li>\n<li>E vog\u00ebl dhe e leht\u00eb: e leht\u00eb p\u00ebr t\u2019u mbajtur nga f\u00ebmij\u00ebt<\/li>\n<li>P\u00ebrdorim me nj\u00eb buton p\u00ebr kontroll t\u00eb thjesht\u00eb<\/li>\n<li>E sigurt dhe e q\u00ebndrueshme: e krijuar p\u00ebr p\u00ebrdorim t\u00eb p\u00ebrditsh\u00ebm<\/li>\n<\/ul>","protected":false},"excerpt":{"rendered":"<h2 class=\"product-detail__title small-title\">Ko\u00f6n<\/h2>\n<p>Nj\u00eb drit\u00eb nate dhe elektrik dore 2-n\u00eb-1, e krijuar p\u00ebr f\u00ebmij\u00eb dhe prind\u00ebr. Perfekte p\u00ebr rehatin\u00eb gjat\u00eb nat\u00ebs, p\u00ebr t\u00eb lexuar p\u00ebrrallat para gjumit, ushqyerjet e vona apo udh\u00ebtime.<\/p>","protected":false},"featured_media":22371,"template":"","meta":{"_acf_changed":false,"inline_featured_image":false},"product_brand":[],"product_cat":[34],"product_tag":[535],"class_list":{"0":"post-22370","1":"product","2":"type-product","3":"status-publish","4":"has-post-thumbnail","6":"product_cat-bbluv","7":"product_tag-bbluv","8":"wpisset-post","9":"wpisset-post-featured","10":"wpisset-woo-has-gallery","12":"first","13":"instock","14":"shipping-taxable","15":"purchasable","16":"product-type-simple"},"acf":[],"_links":{"self":[{"href":"https:\/\/prime-distributor.al\/en\/wp-json\/wp\/v2\/product\/22370","targetHints":{"allow":["GET"]}}],"collection":[{"href":"https:\/\/prime-distributor.al\/en\/wp-json\/wp\/v2\/product"}],"about":[{"href":"https:\/\/prime-distributor.al\/en\/wp-json\/wp\/v2\/types\/product"}],"wp:featuredmedia":[{"embeddable":true,"href":"https:\/\/prime-distributor.al\/en\/wp-json\/wp\/v2\/media\/22371"}],"wp:attachment":[{"href":"https:\/\/prime-distributor.al\/en\/wp-json\/wp\/v2\/media?parent=22370"}],"wp:term":[{"taxonomy":"product_brand","embeddable":true,"href":"https:\/\/prime-distributor.al\/en\/wp-json\/wp\/v2\/product_brand?post=22370"},{"taxonomy":"product_cat","embeddable":true,"href":"https:\/\/prime-distributor.al\/en\/wp-json\/wp\/v2\/product_cat?post=22370"},{"taxonomy":"product_tag","embeddable":true,"href":"https:\/\/prime-distributor.al\/en\/wp-json\/wp\/v2\/product_tag?post=22370"}],"curies":[{"name":"wp","href":"https:\/\/api.w.org\/{rel}","templated":true}]}}