{"id":22338,"date":"2025-09-06T10:29:58","date_gmt":"2025-09-06T10:29:58","guid":{"rendered":"https:\/\/prime-distributor.al\/?post_type=product&#038;p=22338"},"modified":"2025-11-22T10:23:36","modified_gmt":"2025-11-22T10:23:36","slug":"ezi-storage-0-muaj","status":"publish","type":"product","link":"https:\/\/prime-distributor.al\/en\/product\/ezi-storage-0-muaj\/","title":{"rendered":"Ezi Storage &#8211; 0 Muaj +"},"content":{"rendered":"<h3>\u00c7ant\u00eb organizuese p\u00ebr makin\u00eb<\/h3>\n<p>EZI STORAGE \u00ebsht\u00eb nj\u00eb \u00e7ant\u00eb organizuese p\u00ebr makin\u00ebn q\u00eb transportohet leht\u00ebsisht.<\/p>\n<p>Vendoseni n\u00eb pjes\u00ebn e pasme t\u00eb makin\u00ebs suaj, pran\u00eb f\u00ebmij\u00ebs suaj, p\u00ebrpara ose n\u00eb bagazh dhe shijoni organizim t\u00eb p\u00ebrsosur n\u00eb makin\u00ebn tuaj. Ju lejon t\u00eb keni leht\u00ebsisht n\u00eb dispozicion gjith\u00e7ka q\u00eb i nevojitet f\u00ebmij\u00ebs suaj, pelena, peceta, shishe uji etj&#8230;<\/p>\n<p>Mjaft me objekte t\u00eb shp\u00ebrndara gjat\u00eb rrug\u00ebs! Me \u00e7ant\u00ebn organizuese Ezi i keni t\u00eb gjitha n\u00eb nj\u00eb vend.<\/p>\n<p>E leht\u00eb p\u00ebr t&#8217;u transportuar, merreni kudo me vete, pasi t\u00eb zbrazet, organizatori paloset dhe ruhet leht\u00ebsisht fal\u00eb madh\u00ebsis\u00eb s\u00eb tij kompakte.<\/p>\n<p>EZI STORAGE \u00ebsht\u00eb b\u00ebr\u00eb nga 70% plastik\u00eb e ricikluar.<\/p>\n<p>Karakteristikat:<\/p>\n<ul>\n<li>Shum\u00eb ndarje<\/li>\n<li>E palosshme<\/li>\n<li>Kapacitet i madh ruajtjeje<\/li>\n<li>Ka ndarje t\u00eb shumta<\/li>\n<li>E leht\u00eb p\u00ebr t&#8217;u mbajtur<\/li>\n<li>Paloset n\u00eb m\u00ebnyr\u00eb kompakte<\/li>\n<li>Dimensionet: 32 x 26 x 18cm<\/li>\n<\/ul>","protected":false},"excerpt":{"rendered":"<p>Vendoseni n\u00eb pjes\u00ebn e pasme t\u00eb makin\u00ebs suaj, pran\u00eb f\u00ebmij\u00ebs suaj, p\u00ebrpara ose n\u00eb bagazh dhe shijoni organizim t\u00eb p\u00ebrsosur n\u00eb makin\u00ebn tuaj. Ju lejon t\u00eb keni leht\u00ebsisht n\u00eb dispozicion gjith\u00e7ka q\u00eb i nevojitet f\u00ebmij\u00ebs suaj, pelena, peceta, shishe uji etj&#8230;<\/p>\n<p>Mjaft me objekte t\u00eb shp\u00ebrndara gjat\u00eb rrug\u00ebs! Me \u00e7ant\u00ebn organizuese Ezi i keni t\u00eb gjitha n\u00eb nj\u00eb vend.<\/p>","protected":false},"featured_media":22343,"template":"","meta":{"_acf_changed":false,"inline_featured_image":false},"product_brand":[],"product_cat":[1018],"product_tag":[],"class_list":{"0":"post-22338","1":"product","2":"type-product","3":"status-publish","4":"has-post-thumbnail","6":"product_cat-ezimoov","7":"wpisset-post","8":"wpisset-post-featured","9":"wpisset-woo-has-gallery","11":"first","12":"instock","13":"shipping-taxable","14":"purchasable","15":"product-type-simple"},"acf":[],"_links":{"self":[{"href":"https:\/\/prime-distributor.al\/en\/wp-json\/wp\/v2\/product\/22338","targetHints":{"allow":["GET"]}}],"collection":[{"href":"https:\/\/prime-distributor.al\/en\/wp-json\/wp\/v2\/product"}],"about":[{"href":"https:\/\/prime-distributor.al\/en\/wp-json\/wp\/v2\/types\/product"}],"wp:featuredmedia":[{"embeddable":true,"href":"https:\/\/prime-distributor.al\/en\/wp-json\/wp\/v2\/media\/22343"}],"wp:attachment":[{"href":"https:\/\/prime-distributor.al\/en\/wp-json\/wp\/v2\/media?parent=22338"}],"wp:term":[{"taxonomy":"product_brand","embeddable":true,"href":"https:\/\/prime-distributor.al\/en\/wp-json\/wp\/v2\/product_brand?post=22338"},{"taxonomy":"product_cat","embeddable":true,"href":"https:\/\/prime-distributor.al\/en\/wp-json\/wp\/v2\/product_cat?post=22338"},{"taxonomy":"product_tag","embeddable":true,"href":"https:\/\/prime-distributor.al\/en\/wp-json\/wp\/v2\/product_tag?post=22338"}],"curies":[{"name":"wp","href":"https:\/\/api.w.org\/{rel}","templated":true}]}}