{"id":22303,"date":"2025-09-06T09:43:19","date_gmt":"2025-09-06T09:43:19","guid":{"rendered":"https:\/\/prime-distributor.al\/?post_type=product&#038;p=22303"},"modified":"2026-03-04T07:40:02","modified_gmt":"2026-03-04T07:40:02","slug":"insulated-flip-top-deep-space-1-litre-bottle","status":"publish","type":"product","link":"https:\/\/prime-distributor.al\/en\/product\/insulated-flip-top-deep-space-1-litre-bottle\/","title":{"rendered":"Insulated Flip Top &#8211; Deep Space 1 Litre Bottle"},"content":{"rendered":"<h5>Insulated Flip Top &#8211; Deep Space<\/h5>\n<h5>E projektuar p\u00ebr p\u00ebrditshm\u00ebrin\u00eb time. E projektuar p\u00ebr mua.<\/h5>\n<p>P\u00ebrgatituni p\u00ebr hidratim m\u00eb t\u00eb madh dhe m\u00eb t\u00eb mir\u00eb gjat\u00eb gjith\u00eb dit\u00ebs! Shishja e izoluar 1L me kapak t\u00eb palossh\u00ebm \u00ebsht\u00eb domosdoshm\u00ebria juaj e p\u00ebrditshme kur jeni jasht\u00eb.<\/p>\n<p>Izolimi me tre shtresa i mban l\u00ebngjet <strong><em>t\u00eb ftohta deri n\u00eb 46 or\u00eb<\/em><\/strong>, k\u00ebshtu q\u00eb mund t\u00eb q\u00ebndroni t\u00eb hidratuar pavar\u00ebsisht se \u00e7far\u00eb ju pret dita! Me nj\u00eb kapak t\u00eb palossh\u00ebm dhe nj\u00eb pip\u00eb t\u00eb brendshme \u00e7eliku inox p\u00ebr nj\u00eb pirje t\u00eb leht\u00eb, me rrjedhje t\u00eb lir\u00eb dhe me hapje t\u00eb leht\u00eb.<\/p>\n<p>Doreza fleksibil dhe e q\u00ebndrueshme e b\u00ebn hidratimin gjat\u00eb l\u00ebvizjes shum\u00eb t\u00eb leht\u00eb. Hapje e madhe p\u00ebr mbushje (dhe rimbushje) t\u00eb lehta me l\u00ebngje dhe kuba akulli. Kapacitet <em><strong>1L<\/strong><\/em>. Dizajn i leht\u00eb p\u00ebr t&#8217;u pastruar, i sigurt p\u00ebr lavastovilje, vet\u00ebm n\u00eb raftin e sip\u00ebrm. Pa BPA, ftalate dhe PVC.<\/p>\n<h4>Detaje:<\/h4>\n<ul>\n<li>Superfuqi izoluese me tre shtresa &#8211; <em>i mban l\u00ebngjet t\u00eb ftohta deri n\u00eb 46 or\u00eb<\/em>!<\/li>\n<li>Kapak i kthyesh\u00ebm p\u00ebr pirje me rrjedhje t\u00eb lir\u00eb me pip\u00ebz \u00e7eliku inox nga brenda<\/li>\n<li>I pap\u00ebrshkuesh\u00ebm nga rrjedhjet kur kapaku \u00ebsht\u00eb i mbyllur<\/li>\n<li>Dizajn i leht\u00eb p\u00ebr t&#8217;u pastruar<\/li>\n<li>I sigurt p\u00ebr lavastovilje, vet\u00ebm n\u00eb raftin e sip\u00ebrm<\/li>\n<li>Dorez\u00eb mbajt\u00ebse e q\u00ebndrueshme dhe fleksibile p\u00ebr l\u00ebvizje<\/li>\n<li>I b\u00ebr\u00eb nga \u00e7elik inox, PP dhe silikon<\/li>\n<li>Pa BPA, PVC dhe ftalate<\/li>\n<li>Pesha: 0.47 kg<\/li>\n<li>Kapaciteti: 1L<\/li>\n<li>Diametri i baz\u00ebs: 97 mm<\/li>\n<\/ul>\n<p><em>Udh\u00ebzime p\u00ebr p\u00ebrdorim:<\/em><\/p>\n<p><strong>PARALAJM\u00cbRIM!<\/strong> Mos e p\u00ebrdorni me l\u00ebngje t\u00eb gazuara dhe\/ose t\u00eb nxehta. N\u00ebse e p\u00ebrdorni <strong>me l\u00ebngje t\u00eb ngrohta<\/strong>, kini <strong>kujdes kur hapni kapakun<\/strong> e kthyer pasi presioni mund t\u00eb grumbullohet dhe t\u00eb shkaktoj\u00eb sp\u00ebrkatje t\u00eb l\u00ebngut.<\/p>\n<p><em><strong>P\u00ebr ta pastruar<\/strong><\/em> &#8211; hiqni kapakun, hiqni pip\u00ebn \u00e7eliku inox dhe lani t\u00eb gjitha pjes\u00ebt me uj\u00eb t\u00eb ngroht\u00eb me sapun. Ne rekomandojm\u00eb nj\u00eb set fur\u00e7ash pastrimi p\u00ebr t\u00eb pastruar pip\u00ebn dhe gryk\u00ebn. Si alternativ\u00eb, vendoseni n\u00eb lavastovilje, vet\u00ebm n\u00eb raftin e sip\u00ebrm, duke u siguruar q\u00eb pjes\u00ebt e vogla jan\u00eb t\u00eb siguruara. Sigurohuni q\u00eb produkti t\u00eb jet\u00eb plot\u00ebsisht i that\u00eb para se ta rimontoni ose ta ruani.<\/p>","protected":false},"excerpt":{"rendered":"<p>Nj\u00eb termus q\u00eb i mban l\u00ebngjet t\u00eb ftohta <strong><em>deri n\u00eb 46 or\u00eb?!<\/em><\/strong><\/p>\n<p>P\u00ebrgatituni p\u00ebr hidratim m\u00eb t\u00eb madh dhe m\u00eb t\u00eb mir\u00eb gjat\u00eb gjith\u00eb dit\u00ebs! Shishja e izoluar 1L me kapak t\u00eb palossh\u00ebm \u00ebsht\u00eb domosdoshm\u00ebria juaj e p\u00ebrditshme kur jeni jasht\u00eb.<\/p>\n<p>&nbsp;<\/p>","protected":false},"featured_media":22305,"template":"","meta":{"_acf_changed":false,"inline_featured_image":false},"product_brand":[],"product_cat":[1014],"product_tag":[],"class_list":{"0":"post-22303","1":"product","2":"type-product","3":"status-publish","4":"has-post-thumbnail","6":"product_cat-bbox","7":"wpisset-post","8":"wpisset-post-featured","9":"wpisset-woo-has-gallery","11":"first","12":"instock","13":"shipping-taxable","14":"purchasable","15":"product-type-simple"},"acf":[],"_links":{"self":[{"href":"https:\/\/prime-distributor.al\/en\/wp-json\/wp\/v2\/product\/22303","targetHints":{"allow":["GET"]}}],"collection":[{"href":"https:\/\/prime-distributor.al\/en\/wp-json\/wp\/v2\/product"}],"about":[{"href":"https:\/\/prime-distributor.al\/en\/wp-json\/wp\/v2\/types\/product"}],"wp:featuredmedia":[{"embeddable":true,"href":"https:\/\/prime-distributor.al\/en\/wp-json\/wp\/v2\/media\/22305"}],"wp:attachment":[{"href":"https:\/\/prime-distributor.al\/en\/wp-json\/wp\/v2\/media?parent=22303"}],"wp:term":[{"taxonomy":"product_brand","embeddable":true,"href":"https:\/\/prime-distributor.al\/en\/wp-json\/wp\/v2\/product_brand?post=22303"},{"taxonomy":"product_cat","embeddable":true,"href":"https:\/\/prime-distributor.al\/en\/wp-json\/wp\/v2\/product_cat?post=22303"},{"taxonomy":"product_tag","embeddable":true,"href":"https:\/\/prime-distributor.al\/en\/wp-json\/wp\/v2\/product_tag?post=22303"}],"curies":[{"name":"wp","href":"https:\/\/api.w.org\/{rel}","templated":true}]}}