{"id":2185,"date":"2022-03-29T09:42:01","date_gmt":"2022-03-29T09:42:01","guid":{"rendered":"https:\/\/prime-distributor.al\/?post_type=product&#038;p=2185"},"modified":"2026-04-15T09:23:22","modified_gmt":"2026-04-15T09:23:22","slug":"original-teething-toy","status":"publish","type":"product","link":"https:\/\/prime-distributor.al\/en\/product\/original-teething-toy\/","title":{"rendered":"Original Teething Toy"},"content":{"rendered":"<h2>Matchstick Monkey &#8211;\u00a0Original Teething Toy<\/h2>\n<p>Nj\u00eb lod\u00ebr e but\u00eb dhe me tekstura t\u00eb ndryshme q\u00eb ndihmon n\u00eb masazhimin e mishrave t\u00eb dh\u00ebmb\u00ebve, duke leht\u00ebsuar dhimbjen.<br \/>\nDizajn i leht\u00eb, ergonomik p\u00ebr foshnjat q\u00eb mbahen nga nj\u00eb mosh\u00eb shum\u00eb e vog\u00ebl. Ndihmon n\u00eb qet\u00ebsimin e mishrave t\u00eb dh\u00ebmb\u00ebve nd\u00ebrsa f\u00ebmija juaj arg\u00ebtohet.<\/p>\n<div class=\"page\" title=\"Page 11\">\n<div class=\"layoutArea\">\n<div class=\"column\">\n<p>P\u00ebrmban teknologjin\u00eb antimikrobike BioCote\u00ae gjat\u00eb gjith\u00eb koh\u00ebs, duke e b\u00ebr\u00eb m\u00eb t\u00eb leht\u00eb mir\u00ebmbajtjen e higjen\u00ebs orale. Mund t\u00eb lahet n\u00eb lavastovilje dhe t\u00eb ftohet n\u00eb frigorifer. Silikon i grad\u00ebs ushqimore i aprovuar nga FDA.<br \/>\nBPA jo-toksike dhe miq\u00ebsore me mjedisin.<\/p>\n<\/div>\n<\/div>\n<\/div>\n<ul>\n<li>Silikon i grad\u00ebs ushqimore i aprovuar nga FDA<\/li>\n<li>Pa BPA, jo toksik dhe miq\u00ebsor me mjedisin<\/li>\n<li>Ideal p\u00ebr stimulimin e shqisave dhe aft\u00ebsive t\u00eb shk\u00eblqyera motorike t\u00eb foshnj\u00ebs<\/li>\n<li>I leht\u00eb dhe practik p\u00ebr t&#8217;u mbajtur nga duart e vogla<\/li>\n<li>Mund t\u00eb lahet ne lavastovilje dhe t\u00eb ftohet ne frigorifer<\/li>\n<li>Fur\u00e7\u00eb dh\u00ebmb\u00ebsh para-st\u00ebrvitore p\u00ebr t\u00eb ndihmuar foshnjat dhe t\u00eb vegjlit t\u00eb m\u00ebsohen me pro\u00e7esin e larjes s\u00eb dh\u00ebmb\u00ebve<\/li>\n<li>Aplikues i <a href=\"https:\/\/prime-distributor.al\/en\/product\/xhel-qetesues-per-mishrat-e-dhembeve\/\">xhelit p\u00ebr mishrat e dh\u00ebmb\u00ebve<\/a><\/li>\n<li>I but\u00eb dhe me teksture qet\u00ebsuese p\u00ebr dh\u00ebmb\u00ebt e f\u00ebmij\u00ebs suaj<\/li>\n<li>Gungat masazhojn\u00eb mishrat e dh\u00ebmb\u00ebve but\u00ebsisht<\/li>\n<li>I p\u00ebrshtatsh\u00ebm p\u00ebr sterilizim me avull dhe uj\u00eb t\u00eb ftoht\u00eb<\/li>\n<li>Lart\u00ebsia: 10.5 cm<\/li>\n<\/ul>","protected":false},"excerpt":{"rendered":"<h3>Lodra m\u00eb e sigurt\u00eb p\u00ebr dh\u00ebmb\u00ebzimin<\/h3>\n<p>Arg\u00ebtues, fleksib\u00ebl dhe me p\u00ebrmasa perfekte p\u00ebr duar t\u00eb vogla! T\u00eb\u00a0vegjlit tuaj do ta adhurojn\u00eb.\u00a0Nj\u00eb lod\u00ebr e but\u00eb dhe me tekstura t\u00eb ndryshme q\u00eb ndihmon n\u00eb masazhimin e mishrave t\u00eb dh\u00ebmb\u00ebve, duke leht\u00ebsuar dhimbjen.<\/p>","protected":false},"featured_media":5790,"template":"","meta":{"_acf_changed":false,"inline_featured_image":false},"product_brand":[],"product_cat":[42],"product_tag":[621],"class_list":{"0":"post-2185","1":"product","2":"type-product","3":"status-publish","4":"has-post-thumbnail","6":"product_cat-matchstick-monkey","7":"product_tag-matchstick-monkey","8":"wpisset-post","9":"wpisset-post-featured","10":"wpisset-woo-has-gallery","12":"first","13":"instock","14":"shipping-taxable","15":"purchasable","16":"product-type-variable"},"acf":[],"_links":{"self":[{"href":"https:\/\/prime-distributor.al\/en\/wp-json\/wp\/v2\/product\/2185","targetHints":{"allow":["GET"]}}],"collection":[{"href":"https:\/\/prime-distributor.al\/en\/wp-json\/wp\/v2\/product"}],"about":[{"href":"https:\/\/prime-distributor.al\/en\/wp-json\/wp\/v2\/types\/product"}],"wp:featuredmedia":[{"embeddable":true,"href":"https:\/\/prime-distributor.al\/en\/wp-json\/wp\/v2\/media\/5790"}],"wp:attachment":[{"href":"https:\/\/prime-distributor.al\/en\/wp-json\/wp\/v2\/media?parent=2185"}],"wp:term":[{"taxonomy":"product_brand","embeddable":true,"href":"https:\/\/prime-distributor.al\/en\/wp-json\/wp\/v2\/product_brand?post=2185"},{"taxonomy":"product_cat","embeddable":true,"href":"https:\/\/prime-distributor.al\/en\/wp-json\/wp\/v2\/product_cat?post=2185"},{"taxonomy":"product_tag","embeddable":true,"href":"https:\/\/prime-distributor.al\/en\/wp-json\/wp\/v2\/product_tag?post=2185"}],"curies":[{"name":"wp","href":"https:\/\/api.w.org\/{rel}","templated":true}]}}