{"id":21419,"date":"2025-07-11T11:41:21","date_gmt":"2025-07-11T11:41:21","guid":{"rendered":"https:\/\/prime-distributor.al\/?post_type=product&#038;p=21419"},"modified":"2026-01-03T15:46:26","modified_gmt":"2026-01-03T15:46:26","slug":"banana-monkey-teether-gift-set-dusty-pink","status":"publish","type":"product","link":"https:\/\/prime-distributor.al\/en\/product\/banana-monkey-teether-gift-set-dusty-pink\/","title":{"rendered":"Banana &#038; Monkey Teether Gift Set &#8211; Dusty Pink"},"content":{"rendered":"","protected":false},"excerpt":{"rendered":"<h3>T\u00eb gjitha n\u00eb nj\u00eb vend!<\/h3>\n<p>Matchstick Monkey ka produkte q\u00eb i p\u00ebrshtaten \u00e7do faze t\u00eb dh\u00ebmb\u00ebzimit. Projektuar posa\u00e7\u00ebrisht p\u00ebr t\u00eb ndihmuar foshnjat q\u00eb pro\u00e7esin e dh\u00ebmb\u00ebzimit ta kalojn\u00eb m\u00eb leht\u00eb. Seti yn\u00eb i p\u00ebrsosur p\u00ebr faz\u00ebn e dh\u00ebmb\u00ebzimit ka t\u00eb gjitha gj\u00ebrat thelb\u00ebsore p\u00ebr t\u00eb qet\u00ebsuar dhimbjen e daljes s\u00eb dh\u00ebmb\u00ebve t\u00eb vog\u00eblushit tuaj.<\/p>\n<p>Setet tona vijn\u00eb n\u00eb nj\u00eb s\u00ebr\u00eb ngjyrash t\u00eb ndryshme!<\/p>","protected":false},"featured_media":22355,"template":"","meta":{"_acf_changed":false,"inline_featured_image":false},"product_brand":[],"product_cat":[42],"product_tag":[621],"class_list":{"0":"post-21419","1":"product","2":"type-product","3":"status-publish","4":"has-post-thumbnail","6":"product_cat-matchstick-monkey","7":"product_tag-matchstick-monkey","8":"wpisset-post","9":"wpisset-post-featured","10":"wpisset-woo-has-gallery","12":"first","13":"instock","14":"shipping-taxable","15":"purchasable","16":"product-type-simple"},"acf":[],"_links":{"self":[{"href":"https:\/\/prime-distributor.al\/en\/wp-json\/wp\/v2\/product\/21419","targetHints":{"allow":["GET"]}}],"collection":[{"href":"https:\/\/prime-distributor.al\/en\/wp-json\/wp\/v2\/product"}],"about":[{"href":"https:\/\/prime-distributor.al\/en\/wp-json\/wp\/v2\/types\/product"}],"wp:featuredmedia":[{"embeddable":true,"href":"https:\/\/prime-distributor.al\/en\/wp-json\/wp\/v2\/media\/22355"}],"wp:attachment":[{"href":"https:\/\/prime-distributor.al\/en\/wp-json\/wp\/v2\/media?parent=21419"}],"wp:term":[{"taxonomy":"product_brand","embeddable":true,"href":"https:\/\/prime-distributor.al\/en\/wp-json\/wp\/v2\/product_brand?post=21419"},{"taxonomy":"product_cat","embeddable":true,"href":"https:\/\/prime-distributor.al\/en\/wp-json\/wp\/v2\/product_cat?post=21419"},{"taxonomy":"product_tag","embeddable":true,"href":"https:\/\/prime-distributor.al\/en\/wp-json\/wp\/v2\/product_tag?post=21419"}],"curies":[{"name":"wp","href":"https:\/\/api.w.org\/{rel}","templated":true}]}}