{"id":21359,"date":"2025-07-08T10:35:48","date_gmt":"2025-07-08T10:35:48","guid":{"rendered":"https:\/\/prime-distributor.al\/?post_type=product&#038;p=21359"},"modified":"2026-04-16T11:53:25","modified_gmt":"2026-04-16T11:53:25","slug":"insulated-drink-bottle-500ml-indigo-rose","status":"publish","type":"product","link":"https:\/\/prime-distributor.al\/en\/product\/insulated-drink-bottle-500ml-indigo-rose\/","title":{"rendered":"Insulated Drink Bottle 500ml &#8211; Indigo Rose"},"content":{"rendered":"<h3>Indigo Rose<\/h3>\n<p>Shishja jon\u00eb me izolim prej \u00e7eliku inoks me tre shtresa e mban l\u00ebngun t\u00eb ftoht\u00eb ose t\u00eb ngroht\u00eb, k\u00ebshtu q\u00eb f\u00ebmij\u00ebt mund t\u00eb q\u00ebndrojn\u00eb t\u00eb hidratuar pavar\u00ebsisht nga moti.<br \/>\nLeht\u00eb p\u00ebr t&#8217;u p\u00ebrdorur: Projektuar me nj\u00eb kapak me buton t\u00eb leht\u00eb p\u00ebr duart e vogla dhe pip\u00ebz me k\u00ebnd p\u00ebr pirje t\u00eb leht\u00eb me rrjedhje t\u00eb lir\u00eb.<br \/>\nE p\u00ebrkryer p\u00ebr \u00e7ant\u00ebn e shkoll\u00ebs: Doreza e madhe e transportit e b\u00ebn shishen e izoluar t\u00eb pijeve t\u00eb leht\u00eb p\u00ebr t&#8217;u mbartur dhe nxjerr\u00eb nga \u00e7anta e shkoll\u00ebs dhe \u00ebsht\u00eb e pap\u00ebrshkueshme nga rrjedhjet kur kapaku \u00ebsht\u00eb i mbyllur.<\/p>\n<h4>Detaje:<\/h4>\n<ul>\n<li>Mosha <strong>12 m+<\/strong><\/li>\n<li><strong>500 ml<\/strong><\/li>\n<li>\u00c7elik inox izolues me tre shtresa<\/li>\n<li>Pjesa e sip\u00ebrme e pipz\u00ebs prej silikoni ofron pirje me rrjedhje t\u00eb lir\u00eb<\/li>\n<li>Kapak i leht\u00eb me buton, i pap\u00ebrshkuesh\u00ebm nga rrjedhja kur mbyllet<\/li>\n<li>Pip\u00ebz prej silikoni<\/li>\n<li>Dorez\u00eb e integruar p\u00ebr transport<\/li>\n<li>Mban l\u00ebngjet <b>t\u00eb ftohta<\/b> deri n\u00eb <b>8 or\u00eb<\/b> ose <b>t\u00eb ngrohta<\/b> deri n\u00eb <b>6 or\u00eb<\/b><\/li>\n<li>E sigurt n\u00eb lavastovilje, vet\u00ebm n\u00eb raft t\u00eb sip\u00ebrm<\/li>\n<li>B\u00ebr\u00eb nga \u00e7elik inox, polipropileni dhe silikoni<\/li>\n<li>Pa BPA, Ftalate dhe PVC<\/li>\n<li>P\u00ebrmasat: 7 cm x 7.5 cm x 20 cm<\/li>\n<li>Pesha: 271 gr<\/li>\n<\/ul>\n<h4>Udh\u00ebzime:<\/h4>\n<p>P\u00ebr t\u00eb \u00e7montuar dhe rimontuar shishen tuaj p\u00ebr pastrim, referojuni videos son\u00eb udh\u00ebzuese.<br \/>\nP\u00ebr t\u00eb pastruar n\u00eb m\u00ebnyr\u00eb efektive shishen, hiqni pjes\u00ebn e sip\u00ebrme t\u00eb pipz\u00ebs dhe trupin e saj prej silikoni dhe lajeni me uj\u00eb t\u00eb ngroht\u00eb dhe me sapun. Ne rekomandojm\u00eb nj\u00eb grup fur\u00e7esh pastrimi p\u00ebr t\u00eb pastruar t\u00ebr\u00ebsisht pipz\u00ebn dhe gryk\u00ebn. L\u00ebreni pjes\u00ebn e sip\u00ebrme t\u00eb pipz\u00ebs, trupin dhe pjes\u00ebt e tjera t\u00eb thahen plot\u00ebsisht p\u00ebrpara se ta rimontoni.<\/p>\n<h5>A po rrjedh shishja juaj ?<\/h5>\n<p>Shishja juaj nuk rrjedh vet\u00ebm kur kapaku i shishes \u00ebsht\u00eb i mbyllur, vet\u00eb pipza nuk \u00ebsht\u00eb rezistente ndaj rrjedhjeve. Pra, do t\u00eb rrjedh\u00eb n\u00ebse kapaku lihet i hapur dhe shishja \u00ebsht\u00eb e kthyer n\u00eb nj\u00eb k\u00ebnd ose me kok\u00eb posht\u00eb.<\/p>","protected":false},"excerpt":{"rendered":"<p>Shishja jon\u00eb me izolim prej \u00e7eliku inoks me tre shtresa e mban l\u00ebngun t\u00eb ftoht\u00eb ose t\u00eb ngroht\u00eb, k\u00ebshtu q\u00eb f\u00ebmij\u00ebt mund t\u00eb q\u00ebndrojn\u00eb t\u00eb hidratuar pavar\u00ebsisht nga moti.<\/p>","protected":false},"featured_media":18338,"template":"","meta":{"_acf_changed":false,"inline_featured_image":false},"product_brand":[],"product_cat":[1014],"product_tag":[],"class_list":{"0":"post-21359","1":"product","2":"type-product","3":"status-publish","4":"has-post-thumbnail","6":"product_cat-bbox","7":"wpisset-post","8":"wpisset-post-featured","9":"wpisset-woo-has-gallery","11":"first","12":"instock","13":"shipping-taxable","14":"purchasable","15":"product-type-simple"},"acf":[],"_links":{"self":[{"href":"https:\/\/prime-distributor.al\/en\/wp-json\/wp\/v2\/product\/21359","targetHints":{"allow":["GET"]}}],"collection":[{"href":"https:\/\/prime-distributor.al\/en\/wp-json\/wp\/v2\/product"}],"about":[{"href":"https:\/\/prime-distributor.al\/en\/wp-json\/wp\/v2\/types\/product"}],"wp:featuredmedia":[{"embeddable":true,"href":"https:\/\/prime-distributor.al\/en\/wp-json\/wp\/v2\/media\/18338"}],"wp:attachment":[{"href":"https:\/\/prime-distributor.al\/en\/wp-json\/wp\/v2\/media?parent=21359"}],"wp:term":[{"taxonomy":"product_brand","embeddable":true,"href":"https:\/\/prime-distributor.al\/en\/wp-json\/wp\/v2\/product_brand?post=21359"},{"taxonomy":"product_cat","embeddable":true,"href":"https:\/\/prime-distributor.al\/en\/wp-json\/wp\/v2\/product_cat?post=21359"},{"taxonomy":"product_tag","embeddable":true,"href":"https:\/\/prime-distributor.al\/en\/wp-json\/wp\/v2\/product_tag?post=21359"}],"curies":[{"name":"wp","href":"https:\/\/api.w.org\/{rel}","templated":true}]}}