{"id":2050,"date":"2022-03-29T09:40:19","date_gmt":"2022-03-29T09:40:19","guid":{"rendered":"https:\/\/prime-distributor.al\/?post_type=product&#038;p=2050"},"modified":"2024-05-29T11:53:01","modified_gmt":"2024-05-29T11:53:01","slug":"tiny-bowl","status":"publish","type":"product","link":"https:\/\/prime-distributor.al\/en\/product\/tiny-bowl\/","title":{"rendered":"Tiny Bowl"},"content":{"rendered":"<p>Tasi i vog\u00ebl \u00ebsht\u00eb perfekt p\u00ebr ushqimet e para, si pure, kos dhe drith\u00ebra p\u00ebr f\u00ebmij\u00eb.<br \/>\nProjektuar p\u00ebr foshnje 4+ muaj.<\/p>\n<ul>\n<li>P\u00ebrmasat: 22,8 x 16,5 x 2,7 cm<\/li>\n<li>Porcioni mban 141 g<\/li>\n<li>Tasi p\u00ebrshtatet n\u00eb <em><strong>t\u00eb gjitha<\/strong><\/em> tabakat\u00eb e karrigeve, duke p\u00ebrfshir\u00eb Stokke Tripp Trapp dhe Boon Flair<\/li>\n<li>Promovon vet\u00eb-ushqyerjen dhe zhvillon aft\u00ebsi t\u00eb shk\u00eblqyera motorike<\/li>\n<li>Kompakt dhe i leht\u00eb, k\u00ebshtu q\u00eb \u00ebsht\u00eb i p\u00ebrsosur p\u00ebr darka jasht\u00eb dhe udh\u00ebtime<\/li>\n<li>Paketuar n\u00eb nj\u00eb qese t\u00eb rip\u00ebrdorshme q\u00eb \u00ebsht\u00eb e disponueshme p\u00ebr t&#8217;u futur n\u00eb \u00e7ant\u00ebn tuaj<\/li>\n<li>B\u00ebr\u00eb nga silikon me cil\u00ebsi t\u00eb lart\u00eb q\u00eb nuk p\u00ebrmban BPA, PVC dhe ftalat<\/li>\n<li>Pastrohet leht\u00eb me uj\u00eb t\u00eb ngroht\u00eb me sapun (silikoni nuk mb\u00ebshtet rritjen e k\u00ebrpudhave, mykut ose baktereve)<\/li>\n<li>Mund t\u00eb lahet n\u00eb lavastovilje dhe mund t\u00eb p\u00ebrdoret n\u00eb mikroval\u00eb<\/li>\n<li>E nd\u00ebrtuar p\u00ebr jet\u00ebgjat\u00ebsi (silikoni nuk zbehet apo prishet)<\/li>\n<\/ul>","protected":false},"excerpt":{"rendered":"<p>Tasi i vog\u00ebl \u00ebsht\u00eb perfekt p\u00ebr ushqimet e para, si pure, kos dhe drith\u00ebra p\u00ebr f\u00ebmij\u00eb.<\/p>","protected":false},"featured_media":13302,"template":"","meta":{"_acf_changed":false,"inline_featured_image":false},"product_brand":[],"product_cat":[44],"product_tag":[204],"class_list":{"0":"post-2050","1":"product","2":"type-product","3":"status-publish","4":"has-post-thumbnail","6":"product_cat-ezpz","7":"product_tag-ezpz","8":"wpisset-post","9":"wpisset-post-featured","10":"wpisset-woo-has-gallery","12":"first","13":"instock","14":"shipping-taxable","15":"purchasable","16":"product-type-variable"},"acf":[],"_links":{"self":[{"href":"https:\/\/prime-distributor.al\/en\/wp-json\/wp\/v2\/product\/2050","targetHints":{"allow":["GET"]}}],"collection":[{"href":"https:\/\/prime-distributor.al\/en\/wp-json\/wp\/v2\/product"}],"about":[{"href":"https:\/\/prime-distributor.al\/en\/wp-json\/wp\/v2\/types\/product"}],"wp:featuredmedia":[{"embeddable":true,"href":"https:\/\/prime-distributor.al\/en\/wp-json\/wp\/v2\/media\/13302"}],"wp:attachment":[{"href":"https:\/\/prime-distributor.al\/en\/wp-json\/wp\/v2\/media?parent=2050"}],"wp:term":[{"taxonomy":"product_brand","embeddable":true,"href":"https:\/\/prime-distributor.al\/en\/wp-json\/wp\/v2\/product_brand?post=2050"},{"taxonomy":"product_cat","embeddable":true,"href":"https:\/\/prime-distributor.al\/en\/wp-json\/wp\/v2\/product_cat?post=2050"},{"taxonomy":"product_tag","embeddable":true,"href":"https:\/\/prime-distributor.al\/en\/wp-json\/wp\/v2\/product_tag?post=2050"}],"curies":[{"name":"wp","href":"https:\/\/api.w.org\/{rel}","templated":true}]}}