{"id":2046,"date":"2022-03-29T09:40:19","date_gmt":"2022-03-29T09:40:19","guid":{"rendered":"https:\/\/prime-distributor.al\/?post_type=product&#038;p=2046"},"modified":"2024-11-19T10:28:30","modified_gmt":"2024-11-19T10:28:30","slug":"happy-bowl","status":"publish","type":"product","link":"https:\/\/prime-distributor.al\/en\/product\/happy-bowl\/","title":{"rendered":"Happy Bowl"},"content":{"rendered":"<p>N\u00eb nj\u00eb lart\u00ebsi prej 3.5 cm, Happy Bowl \u00ebsht\u00eb e p\u00ebrkryer p\u00ebr nj\u00eb larmi ushqimesh, duke p\u00ebrfshir\u00eb makarona, sup\u00eb dhe drith\u00ebra.<\/p>\n<ul>\n<li>Happy Bowl \u00ebsht\u00eb krijuar p\u00ebr foshnje \/ f\u00ebmij\u00eb t\u00eb vegj\u00ebl mbi 12 muaj<\/li>\n<li>P\u00ebrmasat: 22 x 26 x 3.5cm<\/li>\n<li>Pjesa e madh\u00ebsis\u00eb 255g<\/li>\n<\/ul>\n<p>I shk\u00eblqyesh\u00ebm dhe me p\u00ebrdorim t\u00eb p\u00ebrditsh\u00ebm, pasi ju mund ta p\u00ebrdorni p\u00ebr t\u00eb sh\u00ebrbyer vakte t\u00eb ngrohta ose t\u00eb ftohta<\/p>\n<p>B\u00ebr\u00eb nga silikon i cil\u00ebsis\u00eb s\u00eb lart\u00eb q\u00eb nuk p\u00ebrmban BPA, PVC dhe ftalat<br \/>\nPastrohet leht\u00eb me uj\u00eb t\u00eb ngroht\u00eb me sapun (silikoni nuk mb\u00ebshtet rritjen e k\u00ebrpudhave, mykut ose baktereve)<br \/>\nMund t\u00eb lahet n\u00eb lavastovilje dhe mund t\u00eb p\u00ebrdoret n\u00eb mikroval\u00eb<br \/>\nE nd\u00ebrtuar p\u00ebr jet\u00ebgjat\u00ebsi (silikoni nuk zbehet apo d\u00ebmtohet)<\/p>","protected":false},"excerpt":{"rendered":"<p>N\u00eb nj\u00eb lart\u00ebsi prej 3.5 cm, Happy Bowl \u00ebsht\u00eb i p\u00ebrkryer p\u00ebr nj\u00eb larmi ushqimesh, duke p\u00ebrfshir\u00eb makarona, sup\u00eb dhe drith\u00ebra.<\/p>","protected":false},"featured_media":3871,"template":"","meta":{"_acf_changed":false,"inline_featured_image":false},"product_brand":[],"product_cat":[44],"product_tag":[204],"class_list":{"0":"post-2046","1":"product","2":"type-product","3":"status-publish","4":"has-post-thumbnail","6":"product_cat-ezpz","7":"product_tag-ezpz","8":"wpisset-post","9":"wpisset-post-featured","10":"wpisset-woo-has-gallery","12":"first","13":"instock","14":"shipping-taxable","15":"purchasable","16":"product-type-simple"},"acf":[],"_links":{"self":[{"href":"https:\/\/prime-distributor.al\/en\/wp-json\/wp\/v2\/product\/2046","targetHints":{"allow":["GET"]}}],"collection":[{"href":"https:\/\/prime-distributor.al\/en\/wp-json\/wp\/v2\/product"}],"about":[{"href":"https:\/\/prime-distributor.al\/en\/wp-json\/wp\/v2\/types\/product"}],"wp:featuredmedia":[{"embeddable":true,"href":"https:\/\/prime-distributor.al\/en\/wp-json\/wp\/v2\/media\/3871"}],"wp:attachment":[{"href":"https:\/\/prime-distributor.al\/en\/wp-json\/wp\/v2\/media?parent=2046"}],"wp:term":[{"taxonomy":"product_brand","embeddable":true,"href":"https:\/\/prime-distributor.al\/en\/wp-json\/wp\/v2\/product_brand?post=2046"},{"taxonomy":"product_cat","embeddable":true,"href":"https:\/\/prime-distributor.al\/en\/wp-json\/wp\/v2\/product_cat?post=2046"},{"taxonomy":"product_tag","embeddable":true,"href":"https:\/\/prime-distributor.al\/en\/wp-json\/wp\/v2\/product_tag?post=2046"}],"curies":[{"name":"wp","href":"https:\/\/api.w.org\/{rel}","templated":true}]}}