{"id":2044,"date":"2022-03-29T09:40:19","date_gmt":"2022-03-29T09:40:19","guid":{"rendered":"https:\/\/prime-distributor.al\/?post_type=product&#038;p=2044"},"modified":"2025-09-23T12:47:03","modified_gmt":"2025-09-23T12:47:03","slug":"mini-mat","status":"publish","type":"product","link":"https:\/\/prime-distributor.al\/en\/product\/mini-mat\/","title":{"rendered":"Mini Mat"},"content":{"rendered":"<p>Mini Mat \u00ebsht\u00eb b\u00ebr\u00eb nga nj\u00eb silikon m\u00eb i holl\u00eb dhe \u00ebsht\u00eb jasht\u00ebzakonisht i leht\u00eb, k\u00ebshtu q\u00eb \u00ebsht\u00eb i p\u00ebrsosur p\u00ebr darka jasht\u00eb dhe p\u00ebr t\u00eb udh\u00ebtuar. Mini Mat \u00ebsht\u00eb p\u00ebrshtatur p\u00ebr p\u00ebrdorim dhe gjat\u00eb udh\u00ebtimeve.<br \/>\nMini Mat \u00ebsht\u00eb projektuar p\u00ebr foshnje \/ f\u00ebmij\u00eb t\u00eb vegj\u00ebl 4+ muaj.<\/p>\n<ul>\n<li>P\u00ebrmasat: 21,5 x 19,5 x 2,5 cm<\/li>\n<li>Madh\u00ebsit\u00eb e porcionieve: 2 x 55g, 1 x 115g<\/li>\n<\/ul>\n<p>Mini Mat i p\u00ebrshtatet shumic\u00ebs t\u00eb karrigeve t\u00eb ngr\u00ebnies, p\u00ebrfshir\u00eb modelet e &#8220;kursyesit t\u00eb hap\u00ebsir\u00ebs&#8221;<br \/>\nMini Mat \u00ebsht\u00eb b\u00ebr\u00eb nga nj\u00eb silikon m\u00eb i holl\u00eb dhe \u00ebsht\u00eb jasht\u00ebzakonisht i leht\u00eb, k\u00ebshtu q\u00eb \u00ebsht\u00eb i p\u00ebrsosur p\u00ebr darka jasht\u00eb dhe gjat\u00eb udh\u00ebtimeve.<br \/>\nMat \u00ebsht\u00eb paketuar n\u00eb nj\u00eb qese t\u00eb rip\u00ebrdorshme q\u00eb mund ta merrni me vete kudo.<\/p>\n<p>Mini Mat vendoset leht\u00ebsisht n\u00eb tavolina me sip\u00ebrfaqe t\u00eb l\u00ebmuara dhe karriget e ngr\u00ebnies.<\/p>\n<ul>\n<li>B\u00ebr\u00eb nga silikoni me cil\u00ebsi t\u00eb lart\u00eb q\u00eb nuk p\u00ebrmban BPA, PVC dhe ftalat<\/li>\n<li>Pastrohet leht\u00eb me uj\u00eb t\u00eb ngroht\u00eb me sapun (silikoni nuk mb\u00ebshtet rritjen e k\u00ebrpudhave, mykut ose baktereve)<\/li>\n<li>Mund t\u00eb lahet n\u00eb lavastovilje dhe mund t\u00eb p\u00ebrdoret n\u00eb mikroval\u00eb<\/li>\n<li>E krijuar p\u00ebr jet\u00ebgjat\u00ebsi (silikoni nuk zbehet apo prishet)<\/li>\n<\/ul>","protected":false},"excerpt":{"rendered":"<p>Mini Mat \u00ebsht\u00eb b\u00ebr\u00eb nga nj\u00eb silikon m\u00eb i holl\u00eb dhe \u00ebsht\u00eb jasht\u00ebzakonisht i leht\u00eb, k\u00ebshtu q\u00eb \u00ebsht\u00eb i p\u00ebrsosur p\u00ebr darka jasht\u00eb dhe p\u00ebr t\u00eb udh\u00ebtuar. Mini Mat \u00ebsht\u00eb p\u00ebrshtatur p\u00ebr p\u00ebrdorim dhe gjat\u00eb udh\u00ebtimeve.<\/p>","protected":false},"featured_media":3839,"template":"","meta":{"_acf_changed":false,"inline_featured_image":false},"product_brand":[],"product_cat":[44],"product_tag":[204],"class_list":{"0":"post-2044","1":"product","2":"type-product","3":"status-publish","4":"has-post-thumbnail","6":"product_cat-ezpz","7":"product_tag-ezpz","8":"wpisset-post","9":"wpisset-post-featured","10":"wpisset-woo-has-gallery","12":"first","13":"instock","14":"shipping-taxable","15":"purchasable","16":"product-type-variable"},"acf":[],"_links":{"self":[{"href":"https:\/\/prime-distributor.al\/en\/wp-json\/wp\/v2\/product\/2044","targetHints":{"allow":["GET"]}}],"collection":[{"href":"https:\/\/prime-distributor.al\/en\/wp-json\/wp\/v2\/product"}],"about":[{"href":"https:\/\/prime-distributor.al\/en\/wp-json\/wp\/v2\/types\/product"}],"wp:featuredmedia":[{"embeddable":true,"href":"https:\/\/prime-distributor.al\/en\/wp-json\/wp\/v2\/media\/3839"}],"wp:attachment":[{"href":"https:\/\/prime-distributor.al\/en\/wp-json\/wp\/v2\/media?parent=2044"}],"wp:term":[{"taxonomy":"product_brand","embeddable":true,"href":"https:\/\/prime-distributor.al\/en\/wp-json\/wp\/v2\/product_brand?post=2044"},{"taxonomy":"product_cat","embeddable":true,"href":"https:\/\/prime-distributor.al\/en\/wp-json\/wp\/v2\/product_cat?post=2044"},{"taxonomy":"product_tag","embeddable":true,"href":"https:\/\/prime-distributor.al\/en\/wp-json\/wp\/v2\/product_tag?post=2044"}],"curies":[{"name":"wp","href":"https:\/\/api.w.org\/{rel}","templated":true}]}}