{"id":20165,"date":"2025-05-06T19:57:39","date_gmt":"2025-05-06T19:57:39","guid":{"rendered":"https:\/\/prime-distributor.al\/?post_type=product&#038;p=20165"},"modified":"2026-04-15T08:38:28","modified_gmt":"2026-04-15T08:38:28","slug":"ergonomic-headrest-for-baby-white","status":"publish","type":"product","link":"https:\/\/prime-distributor.al\/en\/product\/ergonomic-headrest-for-baby-white\/","title":{"rendered":"Ergonomic Headrest for Baby &#8211; White"},"content":{"rendered":"<h2>bbl\u00fcv &#8211; Ergonomic Headrest for Baby<\/h2>\n<p class=\"tw-data-text tw-text-large tw-ta\" dir=\"ltr\" data-placeholder=\"Translation\"><span class=\"Y2IQFc\" lang=\"sq\">Pil\u00f6 \u00ebsht\u00eb nj\u00eb jast\u00ebk n\u00eb form\u00eb t\u00eb rrumbullak\u00ebt q\u00eb ndihmon n\u00eb parandalimin e plagiocefalis\u00eb pozicionale (Sindroma e kok\u00ebs s\u00eb shesht\u00eb) duke leht\u00ebsuar \u00e7do presion n\u00eb pjes\u00ebn e pasme t\u00eb kok\u00ebs dhe qaf\u00ebs s\u00eb foshnj\u00ebs dhe duke e mbajtur at\u00eb n\u00eb linj\u00eb. Lejon frym\u00ebmarrjen, ndihmon n\u00eb zhvillimin e nj\u00eb kafke t\u00eb rrumbullakosur dhe t\u00eb sh\u00ebndetshme. Mund t\u00eb p\u00ebrdoret q\u00eb nga lindja deri n\u00eb rrokullisjen e par\u00eb t\u00eb foshnj\u00ebs n\u00eb bark.\u00a0<\/span><\/p>\n<ul>\n<li class=\"tw-data-text tw-text-large tw-ta\" data-placeholder=\"Translation\"><span class=\"Y2IQFc\" lang=\"sq\">P\u00ebrdorim universal n\u00eb krevat f\u00ebmij\u00ebsh, kosh, &#8220;palest\u00ebr&#8221; p\u00ebr f\u00ebmij\u00eb, makin\u00eb, sedilje, l\u00ebkund\u00ebse, karroc\u00eb f\u00ebmij\u00ebsh apo shtres\u00eb (playmat).<\/span><\/li>\n<li class=\"tw-data-text tw-text-large tw-ta\" data-placeholder=\"Translation\"><span class=\"Y2IQFc\" lang=\"sq\">I p\u00ebrkryer p\u00ebr t\u00eb udh\u00ebtuar<\/span><\/li>\n<li class=\"tw-data-text tw-text-large tw-ta\" data-placeholder=\"Translation\"><span class=\"Y2IQFc\" lang=\"sq\">I leht\u00eb p\u00ebr t&#8217;u p\u00ebrdorur,\u00a0pastrohet dhe lahet n\u00eb lavatri\u00e7e<\/span><\/li>\n<li class=\"tw-data-text tw-text-large tw-ta\" data-placeholder=\"Translation\"><span class=\"Y2IQFc\" lang=\"sq\">P\u00ebrmasat: 23.6 cm x 21.6 cm x 3.3 cm<\/span><\/li>\n<\/ul>","protected":false},"excerpt":{"rendered":"<h2>Pil\u00f6<\/h2>\n<p><span class=\"Y2IQFc\" lang=\"sq\">Nj\u00eb jast\u00ebk n\u00eb form\u00eb t\u00eb rrumbullakosur q\u00eb ndihmon n\u00eb parandalimin e plagiocefalis\u00eb pozicionale (Sindroma e kok\u00ebs s\u00eb shesht\u00eb) duke leht\u00ebsuar \u00e7do presion n\u00eb pjes\u00ebn e pasme t\u00eb kok\u00ebs dhe qaf\u00ebs s\u00eb foshnj\u00ebs dhe duke e mbajtur at\u00eb n\u00eb linj\u00eb.<\/span><\/p>\n<p>&nbsp;<\/p>","protected":false},"featured_media":4152,"template":"","meta":{"_acf_changed":false,"inline_featured_image":false},"product_brand":[],"product_cat":[34],"product_tag":[535],"class_list":{"0":"post-20165","1":"product","2":"type-product","3":"status-publish","4":"has-post-thumbnail","6":"product_cat-bbluv","7":"product_tag-bbluv","8":"wpisset-post","9":"wpisset-post-featured","10":"wpisset-woo-has-gallery","12":"first","13":"outofstock","14":"shipping-taxable","15":"purchasable","16":"product-type-simple"},"acf":[],"_links":{"self":[{"href":"https:\/\/prime-distributor.al\/en\/wp-json\/wp\/v2\/product\/20165","targetHints":{"allow":["GET"]}}],"collection":[{"href":"https:\/\/prime-distributor.al\/en\/wp-json\/wp\/v2\/product"}],"about":[{"href":"https:\/\/prime-distributor.al\/en\/wp-json\/wp\/v2\/types\/product"}],"wp:featuredmedia":[{"embeddable":true,"href":"https:\/\/prime-distributor.al\/en\/wp-json\/wp\/v2\/media\/4152"}],"wp:attachment":[{"href":"https:\/\/prime-distributor.al\/en\/wp-json\/wp\/v2\/media?parent=20165"}],"wp:term":[{"taxonomy":"product_brand","embeddable":true,"href":"https:\/\/prime-distributor.al\/en\/wp-json\/wp\/v2\/product_brand?post=20165"},{"taxonomy":"product_cat","embeddable":true,"href":"https:\/\/prime-distributor.al\/en\/wp-json\/wp\/v2\/product_cat?post=20165"},{"taxonomy":"product_tag","embeddable":true,"href":"https:\/\/prime-distributor.al\/en\/wp-json\/wp\/v2\/product_tag?post=20165"}],"curies":[{"name":"wp","href":"https:\/\/api.w.org\/{rel}","templated":true}]}}