{"id":19735,"date":"2025-04-11T10:18:42","date_gmt":"2025-04-11T10:18:42","guid":{"rendered":"https:\/\/prime-distributor.al\/?post_type=product&#038;p=19735"},"modified":"2026-04-21T19:11:17","modified_gmt":"2026-04-21T19:11:17","slug":"granactive-retinoid-2-emulsion-30ml","status":"publish","type":"product","link":"https:\/\/prime-distributor.al\/en\/product\/granactive-retinoid-2-emulsion-30ml\/","title":{"rendered":"Granactive Retinoid 2% Emulsion &#8211; 30ml"},"content":{"rendered":"<h4>Granactive Retinoid 2% Emulsion &#8211; 30ml<\/h4>\n<p>Emulsioni Granactive Retinoid 2% \u00ebsht\u00eb nj\u00eb serum kremoz q\u00eb synon shenjat e dukshme t\u00eb plakjes p\u00ebrmes nj\u00eb retinoid aktiv shum\u00eb t\u00eb avancuar, nj\u00eb nga p\u00ebrb\u00ebr\u00ebsit m\u00eb t\u00eb mir\u00eb t\u00eb gjithansh\u00ebm p\u00ebr l\u00ebkur\u00ebn. Ky retinoid i gjenerat\u00ebs s\u00eb ardhshme p\u00ebrmir\u00ebson pamjen e linjave t\u00eb im\u00ebta dhe dinamike q\u00eb lindin nga humbja e kolagjenit dhe elastin\u00ebs, nd\u00ebrkoh\u00eb q\u00eb ndikon n\u00eb tekstur\u00ebn dhe tonin e l\u00ebkur\u00ebs.<\/p>\n<p>Sh\u00ebnim: Pasi t\u00eb hapet, kjo formul\u00eb duhet t\u00eb ruhet n\u00eb frigorifer dhe t\u00eb p\u00ebrdoret brenda nj\u00eb periudhe tre mujore.<\/p>\n<p>Kujdes: Retinoidet mund ta b\u00ebjn\u00eb l\u00ebkur\u00ebn m\u00eb t\u00eb ndjeshme ndaj rrezatimit UV. Mbrojtja nga dielli \u00ebsht\u00eb ve\u00e7an\u00ebrisht e r\u00ebnd\u00ebsishme kur p\u00ebrdorni retinoid\u00eb. Ky produkt nuk duhet t\u00eb p\u00ebrdoret s\u00eb bashku me retinoid\u00eb t\u00eb tjer\u00eb duke p\u00ebrfshir\u00eb retinolin ose acidin retinoik. Ky produkt nuk \u00ebsht\u00eb nj\u00eb trajtim p\u00ebr aknet.<\/p>\n<p>Sh\u00ebnim: Kur jeni shtatz\u00ebn\u00eb ose ushqeni me gji, rekomandohet t\u00eb shmangni \u00e7do produkt p\u00ebr kujdesin e l\u00ebkur\u00ebs q\u00eb p\u00ebrmban retinoid\u00eb, si p.sh. formulimet me Granactive Retinoid ose Retinol.<\/p>\n<p>P\u00ebr m\u00eb shum\u00eb k\u00ebshilla se si t\u00eb p\u00ebrdorni retinoidet, sigurohuni q\u00eb t\u00eb eksploroni Udh\u00ebzuesin ton\u00eb Retinoid.<\/p>\n<p><b>P\u00ebrdorimi:<\/b><\/p>\n<ul>\n<li>Shkundeni mir\u00eb p\u00ebrpara p\u00ebrdorimit.<\/li>\n<li>Aplikoni disa pika n\u00eb fytyr\u00eb n\u00eb mbr\u00ebmje.<\/li>\n<li>Mos e p\u00ebrdorni me produkte t\u00eb tjera retinoide.<\/li>\n<li>P\u00ebrdorni mbrojtje nga dielli gjat\u00eb dit\u00ebs.<\/li>\n<li>Vendoseni n\u00eb frigorifer pas hapjes.<\/li>\n<li>N\u00ebse shfaqet acarim, shp\u00eblajeni, nd\u00ebrprisni p\u00ebrdorimin dhe konsultohuni me nj\u00eb mjek.<\/li>\n<li>P\u00ebrdoreni vet\u00ebm sipas udh\u00ebzimeve n\u00eb l\u00ebkur\u00eb t\u00eb pa d\u00ebmtuar.<\/li>\n<li>K\u00ebshillohet testimi i patch-it p\u00ebrpara p\u00ebrdorimit.<\/li>\n<li>Mbajeni jasht\u00eb mund\u00ebsive t\u00eb f\u00ebmij\u00ebve.<\/li>\n<\/ul>\n<h5>Udhe\u0308zimet:<\/h5>\n<div class=\"page\" title=\"Page 16\">\n<div class=\"layoutArea\">\n<div class=\"column\">\n<p><em>Funksioni:<\/em> Shenjat e hershme t\u00eb plakjes, Parregullsi n\u00eb tekstur\u00eb, ton i pabarabart\u00eb i l\u00ebkur\u00ebs<\/p>\n<div class=\"page\" title=\"Page 16\">\n<div class=\"layoutArea\">\n<div class=\"column\">\n<p><em>Pe\u0308rshtatet:<\/em> Te\u0308 gjitha le\u0308kurave<\/p>\n<div class=\"page\" title=\"Page 16\">\n<div class=\"layoutArea\">\n<div class=\"column\">\n<p><em>Format:<\/em> Serum<\/p>\n<\/div>\n<\/div>\n<\/div>\n<\/div>\n<\/div>\n<\/div>\n<\/div>\n<\/div>\n<\/div>","protected":false},"excerpt":{"rendered":"<p>Emulsioni Granactive Retinoid 2% \u00ebsht\u00eb nj\u00eb serum kremoz q\u00eb synon shenjat e dukshme t\u00eb plakjes p\u00ebrmes nj\u00eb retinoid aktiv shum\u00eb t\u00eb avancuar, nj\u00eb nga p\u00ebrb\u00ebr\u00ebsit m\u00eb t\u00eb mir\u00eb t\u00eb gjithansh\u00ebm p\u00ebr l\u00ebkur\u00ebn.<\/p>","protected":false},"featured_media":19811,"template":"","meta":{"_acf_changed":false,"inline_featured_image":false},"product_brand":[],"product_cat":[974],"product_tag":[],"class_list":{"0":"post-19735","1":"product","2":"type-product","3":"status-publish","4":"has-post-thumbnail","6":"product_cat-the-ordinary","7":"wpisset-post","8":"wpisset-post-featured","10":"first","11":"instock","12":"shipping-taxable","13":"purchasable","14":"product-type-simple"},"acf":[],"_links":{"self":[{"href":"https:\/\/prime-distributor.al\/en\/wp-json\/wp\/v2\/product\/19735","targetHints":{"allow":["GET"]}}],"collection":[{"href":"https:\/\/prime-distributor.al\/en\/wp-json\/wp\/v2\/product"}],"about":[{"href":"https:\/\/prime-distributor.al\/en\/wp-json\/wp\/v2\/types\/product"}],"wp:featuredmedia":[{"embeddable":true,"href":"https:\/\/prime-distributor.al\/en\/wp-json\/wp\/v2\/media\/19811"}],"wp:attachment":[{"href":"https:\/\/prime-distributor.al\/en\/wp-json\/wp\/v2\/media?parent=19735"}],"wp:term":[{"taxonomy":"product_brand","embeddable":true,"href":"https:\/\/prime-distributor.al\/en\/wp-json\/wp\/v2\/product_brand?post=19735"},{"taxonomy":"product_cat","embeddable":true,"href":"https:\/\/prime-distributor.al\/en\/wp-json\/wp\/v2\/product_cat?post=19735"},{"taxonomy":"product_tag","embeddable":true,"href":"https:\/\/prime-distributor.al\/en\/wp-json\/wp\/v2\/product_tag?post=19735"}],"curies":[{"name":"wp","href":"https:\/\/api.w.org\/{rel}","templated":true}]}}