{"id":19267,"date":"2025-03-15T20:06:04","date_gmt":"2025-03-15T20:06:04","guid":{"rendered":"https:\/\/prime-distributor.al\/?post_type=product&#038;p=19267"},"modified":"2026-03-29T13:59:22","modified_gmt":"2026-03-29T13:59:22","slug":"insulated-food-jar-335ml-indigo-rose","status":"publish","type":"product","link":"https:\/\/prime-distributor.al\/en\/product\/insulated-food-jar-335ml-indigo-rose\/","title":{"rendered":"Insulated Food Jar 335ml &#8211; Indigo Rose"},"content":{"rendered":"<h3>Termus ushqimi Indigo Rose<\/h3>\n<p>Mban ushqimin n\u00eb temperatur\u00ebn perfekte gjat\u00eb gjith\u00eb dit\u00ebs, pavar\u00ebsisht n\u00ebse f\u00ebmij\u00ebt preferojn\u00eb makarona t\u00eb ngrohta p\u00ebr drek\u00eb apo fruta dhe kos t\u00eb ftoht\u00eb freskues. I shk\u00eblqyesh\u00ebm p\u00ebr f\u00ebmij\u00eb n\u00eb shkoll\u00eb me nj\u00eb kapacitet 335 ml. Termusi ka shtres\u00eb t\u00eb dyfisht\u00eb inoksi ushqimor i cili ruan tempreratur\u00ebn e d\u00ebshiruar t\u00eb ushqimeve tuaja dhe gjithashtu freskin\u00eb e p\u00ebrb\u00ebr\u00ebsve. \u00cbsht\u00eb i sigurt\u00eb, higjenikisht i past\u00ebr dhe tejet praktik.<\/p>\n<h4>Detaje:<\/h4>\n<ul>\n<li>6+ muaj<\/li>\n<li>Higjenik dhe hermetik<\/li>\n<li>Kapaciteti 335 ml<\/li>\n<li>\u00c7elik inox i cil\u00ebsis\u00eb s\u00eb lart\u00eb, izolim me shtres\u00eb t\u00eb dyfisht\u00eb<\/li>\n<li>E mban ushqimin <b>t\u00eb ftoht\u00eb<\/b> deri n\u00eb <b>7 or\u00eb<\/b> ose <b>t\u00eb ngroht\u00eb <\/b>deri n\u00eb <b>5 or\u00eb<\/b><\/li>\n<li>Mbushje e leht\u00eb, dizajn rezistent ndaj rrjedhjeve<\/li>\n<li>Karakteristika unike e mbylljes parandalon shtr\u00ebngimin e tep\u00ebrt t\u00eb kapakut<\/li>\n<li>Doreza e bartjes siguron fuqi q\u00eb duart e vogla t\u00eb hapen n\u00eb m\u00ebnyr\u00eb t\u00eb pavarur<\/li>\n<li>Doreza t\u00eb l\u00ebvizshme q\u00eb t\u00eb mund ta personalizoni p\u00ebr t&#8217;iu p\u00ebrshtatur nevojave tuaja<\/li>\n<li>Pirun (i p\u00ebrfshir\u00eb)<\/li>\n<li>I sigurt n\u00eb lavastovilje (raft i sip\u00ebrm)<\/li>\n<li>I b\u00ebr\u00eb nga \u00e7elik inox, PP dhe silikoni<\/li>\n<li>Pa BPA, PVC dhe Ftalate<\/li>\n<\/ul>\n<h5><\/h5>\n<p><strong><em>Ushqim i ngroht\u00eb ose i ftoht\u00eb n\u00eb l\u00ebvizje<\/em><\/strong>: Kavanozi yn\u00eb termik e mban ushqimin n\u00eb temperatur\u00ebn perfekte gjat\u00eb gjith\u00eb dit\u00ebs. I b\u00ebr\u00eb nga \u00e7elik inox me shtres\u00eb t\u00eb dyfisht\u00eb t\u00eb cil\u00ebsis\u00eb s\u00eb lart\u00eb i cili ruan ushqimin t\u00eb ngroht\u00eb deri n\u00eb 5 or\u00eb ose ushqimin e ftoht\u00eb deri n\u00eb 7 or\u00eb.<\/p>\n<p><strong><em>Leht\u00eb p\u00ebr t&#8217;u p\u00ebrdorur nga f\u00ebmij\u00ebt<\/em><\/strong>: I projektuar ve\u00e7an\u00ebrisht me f\u00ebmij\u00ebt n\u00eb mendje, kavanozi i izoluar i ushqimit p\u00ebrmban doreza q\u00eb f\u00ebmij\u00ebt mund t&#8217;i kapin leht\u00ebsisht kur i hapin. Gjithashtu p\u00ebrmban dizajn unik t\u00eb mbylljes, k\u00ebshtu q\u00eb kapaku nuk mund t\u00eb shtr\u00ebngohet shum\u00eb, por mbetet i pap\u00ebrshkuesh\u00ebm nga rrjedhja. Pirun (i p\u00ebrfshir\u00eb) i pozicionuar anash n\u00eb m\u00ebnyr\u00eb q\u00eb t\u00eb jet\u00eb leht\u00ebsisht i aksesuesh\u00ebm kur f\u00ebmija t\u00eb jet\u00eb gati p\u00ebr t\u00eb ngr\u00ebn\u00eb n\u00eb shkoll\u00eb ose n\u00eb l\u00ebvizje.<\/p>\n<p><strong><em>Leht\u00eb p\u00ebr t&#8217;u pastruar<\/em><\/strong>: Larja me dor\u00eb rekomandohet p\u00ebr t\u00eb ruajtur printimin. Sip\u00ebrfaqet e l\u00ebmuara e b\u00ebjn\u00eb t\u00eb leht\u00eb pastrimin. \u00c7montohet plot\u00ebsisht p\u00ebr pastrim m\u00eb higjienik.<\/p>\n<p><em><strong>I shk\u00eblqyesh\u00ebm edhe p\u00ebr t\u00eb rriturit<\/strong><\/em>: Thjesht hiqni dorezat. Kapaciteti i madh e b\u00ebn k\u00ebt\u00eb termus t\u00eb preferuar p\u00ebr p\u00ebrdorim nga f\u00ebmij\u00ebt,<span class=\"Apple-converted-space\">\u00a0 <\/span>adoleshent\u00ebt dhe t\u00eb rriturit.<\/p>\n<p><strong>PARALAJM\u00cbRIM!<\/strong> Ky produkt nuk \u00ebsht\u00eb nj\u00eb lod\u00ebr. P\u00ebrdoreni gjithmon\u00eb k\u00ebt\u00eb produkt n\u00ebn mbik\u00ebqyrjen e t\u00eb rriturve. Mbajini t\u00eb gjith\u00eb komponent\u00ebt q\u00eb nuk p\u00ebrdoren jasht\u00eb mund\u00ebsive t\u00eb f\u00ebmij\u00ebve. Kontrolloni gjithmon\u00eb temperatur\u00ebn e ushqimit p\u00ebrpara se t\u00eb ushqeni. Para \u00e7do p\u00ebrdorimi, kontrolloni produktin. Hidhni n\u00eb shenjat e para t\u00eb d\u00ebmtimit. Produktet ushqimore plastike mund t\u00eb p\u00ebrdoren n\u00eb mikroval\u00eb me kapak t\u00eb hequr. Mos vendosni produkte \u00e7eliku inoks n\u00eb mikroval\u00eb. Mos vendosni asnj\u00eb produkt n\u00eb nj\u00eb furr\u00eb tradicionale. Disa ushqime mund t\u00eb \u00e7ngjyrosin produktin. Kjo nuk do t\u00eb ndikoj\u00eb n\u00eb performanc\u00eb.<\/p>\n<p><em>Udh\u00ebzimet e kujdesit<\/em>: Gjithmon\u00eb pastroni produktin p\u00ebrpara se ta p\u00ebrdorni p\u00ebr her\u00eb t\u00eb par\u00eb. Pastroni para \u00e7do p\u00ebrdorimi. Mbani pjes\u00ebt n\u00eb nj\u00eb vend t\u00eb that\u00eb larg rrezeve t\u00eb diellit ose burimeve t\u00eb nxeht\u00ebsis\u00eb direkte. Mos i zieni ose sterilizoni me avull pjes\u00ebt. Lani n\u00eb uj\u00eb t\u00eb ngroht\u00eb me sapun dhe shp\u00eblajeni t\u00ebr\u00ebsisht. I p\u00ebrshtatsh\u00ebm p\u00ebr lavastovilje (raft i sip\u00ebrm). Mos p\u00ebrdorni agjent\u00eb g\u00ebrryes.<\/p>","protected":false},"excerpt":{"rendered":"<p>T\u00ebrmus ushqimi p\u00ebr mbajtjen e ushqimit ose l\u00ebngjeve t\u00eb ndryshme. Mban ushqimin n\u00eb temperatur\u00ebn perfekte gjat\u00eb gjith\u00eb dit\u00ebs, pavar\u00ebsisht n\u00ebse f\u00ebmij\u00ebt preferojn\u00eb makarona t\u00eb ngrohta p\u00ebr drek\u00eb apo fruta dhe kos t\u00eb ftoht\u00eb freskues.<\/p>","protected":false},"featured_media":19293,"template":"","meta":{"_acf_changed":false,"inline_featured_image":false},"product_brand":[],"product_cat":[1014],"product_tag":[],"class_list":{"0":"post-19267","1":"product","2":"type-product","3":"status-publish","4":"has-post-thumbnail","6":"product_cat-bbox","7":"wpisset-post","8":"wpisset-post-featured","9":"wpisset-woo-has-gallery","11":"first","12":"instock","13":"shipping-taxable","14":"purchasable","15":"product-type-simple"},"acf":[],"_links":{"self":[{"href":"https:\/\/prime-distributor.al\/en\/wp-json\/wp\/v2\/product\/19267","targetHints":{"allow":["GET"]}}],"collection":[{"href":"https:\/\/prime-distributor.al\/en\/wp-json\/wp\/v2\/product"}],"about":[{"href":"https:\/\/prime-distributor.al\/en\/wp-json\/wp\/v2\/types\/product"}],"wp:featuredmedia":[{"embeddable":true,"href":"https:\/\/prime-distributor.al\/en\/wp-json\/wp\/v2\/media\/19293"}],"wp:attachment":[{"href":"https:\/\/prime-distributor.al\/en\/wp-json\/wp\/v2\/media?parent=19267"}],"wp:term":[{"taxonomy":"product_brand","embeddable":true,"href":"https:\/\/prime-distributor.al\/en\/wp-json\/wp\/v2\/product_brand?post=19267"},{"taxonomy":"product_cat","embeddable":true,"href":"https:\/\/prime-distributor.al\/en\/wp-json\/wp\/v2\/product_cat?post=19267"},{"taxonomy":"product_tag","embeddable":true,"href":"https:\/\/prime-distributor.al\/en\/wp-json\/wp\/v2\/product_tag?post=19267"}],"curies":[{"name":"wp","href":"https:\/\/api.w.org\/{rel}","templated":true}]}}