{"id":18277,"date":"2025-01-17T12:54:59","date_gmt":"2025-01-17T12:54:59","guid":{"rendered":"https:\/\/prime-distributor.al\/?post_type=product&#038;p=18277"},"modified":"2026-04-27T14:16:03","modified_gmt":"2026-04-27T14:16:03","slug":"fill-dentar-25m","status":"publish","type":"product","link":"https:\/\/prime-distributor.al\/en\/product\/fill-dentar-25m\/","title":{"rendered":"Fill Dentar &#8211; 25m"},"content":{"rendered":"<h3>NFco &#8211; Fill Dentar &#8211; 25m<\/h3>\n<h3>NFco p\u00ebr t\u00eb gjith\u00eb familjen!<\/h3>\n<ul>\n<li>Fill i ricikluesh\u00ebm me shije natyrale menteje<\/li>\n<li>Pa kimikate t\u00eb d\u00ebmshme<\/li>\n<li>Nuk ka PFAS ose kimikate t\u00eb ngjashme me Teflon<\/li>\n<li>Rr\u00ebshqet leht\u00ebsisht midis dh\u00ebmb\u00ebve<\/li>\n<li>100% Vegan<\/li>\n<\/ul>\n<h4>Udh\u00ebzimet:<\/h4>\n<p>Drejtoni but\u00ebsisht fillin midis dh\u00ebmb\u00ebve tuaj. P\u00ebrdorni fillin me nj\u00eb l\u00ebvizje t\u00eb but\u00eb para dhe mbrapa, lart dhe posht\u00eb, krahas \u00e7do dh\u00ebmbi. Pas \u00e7do p\u00ebrdorimi hiqni fillin dhe hidheni n\u00eb koshin e mbeturinave.<\/p>\n<h5>Kujdes:<\/h5>\n<p>Mbik\u00ebqyrja e t\u00eb rriturve rekomandohet n\u00ebn mosh\u00ebn 10 vje\u00e7.<\/p>","protected":false},"excerpt":{"rendered":"<h2>Fill Dentar me shije natyrale mente<\/h2>\n<p>Plot\u00ebsoni rutin\u00ebn tuaj t\u00eb kujdesit oral me Friendly Flosser me doreza prej misri, pa plastik\u00eb dhe nj\u00eb arom\u00eb natyrale menteje.<\/p>","protected":false},"featured_media":3537,"template":"","meta":{"_acf_changed":false,"inline_featured_image":false},"product_brand":[],"product_cat":[50],"product_tag":[143],"class_list":{"0":"post-18277","1":"product","2":"type-product","3":"status-publish","4":"has-post-thumbnail","6":"product_cat-jack-njill","7":"product_tag-nfco","8":"wpisset-post","9":"wpisset-post-featured","10":"wpisset-woo-has-gallery","12":"first","13":"instock","14":"shipping-taxable","15":"purchasable","16":"product-type-simple"},"acf":[],"_links":{"self":[{"href":"https:\/\/prime-distributor.al\/en\/wp-json\/wp\/v2\/product\/18277","targetHints":{"allow":["GET"]}}],"collection":[{"href":"https:\/\/prime-distributor.al\/en\/wp-json\/wp\/v2\/product"}],"about":[{"href":"https:\/\/prime-distributor.al\/en\/wp-json\/wp\/v2\/types\/product"}],"wp:featuredmedia":[{"embeddable":true,"href":"https:\/\/prime-distributor.al\/en\/wp-json\/wp\/v2\/media\/3537"}],"wp:attachment":[{"href":"https:\/\/prime-distributor.al\/en\/wp-json\/wp\/v2\/media?parent=18277"}],"wp:term":[{"taxonomy":"product_brand","embeddable":true,"href":"https:\/\/prime-distributor.al\/en\/wp-json\/wp\/v2\/product_brand?post=18277"},{"taxonomy":"product_cat","embeddable":true,"href":"https:\/\/prime-distributor.al\/en\/wp-json\/wp\/v2\/product_cat?post=18277"},{"taxonomy":"product_tag","embeddable":true,"href":"https:\/\/prime-distributor.al\/en\/wp-json\/wp\/v2\/product_tag?post=18277"}],"curies":[{"name":"wp","href":"https:\/\/api.w.org\/{rel}","templated":true}]}}