{"id":1760,"date":"2022-03-29T09:35:37","date_gmt":"2022-03-29T09:35:37","guid":{"rendered":"https:\/\/prime-distributor.al\/?post_type=product&#038;p=1760"},"modified":"2024-11-21T11:05:20","modified_gmt":"2024-11-21T11:05:20","slug":"balene-pellushi-me-ndricues-me-prekje","status":"publish","type":"product","link":"https:\/\/prime-distributor.al\/en\/product\/balene-pellushi-me-ndricues-me-prekje\/","title":{"rendered":"Balene pellushi me ndri\u00e7ues me prekje"},"content":{"rendered":"<ul>\n<li>Dimensionet : 230 x 165 x 115 mm<\/li>\n<li>Siluet\u00eb prej balene prej pellushi<\/li>\n<li>Mbushje prej pelushi<\/li>\n<li>Hije gri; Sy t\u00eb q\u00ebndisur t\u00eb zinj<\/li>\n<li>Drita LED e drejtuar nga bateria p\u00ebrs\u00ebri n\u00eb krye<\/li>\n<li>Burimi i energjis\u00eb: 3 bateri AAA (nuk p\u00ebrfshihen)<\/li>\n<li>Tre opsione trokitje; drit\u00eb t\u00eb plot\u00eb, gjysm\u00eb drit\u00eb dhe fikur<\/li>\n<li>Trokitja e par\u00eb: e ndritshme e plot\u00eb<\/li>\n<li>Trokitja e dyt\u00eb: gjysm\u00eb e ndritshme<\/li>\n<li>Trokitja e tret\u00eb: joaktive<\/li>\n<li>I p\u00ebrshtatsh\u00ebm p\u00ebr t\u00eb gjitha moshat<\/li>\n<li>Jet\u00ebgjat\u00ebsia e p\u00ebraf\u00ebrt e bateris\u00eb: 50-75 or\u00eb<\/li>\n<li>Projektuar n\u00eb Australi<\/li>\n<li>P\u00ebrb\u00ebrja: E jashtme: Fib\u00ebr poliesteri; E brendshme: Poliester &amp; Plastik\u00eb<\/li>\n<\/ul>","protected":false},"excerpt":{"rendered":"<p>Nga koha e loj\u00ebs deri n\u00eb koh\u00ebn e gjumit, Samson the Whale Huggable Tap Light nga Teeny &amp; Tiny\u2122 \u00ebsht\u00eb nj\u00eb shoq\u00ebrues i lezetsh\u00ebm p\u00ebr t\u00eb vegjlit tuaj.<br \/>\nLod\u00ebr dhe ndri\u00e7ues prej pellushi, me nj\u00eb drit\u00eb m\u00eb t\u00eb zbeht\u00eb p\u00ebr \u00ebndrrat e \u00ebmbla t\u00eb garantuara.<\/p>","protected":false},"featured_media":1818,"template":"","meta":{"_acf_changed":false,"inline_featured_image":false},"product_brand":[],"product_cat":[124],"product_tag":[510],"class_list":{"0":"post-1760","1":"product","2":"type-product","3":"status-publish","4":"has-post-thumbnail","6":"product_cat-teeny-tiny","7":"product_tag-teeny-and-tiny","8":"wpisset-post","9":"wpisset-post-featured","10":"wpisset-woo-has-gallery","12":"first","13":"instock","14":"shipping-taxable","15":"purchasable","16":"product-type-variable"},"acf":[],"_links":{"self":[{"href":"https:\/\/prime-distributor.al\/en\/wp-json\/wp\/v2\/product\/1760","targetHints":{"allow":["GET"]}}],"collection":[{"href":"https:\/\/prime-distributor.al\/en\/wp-json\/wp\/v2\/product"}],"about":[{"href":"https:\/\/prime-distributor.al\/en\/wp-json\/wp\/v2\/types\/product"}],"wp:featuredmedia":[{"embeddable":true,"href":"https:\/\/prime-distributor.al\/en\/wp-json\/wp\/v2\/media\/1818"}],"wp:attachment":[{"href":"https:\/\/prime-distributor.al\/en\/wp-json\/wp\/v2\/media?parent=1760"}],"wp:term":[{"taxonomy":"product_brand","embeddable":true,"href":"https:\/\/prime-distributor.al\/en\/wp-json\/wp\/v2\/product_brand?post=1760"},{"taxonomy":"product_cat","embeddable":true,"href":"https:\/\/prime-distributor.al\/en\/wp-json\/wp\/v2\/product_cat?post=1760"},{"taxonomy":"product_tag","embeddable":true,"href":"https:\/\/prime-distributor.al\/en\/wp-json\/wp\/v2\/product_tag?post=1760"}],"curies":[{"name":"wp","href":"https:\/\/api.w.org\/{rel}","templated":true}]}}