{"id":17115,"date":"2024-10-31T09:56:03","date_gmt":"2024-10-31T09:56:03","guid":{"rendered":"https:\/\/prime-distributor.al\/?post_type=product&#038;p=17115"},"modified":"2026-03-17T10:10:35","modified_gmt":"2026-03-17T10:10:35","slug":"tritan-drink-bottle-600ml-strawberry-shake","status":"publish","type":"product","link":"https:\/\/prime-distributor.al\/en\/product\/tritan-drink-bottle-600ml-strawberry-shake\/","title":{"rendered":"Tritan Drink Bottle 600ml &#8211; Strawberry Shake"},"content":{"rendered":"<h3>Strawberry Shake<\/h3>\n<p>Shishja jon\u00eb unike 600 ml p\u00ebr f\u00ebmij\u00eb \u00ebsht\u00eb ideale p\u00ebr n\u00eb shkoll\u00eb. Forma e saj unike n\u00eb form\u00eb trek\u00ebnd\u00ebshi \u00ebsht\u00eb projektuar posa\u00e7\u00ebrisht p\u00ebr duart e vogla, duke e b\u00ebr\u00eb m\u00eb t\u00eb leht\u00eb kapjen nga f\u00ebmij\u00ebt.<\/p>\n<p>Butoni me shtypje t\u00eb leht\u00eb hap kapakun, duke e mbajtur pip\u00ebz\u00ebn higjienike kur mbyllet.<\/p>\n<p>Leht\u00eb p\u00ebr t&#8217;u p\u00ebrdorur: Projektuar me nj\u00eb kapak me buton dhe pip\u00ebz me k\u00ebnd p\u00ebr pirje t\u00eb leht\u00eb me rrjedhje t\u00eb lir\u00eb.<br \/>\nE p\u00ebrkryer p\u00ebr \u00e7ant\u00ebn e shkoll\u00ebs: Doreza e madhe e transportit e b\u00ebn shishen e izoluar t\u00eb pijeve t\u00eb leht\u00eb p\u00ebr t&#8217;u mbartur dhe nxjerr\u00eb nga \u00e7anta e shkoll\u00ebs dhe \u00ebsht\u00eb e pap\u00ebrshkueshme nga rrjedhjet kur kapaku \u00ebsht\u00eb i mbyllur.<\/p>\n<p>Kapaciteti prej 600 ml dhe pip\u00ebza prej silikoni me k\u00ebnd i lejon f\u00ebmij\u00ebt t\u00eb pin\u00eb deri n\u00eb pik\u00ebn e fundit dhe t\u00eb q\u00ebndrojn\u00eb t\u00eb hidratuar gjat\u00eb gjith\u00eb dit\u00ebs. Pjes\u00eb minimale dhe shum\u00eb t\u00eb lehta p\u00ebr t&#8217;u montuar\/\u00e7montuar dhe pastruar.<\/p>\n<h4>Detaje:<\/h4>\n<ul>\n<li>3+ vje\u00e7<\/li>\n<li>Shishe unike ergonomike n\u00eb form\u00eb trek\u00ebndore p\u00ebrshtatet n\u00eb m\u00ebnyr\u00eb t\u00eb p\u00ebrkryer me kapjen me dy duar t\u00eb nj\u00eb f\u00ebmije<\/li>\n<li>Kapak i leht\u00eb p\u00ebr t&#8217;u hapur\/mbyllur<\/li>\n<li>Kapaku hapet me shtypjen e butonit dhe mbyllet n\u00eb vend p\u00ebr t\u00eb parandaluar goditjen e f\u00ebmij\u00ebs n\u00eb fytyr\u00eb kur p\u00ebrkulet p\u00ebrpara<\/li>\n<li>Kapak i pap\u00ebrshkuesh\u00ebm nga rrjedhja kur mbyllet<\/li>\n<li>Doreza e fort\u00eb e transportit e b\u00ebn t\u00eb leht\u00eb mbajtjen dhe heqjen nga \u00e7antat e shkoll\u00ebs<\/li>\n<li>Pjesa e sip\u00ebrme e pip\u00ebz prej silikoni dhe me k\u00ebnd &#8211; u lejon f\u00ebmij\u00ebve t\u00eb pin\u00eb edhe kur jan\u00eb t\u00eb anuar<\/li>\n<li>Pjes\u00eb minimale dhe jasht\u00ebzakonisht e leht\u00eb p\u00ebr t&#8217;u pastruar, montuar\/\u00e7montuar<\/li>\n<li>P\u00ebrmasat: 8.6cm x 7.8 cm x 26.8 cm<\/li>\n<li>E sigurt n\u00eb lavastovilje (raft i sip\u00ebrm)<\/li>\n<\/ul>\n<ul>\n<li style=\"list-style-type: none;\"><\/li>\n<\/ul>\n<h4><\/h4>\n<h4>Udh\u00ebzime:<\/h4>\n<p>P\u00ebr t\u00eb \u00e7montuar dhe rimontuar shishen tuaj p\u00ebr pastrim, referojuni videos son\u00eb udh\u00ebzuese. P\u00ebr t\u00eb pastruar n\u00eb m\u00ebnyr\u00eb efektive shishen, hiqni pjes\u00ebn e sip\u00ebrme t\u00eb pipz\u00ebs dhe trupin e saj prej silikoni dhe lajeni me uj\u00eb t\u00eb ngroht\u00eb dhe me sapun. Ne rekomandojm\u00eb nj\u00eb grup fur\u00e7esh pastrimi p\u00ebr t\u00eb pastruar t\u00ebr\u00ebsisht pipz\u00ebn dhe gryk\u00ebn. L\u00ebreni pjes\u00ebn e sip\u00ebrme t\u00eb pipz\u00ebs, trupin dhe pjes\u00ebt e tjera t\u00eb thahen plot\u00ebsisht p\u00ebrpara se ta rimontoni. P\u00ebrpara p\u00ebrdorimit t\u00eb par\u00eb &#8211; sigurohuni q\u00eb valvulat silikoni t\u00eb jen\u00eb t\u00eb ndara duke i shtrydhur leht\u00eb p\u00ebr t\u00eb lejuar q\u00eb ajri t\u00eb hyj\u00eb n\u00eb shishe.Kjo do t\u00eb lejoj\u00eb rrjedhjen m\u00eb t\u00eb mir\u00eb t\u00eb l\u00ebngut.<\/p>\n<p>* Materialet \u2013 PP dhe silikoni<\/p>\n<p><em><strong>Ju lutemi, mos i vendosni shishet Tritan n\u00eb frigorifer.<\/strong><\/em><\/p>\n<p><strong>PARALAJM\u00cbRIM!<\/strong> Ky produkt nuk \u00ebsht\u00eb nj\u00eb lod\u00ebr. P\u00ebrdoreni gjithmon\u00eb k\u00ebt\u00eb produkt n\u00ebn mbik\u00ebqyrjen e t\u00eb rriturve. Mos e lini f\u00ebmij\u00ebn t\u00eb ec\u00eb ose t\u00eb vrapoj\u00eb nd\u00ebrsa mban k\u00ebt\u00eb produkt. Mbajini t\u00eb gjith\u00eb komponent\u00ebt q\u00eb nuk p\u00ebrdoren jasht\u00eb mund\u00ebsive t\u00eb f\u00ebmij\u00ebve. Mos lejoni q\u00eb f\u00ebmija t\u00eb kafshoj\u00eb ose p\u00ebrtyp\u00eb k\u00ebt\u00eb produkt. Pjes\u00ebt individuale mund t\u00eb paraqesin rrezik mbytjeje. Pastroni para \u00e7do p\u00ebrdorimi. P\u00ebrpara p\u00ebrdorimit t\u00eb par\u00eb, pip\u00ebz\u00ebn vendoseni n\u00eb uj\u00eb t\u00eb vluar p\u00ebr 5 minuta ose n\u00eb nj\u00eb sterilizues me avull. Kjo \u00ebsht\u00eb p\u00ebr t\u00eb siguruar higjien\u00ebn. Gjithmon\u00eb kontrolloni temperatur\u00ebn e l\u00ebngjeve ose t\u00eb ushqimit p\u00ebrpara se t\u00eb pini\/ushqeni. L\u00ebngjet\/ushqimet e nxehta mund t\u00eb shkaktojn\u00eb djegie. Mos e p\u00ebrdorni me l\u00ebng\/ushqim mbi 45\u00b0C. N\u00ebse p\u00ebrdorni me p\u00ebrmbajtje t\u00eb ngroht\u00eb, ju lutemi kini kujdes kur hapni pasi mund t\u00eb krijohet presion dhe t\u00eb shkaktoj\u00eb sp\u00ebrkatje t\u00eb l\u00ebngut. Pip\u00ebzat nuk jan\u00eb t\u00eb p\u00ebrshtatshme p\u00ebr f\u00ebmij\u00ebt n\u00ebn 6 muaj. Para p\u00ebrdorimit, gjithmon\u00eb kontrolloni dhe t\u00ebrhiqni pip\u00ebz\u00ebn ose gryk\u00ebn n\u00eb t\u00eb gjitha drejtimet. Hidheni sapo t\u00eb vini re shenjat e para t\u00eb d\u00ebmtimit. Thithja e vazhdueshme dhe e zgjatur e l\u00ebngjeve do t\u00eb shkaktoj\u00eb prishjen e dh\u00ebmb\u00ebve. Asnj\u00ebher\u00eb mos e ekspozoni pip\u00ebz\u00ebn n\u00eb rrezet e diellit ose nxeht\u00ebsin\u00eb direkte. Asnj\u00ebher\u00eb mos e lini pip\u00ebz\u00ebn n\u00eb nj\u00eb produkt dezinfektues (tret\u00ebsir\u00eb \u200b\u200bsterilizuese) p\u00ebr m\u00eb shum\u00eb se sa rekomandohet sepse kjo mund ta dob\u00ebsoj\u00eb at\u00eb. Disa l\u00ebngje\/ushqime mund t\u00eb \u00e7ngjyrosin k\u00ebt\u00eb produkt. Kjo nuk do t\u00eb ndikoj\u00eb n\u00eb performanc\u00eb. Baza e t\u00eb gjitha produkteve plastike t\u00eb pijes mund t\u00eb vendoset n\u00eb mikroval\u00eb p\u00ebr maksimum 30 sekonda n\u00eb t\u00eb nj\u00ebjt\u00ebn koh\u00eb. Mos i vendosni produktet plastike n\u00eb mikroval\u00eb me kapak. Mos vendosni asnj\u00eb produkt n\u00eb furr\u00eb. Mos e p\u00ebrdorni me pije t\u00eb nxehta ose t\u00eb gazuara. Mos e p\u00ebrdorni me l\u00ebngje q\u00eb p\u00ebrmbajn\u00eb tul.<\/p>","protected":false},"excerpt":{"rendered":"<p>Shishja jon\u00eb unike p\u00ebr f\u00ebmij\u00eb \u00ebsht\u00eb ideale p\u00ebr n\u00eb shkoll\u00eb.<\/p>\n<p>Kapaciteti prej 600 ml dhe pip\u00ebza prej silikoni me k\u00ebnd i lejon f\u00ebmij\u00ebt t\u00eb pin\u00eb deri n\u00eb pik\u00ebn e fundit dhe t\u00eb q\u00ebndrojn\u00eb t\u00eb hidratuar gjat\u00eb gjith\u00eb dit\u00ebs.<\/p>","protected":false},"featured_media":18355,"template":"","meta":{"_acf_changed":false,"inline_featured_image":false},"product_brand":[],"product_cat":[1014],"product_tag":[],"class_list":{"0":"post-17115","1":"product","2":"type-product","3":"status-publish","4":"has-post-thumbnail","6":"product_cat-bbox","7":"wpisset-post","8":"wpisset-post-featured","9":"wpisset-woo-has-gallery","11":"first","12":"instock","13":"shipping-taxable","14":"purchasable","15":"product-type-simple"},"acf":[],"_links":{"self":[{"href":"https:\/\/prime-distributor.al\/en\/wp-json\/wp\/v2\/product\/17115","targetHints":{"allow":["GET"]}}],"collection":[{"href":"https:\/\/prime-distributor.al\/en\/wp-json\/wp\/v2\/product"}],"about":[{"href":"https:\/\/prime-distributor.al\/en\/wp-json\/wp\/v2\/types\/product"}],"wp:featuredmedia":[{"embeddable":true,"href":"https:\/\/prime-distributor.al\/en\/wp-json\/wp\/v2\/media\/18355"}],"wp:attachment":[{"href":"https:\/\/prime-distributor.al\/en\/wp-json\/wp\/v2\/media?parent=17115"}],"wp:term":[{"taxonomy":"product_brand","embeddable":true,"href":"https:\/\/prime-distributor.al\/en\/wp-json\/wp\/v2\/product_brand?post=17115"},{"taxonomy":"product_cat","embeddable":true,"href":"https:\/\/prime-distributor.al\/en\/wp-json\/wp\/v2\/product_cat?post=17115"},{"taxonomy":"product_tag","embeddable":true,"href":"https:\/\/prime-distributor.al\/en\/wp-json\/wp\/v2\/product_tag?post=17115"}],"curies":[{"name":"wp","href":"https:\/\/api.w.org\/{rel}","templated":true}]}}