{"id":1708,"date":"2022-03-29T09:34:53","date_gmt":"2022-03-29T09:34:53","guid":{"rendered":"https:\/\/prime-distributor.al\/?post_type=product&#038;p=1708"},"modified":"2024-06-08T09:56:38","modified_gmt":"2024-06-08T09:56:38","slug":"tullumbac-dekorativ","status":"publish","type":"product","link":"https:\/\/prime-distributor.al\/en\/product\/tullumbac-dekorativ\/","title":{"rendered":"Tullumbac Dekorativ"},"content":{"rendered":"<p>Bashkangjitja e dekorimit n\u00eb mur\u00eb<br \/>\n\u2022 Pastroni dhe thani sip\u00ebrfaqen e zgjedhur me nj\u00eb leck\u00eb t\u00eb past\u00ebr.<br \/>\n\u2022 Hiqni ngjit\u00ebsen nga fleta.<br \/>\n\u2022 Vendosni ngjit\u00ebsen mbi tullumbace.<br \/>\n\u2022 Vendosni tullumbace n\u00eb sip\u00ebrfaqen e zgjedhur n\u00eb m\u00ebnyr\u00eb t\u00eb q\u00ebndrueshme&#8230;<\/p>\n<p>P\u00ebrdorimi: i Brendsh\u00ebm<br \/>\nVendi i Projektimit: Australi<br \/>\nVendi i Prodhimit: Kin\u00eb<br \/>\nMosha: 3 vje\u00e7 +<\/p>","protected":false},"excerpt":{"rendered":"<p>Nj\u00eb zbukurim me tullumbace i montuesh\u00ebm n\u00eb mur q\u00eb \u00ebsht\u00eb i bukur dhe arg\u00ebtues. I q\u00ebndruesh\u00ebm, eko-miq\u00ebsor &amp; i sigurt p\u00ebr f\u00ebmij\u00eb.<\/p>","protected":false},"featured_media":1803,"template":"","meta":{"_acf_changed":false,"inline_featured_image":false},"product_brand":[],"product_cat":[124],"product_tag":[510],"class_list":{"0":"post-1708","1":"product","2":"type-product","3":"status-publish","4":"has-post-thumbnail","6":"product_cat-teeny-tiny","7":"product_tag-teeny-and-tiny","8":"wpisset-post","9":"wpisset-post-featured","10":"wpisset-woo-has-gallery","12":"first","13":"instock","14":"shipping-taxable","15":"purchasable","16":"product-type-variable"},"acf":[],"_links":{"self":[{"href":"https:\/\/prime-distributor.al\/en\/wp-json\/wp\/v2\/product\/1708","targetHints":{"allow":["GET"]}}],"collection":[{"href":"https:\/\/prime-distributor.al\/en\/wp-json\/wp\/v2\/product"}],"about":[{"href":"https:\/\/prime-distributor.al\/en\/wp-json\/wp\/v2\/types\/product"}],"wp:featuredmedia":[{"embeddable":true,"href":"https:\/\/prime-distributor.al\/en\/wp-json\/wp\/v2\/media\/1803"}],"wp:attachment":[{"href":"https:\/\/prime-distributor.al\/en\/wp-json\/wp\/v2\/media?parent=1708"}],"wp:term":[{"taxonomy":"product_brand","embeddable":true,"href":"https:\/\/prime-distributor.al\/en\/wp-json\/wp\/v2\/product_brand?post=1708"},{"taxonomy":"product_cat","embeddable":true,"href":"https:\/\/prime-distributor.al\/en\/wp-json\/wp\/v2\/product_cat?post=1708"},{"taxonomy":"product_tag","embeddable":true,"href":"https:\/\/prime-distributor.al\/en\/wp-json\/wp\/v2\/product_tag?post=1708"}],"curies":[{"name":"wp","href":"https:\/\/api.w.org\/{rel}","templated":true}]}}