{"id":16771,"date":"2024-10-14T13:18:44","date_gmt":"2024-10-14T13:18:44","guid":{"rendered":"https:\/\/prime-distributor.al\/?post_type=product&#038;p=16771"},"modified":"2026-04-07T09:29:50","modified_gmt":"2026-04-07T09:29:50","slug":"matchstic-monkey-toothbrush-heads","status":"publish","type":"product","link":"https:\/\/prime-distributor.al\/en\/product\/matchstic-monkey-toothbrush-heads\/","title":{"rendered":"Matchstic Monkey Toothbrush Heads"},"content":{"rendered":"<h6>Pako me dy koka fur\u00e7e z\u00ebvend\u00ebsuese<\/h6>\n<p>Paketa e z\u00ebvend\u00ebsimit t\u00eb fur\u00e7\u00ebs s\u00eb dh\u00ebmb\u00ebve Pulse p\u00ebrfshin kat\u00ebr koka t\u00eb reja t\u00eb fur\u00e7\u00ebs s\u00eb dh\u00ebmb\u00ebve q\u00eb rrotullohen leht\u00ebsisht dhe klikohen n\u00eb vend p\u00ebr fur\u00e7\u00ebn tuaj t\u00eb dh\u00ebmb\u00ebve Sonisk Pulse, duke lejuar q\u00eb kokat e fur\u00e7\u00ebs s\u00eb dh\u00ebmb\u00ebve t\u00eb ndryshohen me leht\u00ebsi. Kokat tona z\u00ebvend\u00ebsuese t\u00eb fur\u00e7\u00ebs s\u00eb dh\u00ebmb\u00ebve prodhohen me qimet e cil\u00ebsis\u00eb m\u00eb t\u00eb lart\u00eb DuPont Tynex.<\/p>\n<p>Ne rekomandojm\u00eb q\u00eb gjithmon\u00eb t\u00eb p\u00ebrdorni kapakun e udh\u00ebtimit p\u00ebr t\u00eb mbajtur t\u00eb mbrojtura qimet e fur\u00e7\u00ebs s\u00eb dh\u00ebmb\u00ebve. K\u00ebrkoni t\u00eb nd\u00ebrroni kok\u00ebn e fur\u00e7\u00ebs s\u00eb dh\u00ebmb\u00ebve t\u00eb pakt\u00ebn \u00e7do gjasht\u00eb jav\u00eb p\u00ebr t\u00eb promovuar higjien\u00eb t\u00eb mir\u00eb orale.<\/p>\n<ul>\n<li>Kokat z\u00ebvend\u00ebsuese t\u00eb fur\u00e7\u00ebs s\u00eb dh\u00ebmb\u00ebve vijn\u00eb n\u00eb pako prej 4<\/li>\n<li>Koka e fur\u00e7\u00ebs s\u00eb dh\u00ebmb\u00ebve anti-bakterial\/anti-mikrobiale<\/li>\n<li>31,000 goditje zanore n\u00eb minut\u00eb<\/li>\n<\/ul>\n<p><em>Pastrim zanor p\u00ebr dh\u00ebmb\u00eb q\u00eb shk\u00eblqejn\u00eb dhe mishra t\u00eb sh\u00ebndetsh\u00ebm<\/em><\/p>\n<p><em>Rekomanduar nga dentist\u00ebt dhe e provuar klinikisht<\/em><\/p>","protected":false},"excerpt":{"rendered":"<p>Kokat tona z\u00ebvend\u00ebsuese t\u00eb fur\u00e7\u00ebs s\u00eb dh\u00ebmb\u00ebve prodhohen me qimet e cil\u00ebsis\u00eb m\u00eb t\u00eb lart\u00eb DuPont Tynex.<\/p>\n<p>Ne rekomandojm\u00eb t\u00eb nd\u00ebrroni kok\u00ebn e fur\u00e7\u00ebs s\u00eb dh\u00ebmb\u00ebve t\u00eb pakt\u00ebn \u00e7do gjasht\u00eb jav\u00eb p\u00ebr t\u00eb promovuar higjien\u00eb t\u00eb mir\u00eb orale.<\/p>","protected":false},"featured_media":19152,"template":"","meta":{"_acf_changed":false,"inline_featured_image":false},"product_brand":[],"product_cat":[42],"product_tag":[945],"class_list":{"0":"post-16771","1":"product","2":"type-product","3":"status-publish","4":"has-post-thumbnail","6":"product_cat-matchstick-monkey","7":"product_tag-sonisk","8":"wpisset-post","9":"wpisset-post-featured","10":"wpisset-woo-has-gallery","12":"first","13":"instock","14":"shipping-taxable","15":"purchasable","16":"product-type-simple"},"acf":[],"_links":{"self":[{"href":"https:\/\/prime-distributor.al\/en\/wp-json\/wp\/v2\/product\/16771","targetHints":{"allow":["GET"]}}],"collection":[{"href":"https:\/\/prime-distributor.al\/en\/wp-json\/wp\/v2\/product"}],"about":[{"href":"https:\/\/prime-distributor.al\/en\/wp-json\/wp\/v2\/types\/product"}],"wp:featuredmedia":[{"embeddable":true,"href":"https:\/\/prime-distributor.al\/en\/wp-json\/wp\/v2\/media\/19152"}],"wp:attachment":[{"href":"https:\/\/prime-distributor.al\/en\/wp-json\/wp\/v2\/media?parent=16771"}],"wp:term":[{"taxonomy":"product_brand","embeddable":true,"href":"https:\/\/prime-distributor.al\/en\/wp-json\/wp\/v2\/product_brand?post=16771"},{"taxonomy":"product_cat","embeddable":true,"href":"https:\/\/prime-distributor.al\/en\/wp-json\/wp\/v2\/product_cat?post=16771"},{"taxonomy":"product_tag","embeddable":true,"href":"https:\/\/prime-distributor.al\/en\/wp-json\/wp\/v2\/product_tag?post=16771"}],"curies":[{"name":"wp","href":"https:\/\/api.w.org\/{rel}","templated":true}]}}