{"id":16613,"date":"2024-10-07T13:14:26","date_gmt":"2024-10-07T13:14:26","guid":{"rendered":"https:\/\/prime-distributor.al\/?post_type=product&#038;p=16613"},"modified":"2026-03-26T11:41:29","modified_gmt":"2026-03-26T11:41:29","slug":"baby-sonic-toothbrush-ludo-lion","status":"publish","type":"product","link":"https:\/\/prime-distributor.al\/en\/product\/baby-sonic-toothbrush-ludo-lion\/","title":{"rendered":"Baby Sonic Toothbrush &#8211; Ludo Lion"},"content":{"rendered":"<h2>Baby Sonic Toothbrush &#8211; Ludo Lion<\/h2>\n<p>Fur\u00e7a e dh\u00ebmb\u00ebve sonike elektrike p\u00ebr f\u00ebmij\u00eb \u00ebsht\u00eb projektuar p\u00ebr t\u00eb pastruar dh\u00ebmb\u00ebt e t\u00eb voglit n\u00eb m\u00ebnyr\u00eb t\u00eb but\u00eb dhe efektive. Qimet ultra t\u00eb buta n\u00eb kok\u00ebn e fur\u00e7\u00ebs dhe dridhjet e buta jan\u00eb t\u00eb p\u00ebrshtatshme p\u00ebr dh\u00ebmb\u00ebt e sapo dal\u00eb dhe ju ndihmojn\u00eb t\u00eb kujdeseni p\u00ebr dh\u00ebmb\u00ebt e f\u00ebmij\u00ebs suaj dhe sh\u00ebndetin oral.<br \/>\nKapaku i dobish\u00ebm mbron kok\u00ebn e fur\u00e7\u00ebs dhe \u00ebsht\u00eb nj\u00eb zgjidhje e shk\u00eblqyer n\u00eb l\u00ebvizje.<br \/>\nP\u00ebrve\u00e7 k\u00ebsaj, produkti p\u00ebrmban <a href=\"https:\/\/www.biocote.com\/biocote-partners\/matchstick-monkey\/\">mbrojtje antimikrobike t\u00eb integruar BioCote\u00ae<\/a>, e cila redukton rritjen e mikrobeve deri n\u00eb 99.9% dhe e mban fur\u00e7\u00ebn e dh\u00ebmb\u00ebve m\u00eb t\u00eb past\u00ebr dhe m\u00eb t\u00eb fresk\u00ebt p\u00ebr m\u00eb gjat\u00eb.<\/p>\n<p>Fur\u00e7a elektrike e dh\u00ebmb\u00ebve funksionon me bateri, e testuar p\u00ebr sigurin\u00eb dhe p\u00ebrfshin nj\u00eb bateri standarde AAA e cila mund t\u00eb z\u00ebvend\u00ebsohet leht\u00ebsisht. Vjen me nj\u00eb kok\u00eb fur\u00e7e me madh\u00ebsi p\u00ebr bebe q\u00eb mund t\u00eb p\u00ebrdoret nga 3-36 muajsh, kokat z\u00ebvend\u00ebsuese mund t\u00eb blihen ve\u00e7mas.<br \/>\n3 dizenjot arg\u00ebtuese t\u00eb karaktereve t\u00eb kafsh\u00ebve dhe doreza e leht\u00eb p\u00ebr t&#8217;u mbajtur i prezantojn\u00eb foshnjat dhe t\u00eb vegjlit me rutin\u00ebn e tyre t\u00eb larjes s\u00eb dh\u00ebmb\u00ebve n\u00eb nj\u00eb m\u00ebnyr\u00eb arg\u00ebtuese dhe t\u00ebrheq\u00ebse.<br \/>\nB\u00ebjini ata t\u00eb buz\u00ebqeshin &#8211; <strong><em>Nga dalja e dh\u00ebmb\u00ebve deri tek larja, Matchstick Monkey \u00ebsht\u00eb k\u00ebtu p\u00ebr f\u00ebmij\u00ebn tuaj!<\/em><\/strong><\/p>\n<h5>Specifikime:<\/h5>\n<p>\u2022 Fur\u00e7\u00eb dh\u00ebmb\u00ebsh zanore elektrike me bateri p\u00ebr foshnjat dhe t\u00eb vegjlit<\/p>\n<p>\u2022 Qimet jasht\u00ebzakonisht t\u00eb buta dhe dridhje t\u00eb buta n\u00eb dh\u00ebmb\u00ebt e sapodal\u00eb<\/p>\n<p>\u2022 Vjen me t\u00eb dyja nj\u00eb kok\u00eb fur\u00e7e me madh\u00ebsi p\u00ebr bebe (3 muaj+- 36muaj)<\/p>\n<p>\u2022 P\u00ebrfshin kapak p\u00ebr t\u00eb mbajtur kok\u00ebn e fur\u00e7\u00ebs t\u00eb past\u00ebr<\/p>\n<p>\u2022 P\u00ebrmban <a href=\"https:\/\/www.biocote.com\/biocote-partners\/matchstick-monkey\/\">mbrojtje antimikrobike Biocote\u00ae<\/a> , duke i mbajtur produktet m\u00eb t\u00eb fresk\u00ebta dhe m\u00eb t\u00eb pastra p\u00ebr m\u00eb gjat\u00eb<\/p>\n<p>\u2022 1x bateri AAA e p\u00ebrfshir\u00eb<\/p>","protected":false},"excerpt":{"rendered":"<p>Fur\u00e7a e dh\u00ebmb\u00ebve sonike elektrike p\u00ebr f\u00ebmij\u00eb \u00ebsht\u00eb projektuar p\u00ebr t\u00eb pastruar dh\u00ebmb\u00ebt e t\u00eb voglit n\u00eb m\u00ebnyr\u00eb t\u00eb but\u00eb dhe efektive.<\/p>","protected":false},"featured_media":16728,"template":"","meta":{"_acf_changed":false,"inline_featured_image":false},"product_brand":[],"product_cat":[42],"product_tag":[945],"class_list":{"0":"post-16613","1":"product","2":"type-product","3":"status-publish","4":"has-post-thumbnail","6":"product_cat-matchstick-monkey","7":"product_tag-sonisk","8":"wpisset-post","9":"wpisset-post-featured","11":"first","12":"instock","13":"shipping-taxable","14":"purchasable","15":"product-type-simple"},"acf":[],"_links":{"self":[{"href":"https:\/\/prime-distributor.al\/en\/wp-json\/wp\/v2\/product\/16613","targetHints":{"allow":["GET"]}}],"collection":[{"href":"https:\/\/prime-distributor.al\/en\/wp-json\/wp\/v2\/product"}],"about":[{"href":"https:\/\/prime-distributor.al\/en\/wp-json\/wp\/v2\/types\/product"}],"wp:featuredmedia":[{"embeddable":true,"href":"https:\/\/prime-distributor.al\/en\/wp-json\/wp\/v2\/media\/16728"}],"wp:attachment":[{"href":"https:\/\/prime-distributor.al\/en\/wp-json\/wp\/v2\/media?parent=16613"}],"wp:term":[{"taxonomy":"product_brand","embeddable":true,"href":"https:\/\/prime-distributor.al\/en\/wp-json\/wp\/v2\/product_brand?post=16613"},{"taxonomy":"product_cat","embeddable":true,"href":"https:\/\/prime-distributor.al\/en\/wp-json\/wp\/v2\/product_cat?post=16613"},{"taxonomy":"product_tag","embeddable":true,"href":"https:\/\/prime-distributor.al\/en\/wp-json\/wp\/v2\/product_tag?post=16613"}],"curies":[{"name":"wp","href":"https:\/\/api.w.org\/{rel}","templated":true}]}}