{"id":1627,"date":"2022-03-29T09:33:37","date_gmt":"2022-03-29T09:33:37","guid":{"rendered":"https:\/\/prime-distributor.al\/?post_type=product&#038;p=1627"},"modified":"2026-04-09T11:09:45","modified_gmt":"2026-04-09T11:09:45","slug":"furce-silikoni-faza-3","status":"publish","type":"product","link":"https:\/\/prime-distributor.al\/en\/product\/furce-silikoni-faza-3\/","title":{"rendered":"Furc\u00eb Silikoni Faza 3"},"content":{"rendered":"<p>Fur\u00e7\u00eb Silikoni Tooth &amp; Gum Faza 3 &#8211; p\u00ebr dh\u00ebmb\u00ebt dhe mishrat e dh\u00ebmb\u00ebve.<\/p>\n<p>Kjo fur\u00e7\u00eb dh\u00ebmb\u00ebsh me pamje jokonvencionale mund t\u00eb jet\u00eb pak e v\u00ebshtir\u00eb t\u00eb vler\u00ebsohet n\u00eb fillim. Dor\u00ebzojani nj\u00eb f\u00ebmije 2 ose 3 vje\u00e7 dhe shikojini si lajn\u00eb dh\u00ebmb\u00ebt me magji dhe intuit\u00eb pothuajse menj\u00ebher\u00eb.<\/p>\n<p>B\u00ebr\u00eb nga 100% silikoni i grad\u00ebs Mjek\u00ebsore\/Ushqimore, \u00ebsht\u00eb gjenialitet q\u00eb \u00ebsht\u00eb i dyansh\u00ebm &#8211; pastron lart dhe posht\u00eb, para dhe mbrapa n\u00eb t\u00eb nj\u00ebjt\u00ebn koh\u00eb! Do t\u00eb leht\u00ebsoheni dhe mahniteni n\u00eb t\u00eb nj\u00ebjt\u00ebn koh\u00eb!<\/p>\n<p>Leht\u00eb p\u00ebr t\u2019u p\u00ebrdorur, e but\u00eb ndaj mishrave t\u00eb dh\u00ebmb\u00ebve, jo toksike dhe pa BPA, fur\u00e7a jon\u00eb prej silikoni \u00ebsht\u00eb e but\u00eb p\u00ebr dh\u00ebmb\u00ebt e vegj\u00ebl dhe mishrat e ndjesh\u00ebm t\u00eb dh\u00ebmb\u00ebve. E p\u00ebrshtatshme p\u00ebr p\u00ebrdorim me <a href=\"https:\/\/prime-distributor.al\/en\/product\/paste-dhembesh-50g\/\">past\u00eb dh\u00ebmb\u00ebsh Jack N &#8216;Jill<\/a>.<\/p>\n<p>Faza 3 &#8211; e p\u00ebrshtatshme p\u00ebr mosh\u00eb 2 &#8211; 5 vje\u00e7.<\/p>","protected":false},"excerpt":{"rendered":"<p>Dor\u00ebzojeni nj\u00eb f\u00ebmije 2 ose 3 vje\u00e7 dhe shikojini si lajn\u00eb dh\u00ebmb\u00ebt me magji dhe intuiti\u00eb pothuajse menj\u00ebher\u00eb. Do t\u00eb leht\u00ebsoheni dhe mahniteni n\u00eb t\u00eb nj\u00ebjt\u00ebn koh\u00eb!<\/p>","protected":false},"featured_media":1741,"template":"","meta":{"_acf_changed":false,"inline_featured_image":false},"product_brand":[],"product_cat":[50],"product_tag":[508],"class_list":{"0":"post-1627","1":"product","2":"type-product","3":"status-publish","4":"has-post-thumbnail","6":"product_cat-jack-njill","7":"product_tag-jack-njill","8":"wpisset-post","9":"wpisset-post-featured","10":"wpisset-woo-has-gallery","12":"first","13":"instock","14":"shipping-taxable","15":"purchasable","16":"product-type-simple"},"acf":[],"_links":{"self":[{"href":"https:\/\/prime-distributor.al\/en\/wp-json\/wp\/v2\/product\/1627","targetHints":{"allow":["GET"]}}],"collection":[{"href":"https:\/\/prime-distributor.al\/en\/wp-json\/wp\/v2\/product"}],"about":[{"href":"https:\/\/prime-distributor.al\/en\/wp-json\/wp\/v2\/types\/product"}],"wp:featuredmedia":[{"embeddable":true,"href":"https:\/\/prime-distributor.al\/en\/wp-json\/wp\/v2\/media\/1741"}],"wp:attachment":[{"href":"https:\/\/prime-distributor.al\/en\/wp-json\/wp\/v2\/media?parent=1627"}],"wp:term":[{"taxonomy":"product_brand","embeddable":true,"href":"https:\/\/prime-distributor.al\/en\/wp-json\/wp\/v2\/product_brand?post=1627"},{"taxonomy":"product_cat","embeddable":true,"href":"https:\/\/prime-distributor.al\/en\/wp-json\/wp\/v2\/product_cat?post=1627"},{"taxonomy":"product_tag","embeddable":true,"href":"https:\/\/prime-distributor.al\/en\/wp-json\/wp\/v2\/product_tag?post=1627"}],"curies":[{"name":"wp","href":"https:\/\/api.w.org\/{rel}","templated":true}]}}