{"id":1626,"date":"2022-03-29T09:33:36","date_gmt":"2022-03-29T09:33:36","guid":{"rendered":"https:\/\/prime-distributor.al\/?post_type=product&#038;p=1626"},"modified":"2026-04-24T07:34:29","modified_gmt":"2026-04-24T07:34:29","slug":"furce-silikoni-faza-2","status":"publish","type":"product","link":"https:\/\/prime-distributor.al\/en\/product\/furce-silikoni-faza-2\/","title":{"rendered":"Furc\u00eb Silikoni Faza 2"},"content":{"rendered":"<p>Fur\u00e7\u00eb dh\u00ebmb\u00ebsh silikoni Faza 2 &#8211; me mburoj\u00eb sigurie.<\/p>\n<p>B\u00ebr\u00eb nga silikoni 100% i grad\u00ebs Mjek\u00ebsore\/Ushqimore, \u00ebsht\u00eb krijuar p\u00ebr nj\u00eb fillim t\u00eb thjesht\u00eb dhe efektiv drejt nj\u00eb higjene t\u00eb mir\u00eb orale q\u00eb nga dh\u00ebmbi i par\u00eb.<\/p>\n<p>\u00cbsht\u00eb nj\u00eb fur\u00e7\u00eb dh\u00ebmb\u00ebsh e shk\u00eblqyeshme e cila \u00ebsht\u00eb e leht\u00eb p\u00ebr t\u2019u p\u00ebrdorur, jo toksike dhe pa BPA. Fur\u00e7a e dh\u00ebmb\u00ebve prej silikoni \u00ebsht\u00eb e but\u00eb ndaj dh\u00ebmb\u00ebve t\u00eb vegj\u00ebl dhe mishrave t\u00eb ndjesh\u00ebm t\u00eb dh\u00ebmb\u00ebve me nj\u00eb mburoj\u00eb sigurie t\u00eb p\u00ebrfshir\u00eb p\u00ebr t\u00eb parandaluar mbytjen.<\/p>\n<p>F\u00ebmij\u00ebt mund t\u00eb fillojn\u00eb t\u00eb m\u00ebsojn\u00eb ta p\u00ebrdorin vet\u00eb nj\u00eb fur\u00e7\u00eb dh\u00ebmb\u00ebsh (natyrisht n\u00ebn mbik\u00ebqyrje) &#8211; pa dyshim q\u00eb ata do t\u00eb fillojn\u00eb ta t\u00ebrheqin fur\u00e7\u00ebn e dh\u00ebmb\u00ebve nga duart tuaja pasi b\u00ebhen aventuresk!<\/p>\n<p>E p\u00ebrshtatshme p\u00ebr p\u00ebrdorim me <a href=\"https:\/\/prime-distributor.al\/en\/product\/paste-dhembesh-50g\/\">past\u00eb dh\u00ebmb\u00ebsh Jack N &#8216;Jill<\/a>\u00a0dhe ideal p\u00ebr foshnje \/ f\u00ebmij\u00eb para se t\u00eb vijn\u00eb dh\u00ebmb\u00ebt an\u00ebsor\u00eb \/ t\u00eb pasm\u00eb.<\/p>\n<p>Faza 2 &#8211; e p\u00ebrshtatshme p\u00ebr mosh\u00eb 12 &#8211; 24 muaj.<br \/>\nPaketimi \u00ebsht\u00eb plot\u00ebsisht i biodegraduesh\u00ebm.<\/p>","protected":false},"excerpt":{"rendered":"<p>\u00cbsht\u00eb nj\u00eb fur\u00e7\u00eb dh\u00ebmb\u00ebsh e shk\u00eblqyeshme e cila \u00ebsht\u00eb e leht\u00eb p\u00ebr t\u2019u p\u00ebrdorur, jo toksike dhe pa BPA. Fur\u00e7a e dh\u00ebmb\u00ebve prej silikoni \u00ebsht\u00eb e but\u00eb ndaj dh\u00ebmb\u00ebve t\u00eb vegj\u00ebl dhe mishrave t\u00eb ndjesh\u00ebm t\u00eb dh\u00ebmb\u00ebve me nj\u00eb mburoj\u00eb sigurie t\u00eb p\u00ebrfshir\u00eb p\u00ebr t\u00eb parandaluar mbytjen.<\/p>","protected":false},"featured_media":1737,"template":"","meta":{"_acf_changed":false,"inline_featured_image":false},"product_brand":[],"product_cat":[50],"product_tag":[508],"class_list":{"0":"post-1626","1":"product","2":"type-product","3":"status-publish","4":"has-post-thumbnail","6":"product_cat-jack-njill","7":"product_tag-jack-njill","8":"wpisset-post","9":"wpisset-post-featured","10":"wpisset-woo-has-gallery","12":"first","13":"instock","14":"shipping-taxable","15":"purchasable","16":"product-type-simple"},"acf":[],"_links":{"self":[{"href":"https:\/\/prime-distributor.al\/en\/wp-json\/wp\/v2\/product\/1626","targetHints":{"allow":["GET"]}}],"collection":[{"href":"https:\/\/prime-distributor.al\/en\/wp-json\/wp\/v2\/product"}],"about":[{"href":"https:\/\/prime-distributor.al\/en\/wp-json\/wp\/v2\/types\/product"}],"wp:featuredmedia":[{"embeddable":true,"href":"https:\/\/prime-distributor.al\/en\/wp-json\/wp\/v2\/media\/1737"}],"wp:attachment":[{"href":"https:\/\/prime-distributor.al\/en\/wp-json\/wp\/v2\/media?parent=1626"}],"wp:term":[{"taxonomy":"product_brand","embeddable":true,"href":"https:\/\/prime-distributor.al\/en\/wp-json\/wp\/v2\/product_brand?post=1626"},{"taxonomy":"product_cat","embeddable":true,"href":"https:\/\/prime-distributor.al\/en\/wp-json\/wp\/v2\/product_cat?post=1626"},{"taxonomy":"product_tag","embeddable":true,"href":"https:\/\/prime-distributor.al\/en\/wp-json\/wp\/v2\/product_tag?post=1626"}],"curies":[{"name":"wp","href":"https:\/\/api.w.org\/{rel}","templated":true}]}}