{"id":1625,"date":"2022-03-29T09:33:36","date_gmt":"2022-03-29T09:33:36","guid":{"rendered":"https:\/\/prime-distributor.al\/?post_type=product&#038;p=1625"},"modified":"2026-03-26T10:57:14","modified_gmt":"2026-03-26T10:57:14","slug":"furce-silikoni-faza-1","status":"publish","type":"product","link":"https:\/\/prime-distributor.al\/en\/product\/furce-silikoni-faza-1\/","title":{"rendered":"Furc\u00eb Silikoni Faza 1"},"content":{"rendered":"<p>Fur\u00e7\u00eb gisht\u00ebz silikoni Faza 1 &#8211; Paketimi p\u00ebrmban 2 gisht\u00ebza dhe nj\u00eb kuti! B\u00ebr\u00eb nga 100% silikoni i grad\u00ebs mjek\u00ebsore\/ushqimore, krijuar p\u00ebr nj\u00eb fillim t\u00eb thjesht\u00eb dhe efektiv drejt nj\u00eb higjene t\u00eb mir\u00eb orale nga 6 muaj +.<\/p>\n<p>Leht\u00eb p\u00ebr t\u2019u p\u00ebrdorur, e but\u00eb ndaj mishrave t\u00eb dh\u00ebmb\u00ebve, jo toksike dhe pa BPA, fur\u00e7a gisht\u00ebz silikoni \u00ebsht\u00eb e p\u00ebrshtatshme p\u00ebr p\u00ebrdorim me <a href=\"https:\/\/prime-distributor.al\/en\/product\/paste-dhembesh-50g\/\">past\u00eb dh\u00ebmb\u00ebsh Jack N &#8216;Jill<\/a> dhe e p\u00ebrshtatshme p\u00ebr udh\u00ebtime. Kjo \u00ebsht\u00eb gjithashtu nj\u00eb zgjedhje e shk\u00eblqyeshme kur p\u00ebrdoret s\u00eb bashku me <a href=\"https:\/\/prime-distributor.al\/en\/product\/peceta-per-mishrat-e-dhembeve\/\">pecetat p\u00ebr dh\u00ebmb\u00eb &amp; mishrat e dh\u00ebmb\u00ebve<\/a>!<\/p>\n<p><strong>Faza 1 &#8211; \u00ebsht\u00eb e p\u00ebrshtatshme p\u00ebr mosh\u00eb 6 &#8211; 12 muaj.<\/strong><\/p>\n<p>Me dy an\u00eb: P\u00ebrdorni an\u00ebn &#8216;fur\u00e7\u00eb&#8217; p\u00ebr pastrimin e but\u00eb t\u00eb dh\u00ebmb\u00ebve t\u00eb foshnj\u00ebs. P\u00ebrdorni an\u00ebn &#8216;me tekstur\u00eb&#8217; p\u00ebr t\u00eb masazhuar mishrat e dh\u00ebmb\u00ebve &#8211; e shk\u00eblqyeshme p\u00ebr dh\u00ebmb\u00ebt.<\/p>\n<p>K\u00ebshill\u00eb: Gjithmon\u00eb sigurohuni q\u00eb fur\u00e7a juaj e gishtave Jack N &#8216;Jill Silicone \u00ebsht\u00eb e past\u00ebr. Lani me uj\u00eb t\u00eb ngroht\u00eb dhe me sapun. I sigurt p\u00ebr t\u2019u sterilizuar. Ruhet n\u00eb nj\u00eb en\u00eb t\u00eb past\u00ebr.<\/p>\n<p>Sigurisht, vet\u00ebm p\u00ebr t&#8217;u p\u00ebrdorur nga nj\u00eb i rritur n\u00eb foshnj\u00eb \/ f\u00ebmij\u00eb. Kjo nuk \u00ebsht\u00eb nj\u00eb biberon apo pajisje dh\u00ebmb\u00ebzimi. Hidheni menj\u00ebher\u00eb n\u00ebse shqyhet\/d\u00ebmtohet. Paketimi \u00ebsht\u00eb plot\u00ebsisht i biodegraduesh\u00ebm.<\/p>","protected":false},"excerpt":{"rendered":"<p>Leht\u00eb p\u00ebr t\u2019u p\u00ebrdorur, e but\u00eb ndaj mishrave t\u00eb dh\u00ebmb\u00ebve, jo toksike dhe pa BPA, fur\u00e7a gisht\u00ebz silikoni \u00ebsht\u00eb e p\u00ebrshtatshme p\u00ebr p\u00ebrdorim me <a href=\"https:\/\/prime-distributor.al\/en\/product\/paste-dhembesh-50g\/\">past\u00eb dh\u00ebmb\u00ebsh Jack N &#8216;Jill<\/a> dhe e p\u00ebrshtatshme p\u00ebr udh\u00ebtime.<\/p>","protected":false},"featured_media":1726,"template":"","meta":{"_acf_changed":false,"inline_featured_image":false},"product_brand":[],"product_cat":[50],"product_tag":[508],"class_list":{"0":"post-1625","1":"product","2":"type-product","3":"status-publish","4":"has-post-thumbnail","6":"product_cat-jack-njill","7":"product_tag-jack-njill","8":"wpisset-post","9":"wpisset-post-featured","10":"wpisset-woo-has-gallery","12":"first","13":"outofstock","14":"shipping-taxable","15":"purchasable","16":"product-type-simple"},"acf":[],"_links":{"self":[{"href":"https:\/\/prime-distributor.al\/en\/wp-json\/wp\/v2\/product\/1625","targetHints":{"allow":["GET"]}}],"collection":[{"href":"https:\/\/prime-distributor.al\/en\/wp-json\/wp\/v2\/product"}],"about":[{"href":"https:\/\/prime-distributor.al\/en\/wp-json\/wp\/v2\/types\/product"}],"wp:featuredmedia":[{"embeddable":true,"href":"https:\/\/prime-distributor.al\/en\/wp-json\/wp\/v2\/media\/1726"}],"wp:attachment":[{"href":"https:\/\/prime-distributor.al\/en\/wp-json\/wp\/v2\/media?parent=1625"}],"wp:term":[{"taxonomy":"product_brand","embeddable":true,"href":"https:\/\/prime-distributor.al\/en\/wp-json\/wp\/v2\/product_brand?post=1625"},{"taxonomy":"product_cat","embeddable":true,"href":"https:\/\/prime-distributor.al\/en\/wp-json\/wp\/v2\/product_cat?post=1625"},{"taxonomy":"product_tag","embeddable":true,"href":"https:\/\/prime-distributor.al\/en\/wp-json\/wp\/v2\/product_tag?post=1625"}],"curies":[{"name":"wp","href":"https:\/\/api.w.org\/{rel}","templated":true}]}}