{"id":1580,"date":"2022-03-29T09:32:51","date_gmt":"2022-03-29T09:32:51","guid":{"rendered":"https:\/\/prime-distributor.al\/?post_type=product&#038;p=1580"},"modified":"2026-04-24T13:06:42","modified_gmt":"2026-04-24T13:06:42","slug":"xhel-qetesues-per-mishrat-e-dhembeve","status":"publish","type":"product","link":"https:\/\/prime-distributor.al\/en\/product\/xhel-qetesues-per-mishrat-e-dhembeve\/","title":{"rendered":"Xhel qet\u00ebsues p\u00ebr mishrat e dh\u00ebmb\u00ebve"},"content":{"rendered":"<p>Dalja e dh\u00ebmb\u00ebve mund t\u00eb jet\u00eb po aq shqet\u00ebsuese p\u00ebr prind\u00ebrit sa edhe p\u00ebr t\u00eb vegjlit. Sfida e Jack N&#8217; Jill ka qen\u00eb t\u00eb krijoj\u00eb nj\u00eb produkt q\u00eb siguron leht\u00ebsim, shije t\u00eb mahnitshme (arom\u00eb t\u00eb but\u00eb vanilje) dhe n\u00eb t\u00eb nj\u00ebjt\u00ebn koh\u00eb u jep prind\u00ebrve qet\u00ebsi se ata po shmangin kimikatet e d\u00ebmshme.<\/p>\n<p>Siguria \u00ebsht\u00eb gjithmon\u00eb e para!<\/p>\n<p>Formula qet\u00ebsuese q\u00eb p\u00ebrmban Kamomil dhe Calendula dhe nj\u00eb arom\u00eb t\u00eb but\u00eb vanilje dhe \u00ebsht\u00eb nj\u00eb alternativ\u00eb natyrore p\u00ebr Bonjela.<\/p>\n<p>Absolutisht pa &#8220;benzocaine &amp; belladonna&#8221; dhe i p\u00ebrshtatsh\u00ebm nga 4 muaj +<br \/>\nXheli \u00ebsht\u00eb vegan dhe prodhuar n\u00eb Australi n\u00eb nj\u00eb struktur\u00eb t\u00eb li\u00e7ensuar nga TGA<\/p>\n<h6>\u00c7FAR\u00cb KA N\u00cb T\u00cb?<\/h6>\n<p>P\u00ebrb\u00ebr\u00ebsit aktiv\u00eb: Ekstrakt Calendula officinalis (Calendula) 1 mg\/g [ekuivi lule e that\u00eb 20 mg\/g]. Ekstrakt matriciaria chamomilla (kamomil) 2 mg\/g [ekuivi lule e that\u00eb 1 mg\/g].<\/p>\n<p>P\u00ebrb\u00ebr\u00ebsit ndihm\u00ebs: monohidrat i acidit citrik, arom\u00eb, glicerol, hietelloz, sorbat kaliumi, uj\u00eb i pastruar, ksilitol<\/p>\n<p>Udh\u00ebzime: Lani duart p\u00ebrpara p\u00ebrdorimit. Aplikoni nj\u00eb sasi t\u00eb vog\u00ebl t\u00eb xhelit p\u00ebr f\u00ebmij\u00eb Jack N&#8217; Jill n\u00eb madh\u00ebsin\u00eb e bizeles n\u00eb nj\u00eb lod\u00ebr dh\u00ebmb\u00ebzimi ose n\u00eb gishtin tuaj dhe p\u00ebrhapeni n\u00eb burimin e dhimbjes deri n\u00eb 4 her\u00eb n\u00eb dit\u00eb ose sipas udh\u00ebzimeve t\u00eb mjekut.<\/p>\n<h6>PARALAJM\u00cbRIME:<\/h6>\n<p>P\u00ebr foshnjat n\u00ebn 4 muaj konsultohuni me nj\u00eb mjek p\u00ebrpara p\u00ebrdorimit. N\u00ebse acarimi, dhimbja, \u00ebnjtja ose skuqja nuk largohen ose shfaqen skuqje ose ethe, ndaloni p\u00ebrdorimin dhe konsultohuni me mjekun tuaj. N\u00ebse simptomat vazhdojn\u00eb, bisedoni me profesionistin tuaj sh\u00ebndet\u00ebsor. N\u00eb rast mbidozimi ose reaksioni alergjik, k\u00ebrkoni menj\u00ebher\u00eb k\u00ebshilla mjek\u00ebsore. Mos e p\u00ebrdorni n\u00ebse tubi ose maja \u00ebsht\u00eb d\u00ebmtuar p\u00ebrpara hapjes. Mbajeni larg f\u00ebmij\u00ebve. P\u00ebrmban sorbat kaliumi. Ruani n\u00ebn 30\u2103.<\/p>\n<p><em>*Kjo list\u00eb p\u00ebrb\u00ebr\u00ebsish mund t\u00eb ndryshoj\u00eb. Ju lutemi referojuni etiket\u00ebs s\u00eb produktit p\u00ebr list\u00ebn m\u00eb t\u00eb sakt\u00eb p\u00ebr \u00e7do produkt individual t\u00eb bler\u00eb p\u00ebrpara p\u00ebrdorimit.<\/em><\/p>\n<p>&nbsp;<\/p>\n","protected":false},"excerpt":{"rendered":"<p>Xhel p\u00ebr dh\u00ebmb\u00ebt leht\u00ebson p\u00ebrkoh\u00ebsisht simptomat e shqet\u00ebsimit t\u00eb mishrave t\u00eb dh\u00ebmb\u00ebve gjat\u00eb shfaqjes s\u00eb tyre.<\/p>","protected":false},"featured_media":1702,"template":"","meta":{"_acf_changed":false,"inline_featured_image":false},"product_brand":[],"product_cat":[50],"product_tag":[508],"class_list":{"0":"post-1580","1":"product","2":"type-product","3":"status-publish","4":"has-post-thumbnail","6":"product_cat-jack-njill","7":"product_tag-jack-njill","8":"wpisset-post","9":"wpisset-post-featured","10":"wpisset-woo-has-gallery","12":"first","13":"instock","14":"shipping-taxable","15":"purchasable","16":"product-type-simple"},"acf":[],"_links":{"self":[{"href":"https:\/\/prime-distributor.al\/en\/wp-json\/wp\/v2\/product\/1580","targetHints":{"allow":["GET"]}}],"collection":[{"href":"https:\/\/prime-distributor.al\/en\/wp-json\/wp\/v2\/product"}],"about":[{"href":"https:\/\/prime-distributor.al\/en\/wp-json\/wp\/v2\/types\/product"}],"wp:featuredmedia":[{"embeddable":true,"href":"https:\/\/prime-distributor.al\/en\/wp-json\/wp\/v2\/media\/1702"}],"wp:attachment":[{"href":"https:\/\/prime-distributor.al\/en\/wp-json\/wp\/v2\/media?parent=1580"}],"wp:term":[{"taxonomy":"product_brand","embeddable":true,"href":"https:\/\/prime-distributor.al\/en\/wp-json\/wp\/v2\/product_brand?post=1580"},{"taxonomy":"product_cat","embeddable":true,"href":"https:\/\/prime-distributor.al\/en\/wp-json\/wp\/v2\/product_cat?post=1580"},{"taxonomy":"product_tag","embeddable":true,"href":"https:\/\/prime-distributor.al\/en\/wp-json\/wp\/v2\/product_tag?post=1580"}],"curies":[{"name":"wp","href":"https:\/\/api.w.org\/{rel}","templated":true}]}}