{"id":14887,"date":"2024-06-18T17:57:51","date_gmt":"2024-06-18T17:57:51","guid":{"rendered":"https:\/\/prime-distributor.al\/?post_type=product&#038;p=14887"},"modified":"2026-04-28T12:47:45","modified_gmt":"2026-04-28T12:47:45","slug":"baby-water-shoes","status":"publish","type":"product","link":"https:\/\/prime-distributor.al\/en\/product\/baby-water-shoes\/","title":{"rendered":"Baby Water Shoes &#8211; M"},"content":{"rendered":"<div class=\"col-md-12 col-xs-6 break\">\n<div class=\"woocommerce-product-details__short-description\">\n<h3>bbl\u00fcv \u2013 Baby water shoes<\/h3>\n<p>K\u00ebpuc\u00ebt perfekte t\u00eb ujit p\u00ebr t\u00eb mbrojtur k\u00ebmb\u00ebt e foshnj\u00ebs n\u00eb pishin\u00eb, plazh ose liqen dhe gjat\u00eb aktiviteteve n\u00eb natyr\u00eb. Sho\u00f6z ofron t\u00eb nj\u00ebjtin nivel rehatie si nj\u00eb pal\u00eb \u00e7orape dhe i lejon foshnj\u00ebs t\u00eb eksploroj\u00eb plot\u00ebsisht mjedisin duke mbrojtur k\u00ebmb\u00ebt e tyre t\u00eb vogla.<\/p>\n<p>&nbsp;<\/p>\n<h4>Tabela e masave:<\/h4>\n<table border=\"0\" width=\"435\" cellspacing=\"0\" cellpadding=\"0\">\n<colgroup>\n<col span=\"5\" width=\"87\" \/><\/colgroup>\n<tbody>\n<tr>\n<td class=\"xl65\" width=\"87\" height=\"21\"><\/td>\n<td class=\"xl65\" width=\"87\">\u00a0 \u00a0 \u00a0 US<\/td>\n<td class=\"xl65\" width=\"87\">\u00a0 \u00a0 \u00a0UK<\/td>\n<td class=\"xl65\" width=\"87\">\u00a0 \u00a0 \u00a0EU<\/td>\n<td class=\"xl65\" width=\"87\">\u00a0 \u00a0 \u00a0CM<\/td>\n<\/tr>\n<tr>\n<td class=\"xl65\" height=\"21\">\u00a0 \u00a0 \u00a0 XS<\/td>\n<td class=\"xl66\">\u00a0 \u00a0 \u00a0 5-6<\/td>\n<td class=\"xl65\">\u00a0 \u00a0 \u00a04-5<\/td>\n<td class=\"xl65\">\u00a0 \u00a0 \u00a020-22<\/td>\n<td class=\"xl65\">\u00a0 \u00a0 \u00a012<\/td>\n<\/tr>\n<tr>\n<td class=\"xl65\" height=\"21\">\u00a0 \u00a0 \u00a0 S<\/td>\n<td class=\"xl65\">\u00a0 \u00a06,5-7,5<\/td>\n<td class=\"xl65\">\u00a0 \u00a05,5-6,5<\/td>\n<td class=\"xl65\">\u00a0 \u00a0 22-24<\/td>\n<td class=\"xl65\">\u00a0 \u00a0 \u00a014<\/td>\n<\/tr>\n<tr>\n<td class=\"xl65\" height=\"21\">\u00a0 \u00a0 \u00a0 M<\/td>\n<td class=\"xl65\">\u00a0 \u00a0 \u00a0 8-9<\/td>\n<td class=\"xl65\">\u00a0 \u00a0 \u00a07-8<\/td>\n<td class=\"xl65\">\u00a0 \u00a0 \u00a024-25<\/td>\n<td class=\"xl65\">\u00a0 \u00a0 \u00a015,5<\/td>\n<\/tr>\n<tr>\n<td class=\"xl65\" height=\"21\">\u00a0 \u00a0 \u00a0 L<\/td>\n<td class=\"xl65\">\u00a0 \u00a09,5-10,5<\/td>\n<td class=\"xl65\">\u00a0 \u00a08,5-9,5<\/td>\n<td class=\"xl65\">\u00a0 \u00a0 \u00a026-27<\/td>\n<td class=\"xl65\">\u00a0 \u00a0 \u00a016,5<\/td>\n<\/tr>\n<\/tbody>\n<\/table>\n<p>&nbsp;<\/p>\n<h5>Disa gj\u00ebra kryesore:<\/h5>\n<ul>\n<li>Mbron nga copat, gur\u00ebt, r\u00ebr\u00eb t\u00eb nxeht\u00eb dhe sip\u00ebrfaqe t\u00eb ashp\u00ebr<\/li>\n<li>P\u00eblhur\u00eb e but\u00eb dhe e q\u00ebndrueshme<\/li>\n<li>Mbrojtje nga dielli SPF 50+<\/li>\n<li>Tabana ultra fleksib\u00ebl dhe jo rr\u00ebshqit\u00ebse<\/li>\n<li>Notoni n\u00eb uj\u00eb p\u00ebr t\u00eb parandaluar humbjen e tyre<\/li>\n<li>Lahen n\u00eb lavatri\u00e7e dhe thahen shum\u00eb shpejt<\/li>\n<li>P\u00ebrmasat: 12,4 cm x 5,1 cm x 4,1 cm<\/li>\n<\/ul>\n<\/div>\n<\/div>","protected":false},"excerpt":{"rendered":"<div class=\"col-md-12 col-xs-6 break\">\n<div class=\"woocommerce-product-details__short-description\">\n<h2>Sho\u00f6z \u2013 k\u00ebpuc\u00eb uji<\/h2>\n<p>K\u00ebpuc\u00ebt perfekte t\u00eb ujit p\u00ebr t\u00eb mbrojtur k\u00ebmb\u00ebt e foshnj\u00ebs n\u00eb pishin\u00eb, plazh ose liqen dhe gjat\u00eb aktiviteteve n\u00eb natyr\u00eb. Sho\u00f6z ofron t\u00eb nj\u00ebjtin nivel rehatie si nj\u00eb pal\u00eb \u00e7orape dhe i lejon foshnj\u00ebs t\u00eb eksploroj\u00eb plot\u00ebsisht mjedisin duke mbrojtur k\u00ebmb\u00ebt e tyre t\u00eb vogla.<\/p>\n<\/div>\n<\/div>\n<div class=\"col-md-12 col-xs-6 ip-buttons-block break\">\n<p>&nbsp;<\/p>\n<\/div>","protected":false},"featured_media":5111,"template":"","meta":{"_acf_changed":false,"inline_featured_image":false},"product_brand":[],"product_cat":[34],"product_tag":[535],"class_list":{"0":"post-14887","1":"product","2":"type-product","3":"status-publish","4":"has-post-thumbnail","6":"product_cat-bbluv","7":"product_tag-bbluv","8":"wpisset-post","9":"wpisset-post-featured","10":"wpisset-woo-has-gallery","12":"first","13":"instock","14":"shipping-taxable","15":"purchasable","16":"product-type-simple"},"acf":[],"_links":{"self":[{"href":"https:\/\/prime-distributor.al\/en\/wp-json\/wp\/v2\/product\/14887","targetHints":{"allow":["GET"]}}],"collection":[{"href":"https:\/\/prime-distributor.al\/en\/wp-json\/wp\/v2\/product"}],"about":[{"href":"https:\/\/prime-distributor.al\/en\/wp-json\/wp\/v2\/types\/product"}],"wp:featuredmedia":[{"embeddable":true,"href":"https:\/\/prime-distributor.al\/en\/wp-json\/wp\/v2\/media\/5111"}],"wp:attachment":[{"href":"https:\/\/prime-distributor.al\/en\/wp-json\/wp\/v2\/media?parent=14887"}],"wp:term":[{"taxonomy":"product_brand","embeddable":true,"href":"https:\/\/prime-distributor.al\/en\/wp-json\/wp\/v2\/product_brand?post=14887"},{"taxonomy":"product_cat","embeddable":true,"href":"https:\/\/prime-distributor.al\/en\/wp-json\/wp\/v2\/product_cat?post=14887"},{"taxonomy":"product_tag","embeddable":true,"href":"https:\/\/prime-distributor.al\/en\/wp-json\/wp\/v2\/product_tag?post=14887"}],"curies":[{"name":"wp","href":"https:\/\/api.w.org\/{rel}","templated":true}]}}