{"id":13529,"date":"2024-04-01T14:06:30","date_gmt":"2024-04-01T14:06:30","guid":{"rendered":"https:\/\/prime-distributor.al\/?post_type=product&#038;p=13529"},"modified":"2026-04-20T08:05:35","modified_gmt":"2026-04-20T08:05:35","slug":"natural-deodorant-foot-spray","status":"publish","type":"product","link":"https:\/\/prime-distributor.al\/en\/product\/natural-deodorant-foot-spray\/","title":{"rendered":"Natural Deodorant Foot Spray"},"content":{"rendered":"<h3>Deodorant Foot Spray Natyral<\/h3>\n<p style=\"text-align: left;\">I vler\u00ebsuar me shum\u00eb \u00e7mime! 100% natyral, deodoranti ideal p\u00ebr k\u00ebmb\u00ebt tuaja!<\/p>\n<p>K\u00ebmb\u00ebt e fresk\u00ebta jan\u00eb vet\u00ebm nj\u00eb sprej larg me Deodorantin ton\u00eb Natyral t\u00eb K\u00ebmb\u00ebve, i formuluar posa\u00e7\u00ebrisht p\u00ebr k\u00ebmb\u00ebt tuaja.<\/p>\n<p>Me p\u00ebrb\u00ebr\u00ebs 100% natyral, duke p\u00ebrfshir\u00eb aloe ver\u00ebn qet\u00ebsuese dhe t\u00eb mbushur me nj\u00eb arom\u00eb gjall\u00ebruese menteje dhe pem\u00eb \u00e7aji, Spreji yn\u00eb natyral ofron mbrojtje afatgjat\u00eb dhe efektive nga era e k\u00ebmb\u00ebve, nd\u00ebrkoh\u00eb q\u00eb ftoh dhe qet\u00ebson gishtat e lodhur n\u00eb t\u00eb nj\u00ebjt\u00ebn koh\u00eb.<\/p>\n<p style=\"text-align: left;\"><em>Sasia:<\/em><strong><em> 100ml<\/em><\/strong><\/p>\n<p>P\u00ebrb\u00ebr\u00ebsit:<\/p>\n<p>Uj\u00eb, Kalium Alum, Propanediol, Glicerin\u00eb, Klorur Magnezi, L\u00ebng Gjeth\u00ebsh Aloe Barbadensis**, Trietil Citrate, Poligliceril-10-Laurat, Bikarbonat Natriumi, \u00c7am\u00e7ak\u00ebz Xanthan, Galactoarabinan, Mentha Arvensis Leaf**, Mentholia* Alcaaf, Mentholni, Anisate natriumi, acid citrik. *Limonene, *Linalool. *Nga ekstrakte natyrale botanike dhe vajra esenciale. **E rritur organikisht.<\/p>\n<p>&nbsp;<\/p>","protected":false},"excerpt":{"rendered":"<h2>Deodrant Foot Spray<\/h2>\n<p>K\u00ebmb\u00ebt e fresk\u00ebta jan\u00eb vet\u00ebm nj\u00eb sprej larg me Deodorantin ton\u00eb Natyral t\u00eb K\u00ebmb\u00ebve, i formuluar posa\u00e7\u00ebrisht p\u00ebr k\u00ebmb\u00ebt tuaja.<\/p>","protected":false},"featured_media":13540,"template":"","meta":{"_acf_changed":false,"inline_featured_image":false},"product_brand":[],"product_cat":[899],"product_tag":[914,911,919,921,920,918,912,915,916,922,917,913],"class_list":{"0":"post-13529","1":"product","2":"type-product","3":"status-publish","4":"has-post-thumbnail","6":"product_cat-salt-of-the-earth","7":"product_tag-deodorant","8":"product_tag-fresh","9":"product_tag-higjena","10":"product_tag-kripe","11":"product_tag-kristal","12":"product_tag-kujdesi-i-lekures","13":"product_tag-natural","14":"product_tag-organike","15":"product_tag-pa-kimikate","16":"product_tag-spray","17":"product_tag-sqetulla","18":"product_tag-vegan","19":"wpisset-post","20":"wpisset-post-featured","21":"wpisset-woo-has-gallery","23":"first","24":"instock","25":"shipping-taxable","26":"purchasable","27":"product-type-simple"},"acf":[],"_links":{"self":[{"href":"https:\/\/prime-distributor.al\/en\/wp-json\/wp\/v2\/product\/13529","targetHints":{"allow":["GET"]}}],"collection":[{"href":"https:\/\/prime-distributor.al\/en\/wp-json\/wp\/v2\/product"}],"about":[{"href":"https:\/\/prime-distributor.al\/en\/wp-json\/wp\/v2\/types\/product"}],"wp:featuredmedia":[{"embeddable":true,"href":"https:\/\/prime-distributor.al\/en\/wp-json\/wp\/v2\/media\/13540"}],"wp:attachment":[{"href":"https:\/\/prime-distributor.al\/en\/wp-json\/wp\/v2\/media?parent=13529"}],"wp:term":[{"taxonomy":"product_brand","embeddable":true,"href":"https:\/\/prime-distributor.al\/en\/wp-json\/wp\/v2\/product_brand?post=13529"},{"taxonomy":"product_cat","embeddable":true,"href":"https:\/\/prime-distributor.al\/en\/wp-json\/wp\/v2\/product_cat?post=13529"},{"taxonomy":"product_tag","embeddable":true,"href":"https:\/\/prime-distributor.al\/en\/wp-json\/wp\/v2\/product_tag?post=13529"}],"curies":[{"name":"wp","href":"https:\/\/api.w.org\/{rel}","templated":true}]}}