{"id":12877,"date":"2024-02-25T14:30:04","date_gmt":"2024-02-25T14:30:04","guid":{"rendered":"https:\/\/prime-distributor.al\/?post_type=product&#038;p=12877"},"modified":"2025-12-15T15:33:53","modified_gmt":"2025-12-15T15:33:53","slug":"wireless-fetal-doppler-with-earphones","status":"publish","type":"product","link":"https:\/\/prime-distributor.al\/en\/product\/wireless-fetal-doppler-with-earphones\/","title":{"rendered":"Wireless Fetal Doppler with Earphones"},"content":{"rendered":"<h2 class=\"tw-data-text tw-text-large tw-ta\" dir=\"ltr\" data-placeholder=\"P\u00ebrkthimi\" data-ved=\"2ahUKEwjSk-y85OSDAxU1SPEDHaVbCDEQ3ewLegQICRAQ\">Wireless Fetal Doppler with Earphones<\/h2>\n<p>Shijoni \u00e7do moment t\u00eb shtatz\u00ebnis\u00eb suaj me Ech\u00f6! Kjo pajisje portative ju lejon t\u00eb d\u00ebgjoni dhe regjistroni rrahjet e zemr\u00ebs dhe goditjet e foshnj\u00ebs n\u00eb privat\u00ebsin\u00eb e sht\u00ebpis\u00eb suaj. Tani mund t\u00eb ndani tingujt e \u00e7muar t\u00eb foshnj\u00ebs suaj me t\u00eb dashurit tuaj. Le t\u00eb filloj\u00eb lidhja!<\/p>\n<ul>\n<li id=\"tw-target-text\" class=\"tw-data-text tw-text-large tw-ta\" data-placeholder=\"Translation\">I sigurt dhe jo invaziv<\/li>\n<li class=\"tw-data-text tw-text-large tw-ta\" data-placeholder=\"Translation\">Dizajn kompakt dhe ergonomik<\/li>\n<li class=\"tw-data-text tw-text-large tw-ta\" data-placeholder=\"Translation\">Ndjeshm\u00ebri e lart\u00eb dhe z\u00eb i qart\u00eb (3 MHz)<\/li>\n<li class=\"tw-data-text tw-text-large tw-ta\" data-placeholder=\"Translation\">I leht\u00eb<\/li>\n<li class=\"tw-data-text tw-text-large tw-ta\" data-placeholder=\"Translation\">Vjen me nj\u00eb ndar\u00ebs kufjesh n\u00eb m\u00ebnyr\u00eb q\u00eb dy persona t\u00eb mund t\u00eb d\u00ebgjojn\u00eb n\u00eb t\u00eb nj\u00ebjt\u00ebn koh\u00eb<\/li>\n<li class=\"tw-data-text tw-text-large tw-ta\" data-placeholder=\"Translation\">P\u00ebrfshin nj\u00eb pal\u00eb kufje, nj\u00eb kabllo regjistrimi dhe nj\u00eb \u00e7ant\u00eb transporti<\/li>\n<li class=\"tw-data-text tw-text-large tw-ta\" data-placeholder=\"Translation\">Bateria 9V e p\u00ebrfshir\u00eb<\/li>\n<li class=\"tw-data-text tw-text-large tw-ta\" data-placeholder=\"Translation\"><span class=\"Y2IQFc\" lang=\"sq\">P\u00ebrmasat: 10.2 cm x 7.1 cm x 5.1 cm<\/span><\/li>\n<\/ul>","protected":false},"excerpt":{"rendered":"<h2>Ech\u00f6<\/h2>\n<p>Kjo pajisje portative ju lejon t\u00eb d\u00ebgjoni dhe regjistroni rrahjet e zemr\u00ebs dhe goditjet e foshnj\u00ebs n\u00eb privat\u00ebsin\u00eb e sht\u00ebpis\u00eb suaj.<\/p>","protected":false},"featured_media":13005,"template":"","meta":{"_acf_changed":false,"inline_featured_image":false},"product_brand":[],"product_cat":[34],"product_tag":[535],"class_list":{"0":"post-12877","1":"product","2":"type-product","3":"status-publish","4":"has-post-thumbnail","6":"product_cat-bbluv","7":"product_tag-bbluv","8":"wpisset-post","9":"wpisset-post-featured","10":"wpisset-woo-has-gallery","12":"first","13":"instock","14":"shipping-taxable","15":"purchasable","16":"product-type-simple"},"acf":[],"_links":{"self":[{"href":"https:\/\/prime-distributor.al\/en\/wp-json\/wp\/v2\/product\/12877","targetHints":{"allow":["GET"]}}],"collection":[{"href":"https:\/\/prime-distributor.al\/en\/wp-json\/wp\/v2\/product"}],"about":[{"href":"https:\/\/prime-distributor.al\/en\/wp-json\/wp\/v2\/types\/product"}],"wp:featuredmedia":[{"embeddable":true,"href":"https:\/\/prime-distributor.al\/en\/wp-json\/wp\/v2\/media\/13005"}],"wp:attachment":[{"href":"https:\/\/prime-distributor.al\/en\/wp-json\/wp\/v2\/media?parent=12877"}],"wp:term":[{"taxonomy":"product_brand","embeddable":true,"href":"https:\/\/prime-distributor.al\/en\/wp-json\/wp\/v2\/product_brand?post=12877"},{"taxonomy":"product_cat","embeddable":true,"href":"https:\/\/prime-distributor.al\/en\/wp-json\/wp\/v2\/product_cat?post=12877"},{"taxonomy":"product_tag","embeddable":true,"href":"https:\/\/prime-distributor.al\/en\/wp-json\/wp\/v2\/product_tag?post=12877"}],"curies":[{"name":"wp","href":"https:\/\/api.w.org\/{rel}","templated":true}]}}