{"id":12857,"date":"2024-02-24T15:00:10","date_gmt":"2024-02-24T15:00:10","guid":{"rendered":"https:\/\/prime-distributor.al\/?post_type=product&#038;p=12857"},"modified":"2026-04-30T09:23:43","modified_gmt":"2026-04-30T09:23:43","slug":"bubble-blower-bath-toy","status":"publish","type":"product","link":"https:\/\/prime-distributor.al\/en\/product\/bubble-blower-bath-toy\/","title":{"rendered":"Bubble Blower Bath Toy"},"content":{"rendered":"<h2 id=\"title\" class=\"a-size-large a-spacing-none\"><span id=\"productTitle\" class=\"a-size-large product-title-word-break\">Bubble Bestie\u2122 <\/span>Blower Bath Toy<\/h2>\n<p>Njihuni me Bubble Bestie &#8211; lodra e re e preferuar e t\u00eb voglit tuaj! Kjo lod\u00ebr e adhurueshme me elefant p\u00ebrdoret dhe aprovohet nga t\u00eb vegjlit: thjesht lagni leck\u00ebn, shtoni sapun ose shampo dhe fryni p\u00ebrmes gryk\u00ebs s\u00eb nj\u00ebanshme p\u00ebr t\u00eb krijuar nj\u00eb rrjedh\u00eb magjike flluskash. Ky flluskues i adhuruesh\u00ebm m\u00ebson n\u00eb m\u00ebnyr\u00eb t\u00eb sigurt shkakun dhe efektin dhe i ndihmon f\u00ebmij\u00ebt t\u00eb praktikojn\u00eb koordinimin sy-dor\u00eb. Bubble Bestie do t\u00eb jet\u00eb gjithmon\u00eb aty p\u00ebr vog\u00eblushin tuaj. P\u00ebr arg\u00ebtim dhe plot flluska n\u00eb vask\u00eb!<\/p>\n<h3>Karakteristikat:<\/h3>\n<ul>\n<li>Lod\u00ebr e adhurueshme me flluska gjat\u00eb koh\u00ebs s\u00eb banj\u00ebs p\u00ebr t\u00eb vegjlit<\/li>\n<li>Lagni leck\u00ebn, shtoni sapun ose shampo, m\u00eb pas fryni p\u00ebr t\u00eb krijuar nj\u00eb tren arg\u00ebtues me flluska<\/li>\n<li>Gryka me nj\u00eb drejtim parandalon g\u00eblltitjen aksidentale t\u00eb flluskave ose sapunit<\/li>\n<li>Trupi i elefantit \u00ebsht\u00eb i l\u00ebvizsh\u00ebm dhe shum\u00eb i leht\u00eb p\u00ebr t&#8217;u pastruar<\/li>\n<li>Arg\u00ebtim i sigurt<span class=\"Apple-converted-space\">\u00a0<\/span><\/li>\n<li>Dhurat\u00eb e shk\u00eblqyer p\u00ebr djemt\u00eb dhe vajzat<\/li>\n<li><strong>36+ muaj<\/strong><\/li>\n<\/ul>","protected":false},"excerpt":{"rendered":"<p>Njihuni me Bubble Bestie &#8211; lodra e re e preferuar e t\u00eb voglit tuaj! Kjo lod\u00ebr e adhurueshme me elefant p\u00ebrdoret dhe aprovohet nga t\u00eb vegjlit: thjesht lagni leck\u00ebn, shtoni sapun ose shampo dhe fryni p\u00ebrmes gryk\u00ebs s\u00eb nj\u00ebanshme p\u00ebr t\u00eb krijuar nj\u00eb rrjedh\u00eb magjike flluskash.<\/p>","protected":false},"featured_media":12859,"template":"","meta":{"_acf_changed":false,"inline_featured_image":false},"product_brand":[],"product_cat":[950],"product_tag":[966,969,967,968],"class_list":{"0":"post-12857","1":"product","2":"type-product","3":"status-publish","4":"has-post-thumbnail","6":"product_cat-munchkin","7":"product_tag-bowls","8":"product_tag-cutlery","9":"product_tag-plates","10":"product_tag-spoons","11":"wpisset-post","12":"wpisset-post-featured","13":"wpisset-woo-has-gallery","15":"first","16":"instock","17":"shipping-taxable","18":"purchasable","19":"product-type-simple"},"acf":[],"_links":{"self":[{"href":"https:\/\/prime-distributor.al\/en\/wp-json\/wp\/v2\/product\/12857","targetHints":{"allow":["GET"]}}],"collection":[{"href":"https:\/\/prime-distributor.al\/en\/wp-json\/wp\/v2\/product"}],"about":[{"href":"https:\/\/prime-distributor.al\/en\/wp-json\/wp\/v2\/types\/product"}],"wp:featuredmedia":[{"embeddable":true,"href":"https:\/\/prime-distributor.al\/en\/wp-json\/wp\/v2\/media\/12859"}],"wp:attachment":[{"href":"https:\/\/prime-distributor.al\/en\/wp-json\/wp\/v2\/media?parent=12857"}],"wp:term":[{"taxonomy":"product_brand","embeddable":true,"href":"https:\/\/prime-distributor.al\/en\/wp-json\/wp\/v2\/product_brand?post=12857"},{"taxonomy":"product_cat","embeddable":true,"href":"https:\/\/prime-distributor.al\/en\/wp-json\/wp\/v2\/product_cat?post=12857"},{"taxonomy":"product_tag","embeddable":true,"href":"https:\/\/prime-distributor.al\/en\/wp-json\/wp\/v2\/product_tag?post=12857"}],"curies":[{"name":"wp","href":"https:\/\/api.w.org\/{rel}","templated":true}]}}