{"id":12849,"date":"2024-02-24T14:47:41","date_gmt":"2024-02-24T14:47:41","guid":{"rendered":"https:\/\/prime-distributor.al\/?post_type=product&#038;p=12849"},"modified":"2026-01-21T10:02:01","modified_gmt":"2026-01-21T10:02:01","slug":"cest-silicone-open-training-cup-59ml","status":"publish","type":"product","link":"https:\/\/prime-distributor.al\/en\/product\/cest-silicone-open-training-cup-59ml\/","title":{"rendered":"C&#8217;est Silicone Open Training Cup 59ml"},"content":{"rendered":"<h2>C&#8217;est Silicone Open Training Cup 59ml<\/h2>\n<p>Disa foshnje duken t\u00eb lindur gati p\u00ebr t&#8217;u diplomuar nga biberoni. Jepini ndjesin\u00eb e pavar\u00ebsis\u00eb me got\u00ebn trajnuese t\u00eb hapur C&#8217;est Silicone\u2122. E b\u00ebr\u00eb nga silikoni super i but\u00eb 100% i grad\u00ebs ushqimore. E rekomanduar nga dentist\u00ebt dhe e but\u00eb p\u00ebr mishrat delikate, e leht\u00eb p\u00ebr t&#8217;u kapur dhe e leht\u00eb p\u00ebr t&#8217;u pir\u00eb! Madh\u00ebsia 59ml \u00ebsht\u00eb gjithashtu e p\u00ebrkryer p\u00ebr t\u00eb praktikuar.<span class=\"Apple-converted-space\">\u00a0<\/span><\/p>\n<h3>Karakteristikat:<\/h3>\n<ul>\n<li>B\u00ebr\u00eb nga silikoni premium 100% i kategoris\u00eb ushqimore FDA dhe LFGB evropian i cil\u00ebsis\u00eb ushqimore<\/li>\n<li>E but\u00eb p\u00ebr mishrat e dh\u00ebmb\u00ebve dhe e leht\u00eb p\u00ebr t&#8217;u kapur nga duart e vogla<\/li>\n<li>Baza me pesh\u00eb t\u00eb leht\u00eb siguron q\u00ebndrueshm\u00ebri<\/li>\n<li>Kapaciteti 59ml i p\u00ebrsosur p\u00ebr uj\u00eb ose qum\u00ebsht<\/li>\n<li>Pa BPA, BPS dhe PVC<\/li>\n<li><strong>4+ muaj<\/strong><\/li>\n<\/ul>","protected":false},"excerpt":{"rendered":"<p>Jepini f\u00ebmij\u00ebs suaj ndjesin\u00eb e pavar\u00ebsis\u00eb me got\u00ebn trajnuese t\u00eb hapur C&#8217;est Silicone\u2122! E b\u00ebr\u00eb nga silikoni super i but\u00eb 100% i grad\u00ebs ushqimore.<\/p>","protected":false},"featured_media":12860,"template":"","meta":{"_acf_changed":false,"inline_featured_image":false},"product_brand":[],"product_cat":[950],"product_tag":[965],"class_list":{"0":"post-12849","1":"product","2":"type-product","3":"status-publish","4":"has-post-thumbnail","6":"product_cat-munchkin","7":"product_tag-cups","8":"wpisset-post","9":"wpisset-post-featured","10":"wpisset-woo-has-gallery","12":"first","13":"instock","14":"featured","15":"shipping-taxable","16":"purchasable","17":"product-type-variable"},"acf":[],"_links":{"self":[{"href":"https:\/\/prime-distributor.al\/en\/wp-json\/wp\/v2\/product\/12849","targetHints":{"allow":["GET"]}}],"collection":[{"href":"https:\/\/prime-distributor.al\/en\/wp-json\/wp\/v2\/product"}],"about":[{"href":"https:\/\/prime-distributor.al\/en\/wp-json\/wp\/v2\/types\/product"}],"wp:featuredmedia":[{"embeddable":true,"href":"https:\/\/prime-distributor.al\/en\/wp-json\/wp\/v2\/media\/12860"}],"wp:attachment":[{"href":"https:\/\/prime-distributor.al\/en\/wp-json\/wp\/v2\/media?parent=12849"}],"wp:term":[{"taxonomy":"product_brand","embeddable":true,"href":"https:\/\/prime-distributor.al\/en\/wp-json\/wp\/v2\/product_brand?post=12849"},{"taxonomy":"product_cat","embeddable":true,"href":"https:\/\/prime-distributor.al\/en\/wp-json\/wp\/v2\/product_cat?post=12849"},{"taxonomy":"product_tag","embeddable":true,"href":"https:\/\/prime-distributor.al\/en\/wp-json\/wp\/v2\/product_tag?post=12849"}],"curies":[{"name":"wp","href":"https:\/\/api.w.org\/{rel}","templated":true}]}}