{"id":12581,"date":"2024-02-12T13:34:03","date_gmt":"2024-02-12T13:34:03","guid":{"rendered":"https:\/\/prime-distributor.al\/?post_type=product&#038;p=12581"},"modified":"2026-04-15T08:51:13","modified_gmt":"2026-04-15T08:51:13","slug":"baby-scalp-oil-30ml","status":"publish","type":"product","link":"https:\/\/prime-distributor.al\/en\/product\/baby-scalp-oil-30ml\/","title":{"rendered":"Baby Scalp Oil 30ml"},"content":{"rendered":"<div class=\"fusion-title title fusion-title-4 fusion-sep-none fusion-title-text fusion-title-size-three swift-in-viewport\">\n<h3 class=\"title-heading-left fusion-responsive-typography-calculated\" data-fontsize=\"22\" data-lineheight=\"22px\">Colief Baby Scalp Oil<\/h3>\n<\/div>\n<div class=\"fusion-text fusion-text-1 swift-in-viewport\">\n<div class=\"fusion-text fusion-text-1 swift-in-viewport\">\n<p class=\"swift-in-viewport\"><span class=\"fusion-dropcap dropcap\">M<\/span>e vaj tr\u00ebndafili, kamomil dhe vitamin\u00eb E, Colief Baby Scalp Oil \u00ebsht\u00eb formuluar p\u00ebr t\u00eb hidratuar dhe qet\u00ebsuar but\u00ebsisht l\u00ebkur\u00ebn dhe skalpin e foshnj\u00ebs suaj. Foshnjat shquhen p\u00ebr l\u00ebkur\u00ebn e tyre super t\u00eb but\u00eb, por ato zakonisht mund t\u00eb zhvillojn\u00eb skalpe t\u00eb that\u00eb ose t\u00eb irrituar, ve\u00e7an\u00ebrisht n\u00eb vitin e par\u00eb. Vaji i skalpit s\u00eb foshnj\u00ebs Colief \u00ebsht\u00eb formuluar, me p\u00ebrb\u00ebr\u00ebs t\u00eb ardhur nga natyra, duke p\u00ebrfshir\u00eb vajin e tr\u00ebndafilit dhe kamomilin, p\u00ebr t\u00eb hidratuar dhe qet\u00ebsuar but\u00ebsisht l\u00ebkur\u00ebn dhe skalpin e foshnj\u00ebs suaj. Thjesht masazhoni vajin n\u00eb l\u00ebkur\u00ebn ose skalpin e foshnj\u00ebs dhe kjo p\u00ebrzierje hidratuese do t\u00eb p\u00ebrthithet shpejt, duke ndihmuar n\u00eb zbutjen dhe pastrimin e koreve t\u00eb kok\u00ebs ose l\u00ebkur\u00ebs s\u00eb irrituar. I krijuar me p\u00ebrb\u00ebr\u00ebs ushqyes me baz\u00eb bimore q\u00eb jan\u00eb mjaft t\u00eb but\u00eb p\u00ebr t\u2019u p\u00ebrdorur q\u00eb nga lindja, Colief Baby Scalp Oil ndihmon n\u00eb mbrojtjen e gjendjes s\u00eb l\u00ebkur\u00ebs s\u00eb foshnj\u00ebs suaj.<\/p>\n<div class=\"fusion-text fusion-text-2 swift-in-viewport\">\n<p class=\"swift-in-viewport\">Colief Baby Scalp Oil \u00ebsht\u00eb b\u00ebr\u00eb me p\u00ebrb\u00ebr\u00ebs ushqyes mjaftuesh\u00ebm t\u00eb but\u00eb p\u00ebr t\u2019u p\u00ebrdorur q\u00eb nga dita e par\u00eb e lindjes.<\/p>\n<ul class=\"swift-in-viewport\">\n<li><strong>Vaji i tr\u00ebndafilit<\/strong> \u2013 Nj\u00eb hidratues i leht\u00eb q\u00eb p\u00ebrmban acide yndyrore esenciale Omega 3 dhe Omega 6, i cili ndihmon n\u00eb hidratimin e l\u00ebkur\u00ebs<\/li>\n<li><strong>Kamomili<\/strong> \u2013 I njohur p\u00ebr vetit\u00eb e tij qet\u00ebsuese, kamomili q\u00eb ndihmon n\u00eb qet\u00ebsimin e l\u00ebkur\u00ebs<\/li>\n<li><strong>Vitamina E<\/strong> \u2013 Nj\u00eb antioksidant natyral, q\u00eb ndihmon n\u00eb qet\u00ebsimin dhe mbrojtjen e l\u00ebkur\u00ebs.<\/li>\n<\/ul>\n<\/div>\n<h4><strong>Udh\u00ebzime mbi p\u00ebrdorimin<\/strong><\/h4>\n<ul class=\"swift-in-viewport\">\n<li>Hidhni pak vaj n\u00eb duart tuaja ose direkt n\u00eb skalpin e foshnj\u00ebs suaj.<\/li>\n<li>Masazhojeni but\u00ebsisht vajin n\u00eb l\u00ebkur\u00ebn e kok\u00ebs p\u00ebr t\u00eb hidratuar l\u00ebkur\u00ebn e that\u00eb dhe t\u00eb irrituar .<\/li>\n<li>Ju gjithashtu mund t\u00eb provoni t\u00eb p\u00ebrdorni nj\u00eb fur\u00e7\u00eb t\u00eb but\u00eb n\u00eb skalp p\u00ebr t\u00eb ndihmuar n\u00eb heqjen e l\u00ebkur\u00ebs s\u00eb that\u00eb<\/li>\n<\/ul>\n<\/div>\n<\/div>","protected":false},"excerpt":{"rendered":"<p><span class=\"fusion-dropcap dropcap\">M<\/span>e vaj tr\u00ebndafili, kamomil dhe vitamin\u00eb E, Colief Baby Scalp Oil \u00ebsht\u00eb formuluar p\u00ebr t\u00eb hidratuar dhe qet\u00ebsuar but\u00ebsisht l\u00ebkur\u00ebn dhe skalpin e foshnj\u00ebs suaj.<\/p>","protected":false},"featured_media":14484,"template":"","meta":{"_acf_changed":false,"inline_featured_image":false},"product_brand":[],"product_cat":[36],"product_tag":[507],"class_list":{"0":"post-12581","1":"product","2":"type-product","3":"status-publish","4":"has-post-thumbnail","6":"product_cat-colief","7":"product_tag-colief","8":"wpisset-post","9":"wpisset-post-featured","10":"wpisset-woo-has-gallery","12":"first","13":"outofstock","14":"shipping-taxable","15":"purchasable","16":"product-type-simple"},"acf":[],"_links":{"self":[{"href":"https:\/\/prime-distributor.al\/en\/wp-json\/wp\/v2\/product\/12581","targetHints":{"allow":["GET"]}}],"collection":[{"href":"https:\/\/prime-distributor.al\/en\/wp-json\/wp\/v2\/product"}],"about":[{"href":"https:\/\/prime-distributor.al\/en\/wp-json\/wp\/v2\/types\/product"}],"wp:featuredmedia":[{"embeddable":true,"href":"https:\/\/prime-distributor.al\/en\/wp-json\/wp\/v2\/media\/14484"}],"wp:attachment":[{"href":"https:\/\/prime-distributor.al\/en\/wp-json\/wp\/v2\/media?parent=12581"}],"wp:term":[{"taxonomy":"product_brand","embeddable":true,"href":"https:\/\/prime-distributor.al\/en\/wp-json\/wp\/v2\/product_brand?post=12581"},{"taxonomy":"product_cat","embeddable":true,"href":"https:\/\/prime-distributor.al\/en\/wp-json\/wp\/v2\/product_cat?post=12581"},{"taxonomy":"product_tag","embeddable":true,"href":"https:\/\/prime-distributor.al\/en\/wp-json\/wp\/v2\/product_tag?post=12581"}],"curies":[{"name":"wp","href":"https:\/\/api.w.org\/{rel}","templated":true}]}}