{"id":11790,"date":"2023-12-22T11:17:42","date_gmt":"2023-12-22T11:17:42","guid":{"rendered":"https:\/\/prime-distributor.al\/?post_type=product&#038;p=11790"},"modified":"2025-09-09T11:03:27","modified_gmt":"2025-09-09T11:03:27","slug":"magical-mom-set","status":"publish","type":"product","link":"https:\/\/prime-distributor.al\/en\/product\/magical-mom-set\/","title":{"rendered":"Magical Mom Set"},"content":{"rendered":"<p><strong>Magical Mom Set (Relaxing Pregnancy Body Oil 90ml &amp; Belly balm 100ml)<\/strong><\/p>\n<p>Po vjen nj\u00eb bebe! P\u00ebr t\u00eb festuar, ne kemi krijuar nj\u00eb Set Magjik!<\/p>\n<p>Vaj p\u00ebr trupin dhe balsam<br \/>\n\u2022 Mb\u00ebshtet procesin e rritjes natyrale t\u00eb trupit me gjalp\u00eb shea,<br \/>\nvaj jojoba dhe vaj susami<br \/>\n\u2022 Aromat delikate t\u00eb luleve ndihmojn\u00eb n\u00eb relaksim<br \/>\n\u2022 Nuk p\u00ebrmban mikroplastik\u00eb, vajra minerale apo silikone<\/p>\n<p><strong>Vuani nga strijat?<\/strong> Vaji jojoba ushqen l\u00ebkur\u00ebn dhe mb\u00ebshtet aft\u00ebsin\u00eb e saj p\u00ebr t\u00eb riparuar veten.<br \/>\nE mban l\u00ebkur\u00ebn elastike dhe p\u00ebrmir\u00ebson qarkullimin e gjakut, gj\u00eb q\u00eb zvog\u00eblon rrezikun e hapjes<br \/>\ns\u00eb l\u00ebkur\u00ebs, por edhe i b\u00ebn strijat m\u00eb pak t\u00eb dukshme.<\/p>\n<p><em>*T\u00eb gjitha produktet Na\u00eff jan\u00eb vegane, t\u00eb b\u00ebra me arom\u00eb delikate, jan\u00eb t\u00eb testuara<\/em><br \/>\n<em>dermatologjikisht dhe nuk p\u00ebrmbajn\u00eb 26 alergjen\u00ebt m\u00eb t\u00eb zakonsh\u00ebm.<\/em><\/p>\n<h4><strong>Relaxing Pregnancy Body Oil 90ml<\/strong><\/h4>\n<ul>\n<li>Vaji kujdeset p\u00ebr trupin tuaj nga koka te k\u00ebmb\u00ebt gjat\u00eb shtatz\u00ebnis\u00eb. Ndryshimi mes balsamit<br \/>\ndhe vajit \u00ebsht\u00eb tekstura. Ndonj\u00ebher\u00eb ju p\u00eblqen m\u00eb shum\u00eb t\u00eb p\u00ebrdorni balsamin, pastaj vajin.<br \/>\nJu gjithashtu mund t\u00eb alternoni; balsami n\u00eb n\u00eb m\u00ebngjes, vaji gjat\u00eb nat\u00ebs, ose anasjelltas.<\/li>\n<li>Vaji i kokosit, farave t\u00eb rrushit dhe jojob\u00ebs sigurojn\u00eb q\u00eb l\u00ebkura t\u00eb mbetet elastike dhe vaji t\u00eb<br \/>\nket\u00eb nj\u00eb arom\u00eb t\u00eb k\u00ebndshme lulesh. Ju si n\u00ebn\u00eb, foshnja dhe planeti meritojn\u00eb vet\u00ebm m\u00eb t\u00eb<br \/>\nmir\u00ebn, ndaj p\u00ebrdorni Na\u00eff.<\/li>\n<\/ul>\n<p><strong>P\u00ebrdorimi<\/strong><\/p>\n<p>\u2022 Aplikoni vajin ushqyes dy her\u00eb ose tre her\u00eb n\u00eb dit\u00eb<br \/>\n\u2022 Aplikoni n\u00eb bark, vithe, kofsh\u00eb dhe gjoks me l\u00ebvizje rrethore<br \/>\n\u2022 Mos harroni krah\u00ebt, qaf\u00ebn dhe k\u00ebmb\u00ebt<br \/>\n\u2022 Shmangni kontaktin me sy<\/p>\n<p><strong>P\u00ebrb\u00ebr\u00ebsit<\/strong><\/p>\n<p>Vaj trupi: vaji i far\u00ebs Helianthus Annuus (luledielli), vaji i krundeve Oryza Sativa (orizi), vaji i farave t\u00eb Vitis Vinifera (Rrushi),<br \/>\nParfum\/Arom\u00eb, Vaj i Hidrogjenuar i Kokosit, Vaj i Far\u00ebs Simmondsia Chinensis (Jojoba), Squalane, Vaji i far\u00ebs s\u00eb Sesamum Indicum<br \/>\n(Sesamit), Argania Vaj Spinosa Kernel, Tokoferol.<\/p>\n<p>&nbsp;<\/p>\n<h4><strong>Belly balm 100ml<\/strong><\/h4>\n<ul>\n<li>Ky balsam mb\u00ebshtet procesin natyral t\u00eb rritjes s\u00eb barkut dhe pjes\u00ebs tjet\u00ebr t\u00eb trupit. Sepse, trupi<br \/>\njuaj po punon shum\u00eb \u00e7do dit\u00eb p\u00ebr rritjen e f\u00ebmij\u00ebs. Prandaj, mb\u00ebshtetja natyrale \u00ebsht\u00eb nj\u00eb gj\u00eb<br \/>\ne mir\u00eb.<\/li>\n<li>Ju kujdeseni p\u00ebr foshnj\u00ebn; ne kujdesemi p\u00ebr l\u00ebkur\u00ebn tuaj gjat\u00eb tremujorit t\u00eb par\u00eb, t\u00eb dyt\u00eb, t\u00eb tret\u00eb dhe pas k\u00ebsaj!<\/li>\n<li>\u00cbsht\u00eb nj\u00eb balsam ushqyes p\u00ebr barkun i bazuar n\u00eb gjalp shea p\u00ebr t\u00eb zbutur dhe l\u00ebmuar l\u00ebkur\u00ebn e barkut n\u00eb rritje, gjinjt\u00eb dhe pjes\u00ebn tjet\u00ebr.<\/li>\n<li>Balsami \u00ebsht\u00eb i pasur me p\u00ebrb\u00ebr\u00ebs t\u00eb till\u00eb si vaji i arganit, vaji i susamit dhe vaji jojoba q\u00eb ndihmojn\u00eb n\u00eb hidratimin e l\u00ebkur\u00ebs dhe barkut tuaj, strijat m\u00eb pak t\u00eb dukshme dhe madje reduktojn\u00eb shanset p\u00ebr tu krijuar strija.<\/li>\n<\/ul>\n<p><strong>P\u00ebrdorimi<\/strong><\/p>\n<p>\u2022 Aplikojeni balsamin dy her\u00eb n\u00eb dit\u00eb n\u00eb bark dhe n\u00eb pjes\u00ebn tjet\u00ebr t\u00eb trupit<br \/>\n\u2022 Mbajeni l\u00ebkur\u00ebn t\u00eb but\u00eb, t\u00eb hidratuar dhe t\u00eb ushqyer<br \/>\n\u2022 Shmangni kontaktin me sy<\/p>\n<p><strong>P\u00ebrb\u00ebr\u00ebsit<\/strong><\/p>\n<p>Balsami: Uj\u00eb, vaji i far\u00ebs s\u00eb lulediellit (helianthus Annuus), glicerin\u00eb, cetearyl<br \/>\nAlkool, Gjalp Butyrospermum Parkii (Shea), Gliceril Stearat Citrate, Vaji Cocos Nucifera (kokosi), Vaji i b\u00ebrtham\u00ebs s\u00eb Argania Spinosa,<br \/>\nSqualane, vaj frutash Olea Europaea (ulliri), Vaj i far\u00ebs Simmondsia Chinensis (Jojoba), Vaj i far\u00ebs s\u00eb Sesamum Indicum (Sesamit), Vitis Vinifera<br \/>\nVaj i far\u00ebs s\u00eb rrushit, niseshte misri i hidrolizuar, ekstrakt i rr\u00ebnj\u00ebs Beta Vulgaris (panxhar), Ekstrakt i gjetheve Centella Asiatica, Levulinat<br \/>\nnatriumi, natrium Anisate, natriumi fitat, gliceril kaprilat, \u00e7am\u00e7ak\u00ebz sklerotium, \u00e7am\u00e7ak\u00ebz xanthan, tokoferol, glikol butileni,<br \/>\nparfum\/aroma,p-Acidi Anisik, Acidi citrik, Acidi laktik.<\/p>","protected":false},"excerpt":{"rendered":"<p>Ushqeni dhe mb\u00ebshtesni l\u00ebkur\u00ebn tuaj gjat\u00eb shtatz\u00ebnis\u00eb me balsamin dhe vajin relaksues nga Na\u00eff. P\u00ebrb\u00ebr\u00ebs natyral si gjalpi shea dhe vaji jojoba e mbajn\u00eb l\u00ebkur\u00ebn t\u00eb but\u00eb dhe t\u00eb hidratuar!<\/p>","protected":false},"featured_media":11807,"template":"","meta":{"_acf_changed":false,"inline_featured_image":false},"product_brand":[],"product_cat":[983],"product_tag":[],"class_list":{"0":"post-11790","1":"product","2":"type-product","3":"status-publish","4":"has-post-thumbnail","6":"product_cat-naif","7":"wpisset-post","8":"wpisset-post-featured","9":"wpisset-woo-has-gallery","11":"first","12":"instock","13":"shipping-taxable","14":"purchasable","15":"product-type-simple"},"acf":[],"_links":{"self":[{"href":"https:\/\/prime-distributor.al\/en\/wp-json\/wp\/v2\/product\/11790","targetHints":{"allow":["GET"]}}],"collection":[{"href":"https:\/\/prime-distributor.al\/en\/wp-json\/wp\/v2\/product"}],"about":[{"href":"https:\/\/prime-distributor.al\/en\/wp-json\/wp\/v2\/types\/product"}],"wp:featuredmedia":[{"embeddable":true,"href":"https:\/\/prime-distributor.al\/en\/wp-json\/wp\/v2\/media\/11807"}],"wp:attachment":[{"href":"https:\/\/prime-distributor.al\/en\/wp-json\/wp\/v2\/media?parent=11790"}],"wp:term":[{"taxonomy":"product_brand","embeddable":true,"href":"https:\/\/prime-distributor.al\/en\/wp-json\/wp\/v2\/product_brand?post=11790"},{"taxonomy":"product_cat","embeddable":true,"href":"https:\/\/prime-distributor.al\/en\/wp-json\/wp\/v2\/product_cat?post=11790"},{"taxonomy":"product_tag","embeddable":true,"href":"https:\/\/prime-distributor.al\/en\/wp-json\/wp\/v2\/product_tag?post=11790"}],"curies":[{"name":"wp","href":"https:\/\/api.w.org\/{rel}","templated":true}]}}