{"id":11621,"date":"2023-12-16T15:37:39","date_gmt":"2023-12-16T15:37:39","guid":{"rendered":"https:\/\/prime-distributor.al\/?post_type=product&#038;p=11621"},"modified":"2026-04-30T09:23:45","modified_gmt":"2026-04-30T09:23:45","slug":"stainless-steel-miracle-cup","status":"publish","type":"product","link":"https:\/\/prime-distributor.al\/en\/product\/stainless-steel-miracle-cup\/","title":{"rendered":"Stainless Steel Miracle Cup"},"content":{"rendered":"<h2>Miracle\u00ae 360\u00b0 Stainless Steel Sippy Cup<\/h2>\n<p>Miracle\u00ae Stainless Steel 360\u00b0 Sippy Cup \u00ebsht\u00eb k\u00ebtu p\u00ebr t\u00eb &#8220;vjedhur&#8221; zemr\u00ebn tuaj kur b\u00ebhet fjal\u00eb p\u00ebr gotat sippy! Le ta pranojm\u00eb: t\u00eb vegjlit jan\u00eb nj\u00eb grup i \u00e7rregullt, ve\u00e7an\u00ebrisht kur eksplorojn\u00eb p\u00ebr her\u00eb t\u00eb par\u00eb gotat. Tani imagjinoni nj\u00eb bot\u00eb n\u00eb t\u00eb cil\u00ebn pijet nuk derdhen fare, nuk \u00ebsht\u00eb nj\u00eb mrekulli &#8211; \u00ebsht\u00eb Gota Munchkin Miracle\u00ae 360\u00b0.<\/p>\n<p>Gota e par\u00eb sippy e shpikur me prind\u00ebrit dhe f\u00ebmij\u00ebt n\u00eb mendje, Miracle\u00ae 360\u00b0 eliminon rr\u00ebmuj\u00ebn dhe mb\u00ebshtet sh\u00ebndetin e dh\u00ebmb\u00ebve t\u00eb f\u00ebmij\u00ebve menj\u00ebher\u00eb. Pirja nga kudo rreth buz\u00ebs, si nj\u00eb got\u00eb e rregullt, ndihmon n\u00eb mb\u00ebshtetjen e zhvillimit normal t\u00eb muskujve n\u00eb goj\u00ebn e nj\u00eb f\u00ebmije. Dhe pa gryk\u00eb, pip\u00ebz apo aksesor\u00eb shtes\u00eb, gota Miracle\u00ae 360\u00b0 \u00ebsht\u00eb e leht\u00eb p\u00ebr t\u2019u p\u00ebrdorur dhe madje edhe m\u00eb e leht\u00eb p\u00ebr t\u2019u pastruar.<\/p>\n<p>Kjo got\u00eb \u00e7elik inox premium me dy shtresa, t\u00eb mbyllura me vakum i mban l\u00ebngjet t\u00eb ngrohta ose t\u00eb ftohta gjat\u00eb gjith\u00eb dit\u00ebs. Materiali prej \u00e7eliku inox me pesh\u00eb t\u00eb leht\u00eb \u00ebsht\u00eb jasht\u00ebzakonisht i q\u00ebndruesh\u00ebm dhe dizajni me shtes\u00eb t\u00eb dyfisht\u00eb nuk do t\u00eb djersij\u00eb dhe nuk do t&#8217;i ftoh duart. P\u00ebrfshin gjithashtu kapakun e got\u00ebs t\u00eb p\u00ebrshtatsh\u00ebm p\u00ebr t\u00eb mbajtur buz\u00ebn e saj t\u00eb past\u00ebr n\u00eb l\u00ebvizje!<\/p>\n<p>&nbsp;<\/p>\n<h3>Karakteristikat:<\/h3>\n<ul>\n<li>Gota prej \u00e7eliku inox e izoluar premium, e mbyllur me vakum, i mban pijet t\u00eb fresk\u00ebta p\u00ebr <strong>15 or\u00eb<\/strong><\/li>\n<li>Gota p\u00ebr f\u00ebmij\u00eb me dizajn pa gryk\u00eb e rekomanduar nga dentist\u00ebt<\/li>\n<li>Gota \u00ebsht\u00eb e p\u00ebrkryer p\u00ebr shkoll\u00eb ose \u00e7erdhe! Mos harroni ta merrni me vete got\u00ebn tuaj t\u00eb preferuar!<\/li>\n<li>Buza 360\u00b0 ju lejon t\u00eb pini nga \u00e7do an\u00eb e got\u00ebs \u2013 thjesht anoni got\u00ebn dhe thithni buz\u00ebn e valvul\u00ebs<\/li>\n<li>Gota mbyllet automatikisht kur f\u00ebmija ndalon s\u00eb piri plot\u00ebsisht p\u00ebr t\u00eb eliminuar derdhjet<\/li>\n<li>Leht\u00eb p\u00ebr t&#8217;u pastruar<\/li>\n<li>Kapaciteti 295ml p\u00ebr qum\u00ebsht, l\u00ebng dhe uj\u00eb<\/li>\n<li>Leht\u00eb p\u00ebr t\u2019u pastruar<\/li>\n<li>Pa BPA<\/li>\n<li>Lahet n\u0113 lavastovilje<\/li>\n<li><strong>12+ muaj<\/strong><\/li>\n<\/ul>\n<p>&nbsp;<\/p>","protected":false},"excerpt":{"rendered":"<p>Pije t\u00eb ngrohta ose t\u00eb ftohta p\u00ebr <strong>15 or\u00eb<\/strong>?<\/p>\n<p>Miracle\u00ae Stainless Steel 360\u00b0 Sippy Cup \u00ebsht\u00eb k\u00ebtu p\u00ebr t\u00eb &#8220;vjedhur&#8221; zemr\u00ebn tuaj kur b\u00ebhet fjal\u00eb p\u00ebr gotat sippy!<\/p>","protected":false},"featured_media":11713,"template":"","meta":{"_acf_changed":false,"inline_featured_image":false},"product_brand":[],"product_cat":[950],"product_tag":[965],"class_list":{"0":"post-11621","1":"product","2":"type-product","3":"status-publish","4":"has-post-thumbnail","6":"product_cat-munchkin","7":"product_tag-cups","8":"wpisset-post","9":"wpisset-post-featured","10":"wpisset-woo-has-gallery","12":"first","13":"instock","14":"shipping-taxable","15":"purchasable","16":"product-type-variable"},"acf":[],"_links":{"self":[{"href":"https:\/\/prime-distributor.al\/en\/wp-json\/wp\/v2\/product\/11621","targetHints":{"allow":["GET"]}}],"collection":[{"href":"https:\/\/prime-distributor.al\/en\/wp-json\/wp\/v2\/product"}],"about":[{"href":"https:\/\/prime-distributor.al\/en\/wp-json\/wp\/v2\/types\/product"}],"wp:featuredmedia":[{"embeddable":true,"href":"https:\/\/prime-distributor.al\/en\/wp-json\/wp\/v2\/media\/11713"}],"wp:attachment":[{"href":"https:\/\/prime-distributor.al\/en\/wp-json\/wp\/v2\/media?parent=11621"}],"wp:term":[{"taxonomy":"product_brand","embeddable":true,"href":"https:\/\/prime-distributor.al\/en\/wp-json\/wp\/v2\/product_brand?post=11621"},{"taxonomy":"product_cat","embeddable":true,"href":"https:\/\/prime-distributor.al\/en\/wp-json\/wp\/v2\/product_cat?post=11621"},{"taxonomy":"product_tag","embeddable":true,"href":"https:\/\/prime-distributor.al\/en\/wp-json\/wp\/v2\/product_tag?post=11621"}],"curies":[{"name":"wp","href":"https:\/\/api.w.org\/{rel}","templated":true}]}}