{"id":11619,"date":"2023-12-16T15:34:40","date_gmt":"2023-12-16T15:34:40","guid":{"rendered":"https:\/\/prime-distributor.al\/?post_type=product&#038;p=11619"},"modified":"2026-02-02T12:43:45","modified_gmt":"2026-02-02T12:43:45","slug":"splash-divided-plates-2pk","status":"publish","type":"product","link":"https:\/\/prime-distributor.al\/en\/product\/splash-divided-plates-2pk\/","title":{"rendered":"Splash Divided Plates &#8211; 2pk"},"content":{"rendered":"<h2>Splash\u2122 Toddler Divided Plates &#8211; 2pk<\/h2>\n<p>Paketimi i dyfisht\u00eb i pjatave t\u00eb Munchkin nga linja Splash\u2122 do ta g\u00ebzoj\u00eb t\u00eb voglin tuaj her\u00ebn tjet\u00ebr q\u00eb do t\u00eb ulet p\u00ebr t\u00eb ngr\u00ebn\u00eb. Dizajni modern nuk do t\u00eb bie ndesh me dekorin tuaj dhe pjesa e poshtme pa rr\u00ebshqitje do t\u00eb thot\u00eb m\u00eb pak rr\u00ebmuj\u00eb. Pa BPA, t\u00eb sigurta p\u00ebr mikroval\u00eb dhe lavastovilje, k\u00ebto pjata jan\u00eb t\u00eb nevojshme p\u00ebr m\u00ebngjes, drek\u00eb dhe dark\u00eb!<\/p>\n<h3>Karakteristikat:<\/h3>\n<ul>\n<li>Seti p\u00ebrfshin (2) pjata t\u00eb ndara me fund pa rr\u00ebshqitje<\/li>\n<li>Dizajn modern, me ngjyra t\u00eb zbehta (p\u00ebrfshihen 2 ngjyra)<\/li>\n<li>Mure t\u00eb thella p\u00ebr pastrim t\u00eb leht\u00eb<\/li>\n<li>Pjatat vendosen s\u00eb bashku p\u00ebr ruajtje t\u00eb leht\u00eb<\/li>\n<li>T\u00eb sigurta n\u00eb lavastovilje dhe mikroval\u00eb, pa BPA<\/li>\n<li><strong>6+ muaj<\/strong><\/li>\n<\/ul>","protected":false},"excerpt":{"rendered":"<p>Paketimi i dyfisht\u00eb i pjatave t\u00eb Munchkin nga linja Splash\u2122 do ta g\u00ebzoj\u00eb t\u00eb voglin tuaj her\u00ebn tjet\u00ebr q\u00eb do t\u00eb ulet p\u00ebr t\u00eb ngr\u00ebn\u00eb.<\/p>","protected":false},"featured_media":11699,"template":"","meta":{"_acf_changed":false,"inline_featured_image":false},"product_brand":[],"product_cat":[950],"product_tag":[967],"class_list":{"0":"post-11619","1":"product","2":"type-product","3":"status-publish","4":"has-post-thumbnail","6":"product_cat-munchkin","7":"product_tag-plates","8":"wpisset-post","9":"wpisset-post-featured","10":"wpisset-woo-has-gallery","12":"first","13":"instock","14":"shipping-taxable","15":"purchasable","16":"product-type-variable"},"acf":[],"_links":{"self":[{"href":"https:\/\/prime-distributor.al\/en\/wp-json\/wp\/v2\/product\/11619","targetHints":{"allow":["GET"]}}],"collection":[{"href":"https:\/\/prime-distributor.al\/en\/wp-json\/wp\/v2\/product"}],"about":[{"href":"https:\/\/prime-distributor.al\/en\/wp-json\/wp\/v2\/types\/product"}],"wp:featuredmedia":[{"embeddable":true,"href":"https:\/\/prime-distributor.al\/en\/wp-json\/wp\/v2\/media\/11699"}],"wp:attachment":[{"href":"https:\/\/prime-distributor.al\/en\/wp-json\/wp\/v2\/media?parent=11619"}],"wp:term":[{"taxonomy":"product_brand","embeddable":true,"href":"https:\/\/prime-distributor.al\/en\/wp-json\/wp\/v2\/product_brand?post=11619"},{"taxonomy":"product_cat","embeddable":true,"href":"https:\/\/prime-distributor.al\/en\/wp-json\/wp\/v2\/product_cat?post=11619"},{"taxonomy":"product_tag","embeddable":true,"href":"https:\/\/prime-distributor.al\/en\/wp-json\/wp\/v2\/product_tag?post=11619"}],"curies":[{"name":"wp","href":"https:\/\/api.w.org\/{rel}","templated":true}]}}