{"id":11615,"date":"2023-12-16T15:31:59","date_gmt":"2023-12-16T15:31:59","guid":{"rendered":"https:\/\/prime-distributor.al\/?post_type=product&#038;p=11615"},"modified":"2026-04-02T07:25:32","modified_gmt":"2026-04-02T07:25:32","slug":"splash-bowls-2pk","status":"publish","type":"product","link":"https:\/\/prime-distributor.al\/en\/product\/splash-bowls-2pk\/","title":{"rendered":"Splash Bowls &#8211; 2pk"},"content":{"rendered":"<h2>Splash\u2122 Toddler Bowls &#8211; 2pk<\/h2>\n<p>Paketimi i dyfisht\u00eb i tasave t\u00eb Munchkin nga linja Splash\u2122 do ta g\u00ebzoj\u00eb t\u00eb voglin tuaj her\u00ebn tjet\u00ebr q\u00eb do t\u00eb ulet p\u00ebr t\u00eb ngr\u00ebn\u00eb. Dizajni modern nuk do t\u00eb bie ndesh me dekorin tuaj dhe pjesa e poshtme pa rr\u00ebshqitje do t\u00eb thot\u00eb m\u00eb pak rr\u00ebmuj\u00eb. Pa BPA, t\u00eb sigurta p\u00ebr mikroval\u00eb dhe lavastovilje, k\u00ebto tasa jan\u00eb t\u00eb nevojsh\u00ebm p\u00ebr m\u00ebngjes, drek\u00eb dhe dark\u00eb!<\/p>\n<h3>Karakteristikat:<\/h3>\n<ul>\n<li>Seti p\u00ebrfshin (2) tasa me fund pa rr\u00ebshqitje<\/li>\n<li>Dizajn modern me pamje t\u00eb jashtme t\u00eb bardh\u00eb dhe t\u00eb brendshme me ngjyra t\u00eb zbehta (p\u00ebrfshihen 2 ngjyra)<\/li>\n<li>Tasa t\u00eb thell\u00eb me an\u00ebt e larta \u2013 perfekte p\u00ebr vaktet ose snacks<\/li>\n<li>Tasat vendosen s\u00eb bashku p\u00ebr ruajtje t\u00eb leht\u00eb<\/li>\n<li>T\u00eb sigurt\u00eb n\u00eb lavastovilje dhe mikroval\u00eb, pa BPA<\/li>\n<li><strong>6+ muaj<\/strong><\/li>\n<\/ul>","protected":false},"excerpt":{"rendered":"<p>Paketimi i dyfisht\u00eb i tasave t\u00eb Munchkin nga linja Splash\u2122 do ta g\u00ebzoj\u00eb t\u00eb voglin tuaj her\u00ebn tjet\u00ebr q\u00eb do t\u00eb ulet p\u00ebr t\u00eb ngr\u00ebn\u00eb.<\/p>","protected":false},"featured_media":11705,"template":"","meta":{"_acf_changed":false,"inline_featured_image":false},"product_brand":[],"product_cat":[950],"product_tag":[966],"class_list":{"0":"post-11615","1":"product","2":"type-product","3":"status-publish","4":"has-post-thumbnail","6":"product_cat-munchkin","7":"product_tag-bowls","8":"wpisset-post","9":"wpisset-post-featured","10":"wpisset-woo-has-gallery","12":"first","13":"instock","14":"shipping-taxable","15":"purchasable","16":"product-type-variable"},"acf":[],"_links":{"self":[{"href":"https:\/\/prime-distributor.al\/en\/wp-json\/wp\/v2\/product\/11615","targetHints":{"allow":["GET"]}}],"collection":[{"href":"https:\/\/prime-distributor.al\/en\/wp-json\/wp\/v2\/product"}],"about":[{"href":"https:\/\/prime-distributor.al\/en\/wp-json\/wp\/v2\/types\/product"}],"wp:featuredmedia":[{"embeddable":true,"href":"https:\/\/prime-distributor.al\/en\/wp-json\/wp\/v2\/media\/11705"}],"wp:attachment":[{"href":"https:\/\/prime-distributor.al\/en\/wp-json\/wp\/v2\/media?parent=11615"}],"wp:term":[{"taxonomy":"product_brand","embeddable":true,"href":"https:\/\/prime-distributor.al\/en\/wp-json\/wp\/v2\/product_brand?post=11615"},{"taxonomy":"product_cat","embeddable":true,"href":"https:\/\/prime-distributor.al\/en\/wp-json\/wp\/v2\/product_cat?post=11615"},{"taxonomy":"product_tag","embeddable":true,"href":"https:\/\/prime-distributor.al\/en\/wp-json\/wp\/v2\/product_tag?post=11615"}],"curies":[{"name":"wp","href":"https:\/\/api.w.org\/{rel}","templated":true}]}}