{"id":1142,"date":"2022-03-29T09:25:49","date_gmt":"2022-03-29T09:25:49","guid":{"rendered":"https:\/\/prime-distributor.al\/?post_type=product&#038;p=1142"},"modified":"2022-10-25T13:09:32","modified_gmt":"2022-10-25T13:09:32","slug":"clevamama-tencel-kellef-mbrojtes-kundra-ujit-per-dyshekun","status":"publish","type":"product","link":"https:\/\/prime-distributor.al\/en\/product\/clevamama-tencel-kellef-mbrojtes-kundra-ujit-per-dyshekun\/","title":{"rendered":"Clevamama\u00ae Tencel\u00ae K\u00ebll\u00ebf mbrojt\u00ebs kundra ujit p\u00ebr dyshekun"},"content":{"rendered":"<p>6K\u00ebllefi me mbrojt\u00ebsin e dyshekut Tencel i pap\u00ebrshkuesh\u00ebm nga uji \u00ebsht\u00eb krijuar p\u00ebr t&#8217;ju ndihmuar ju dhe vog\u00eblushin tuaj p\u00ebrmes stresit t\u00eb trajnimit gjat\u00eb nat\u00ebs p\u00ebr tualetin. B\u00ebr\u00eb me 100% Tencel, me fibra q\u00eb rrjedhin nga burime t\u00eb q\u00ebndrueshme druri, \u00ebsht\u00eb natyrsh\u00ebm anti-mikrob, rezistent ndaj acareve t\u00eb pluhurit, baktereve dhe alergjen\u00ebve. Issht\u00eb luksozisht i but\u00eb, i frym\u00ebmarrjes, i pap\u00ebrshkuesh\u00ebm nga uji dhe thith shum\u00eb m\u00eb tep\u00ebr sesa pambuku duke siguruar nj\u00eb klim\u00eb t\u00eb that\u00eb dhe t\u00eb sh\u00ebndetshme p\u00ebr t\u00eb fjetur. Tencel\u00ae bashkon avantazhin e shum\u00eb fibrave q\u00eb e b\u00ebjn\u00eb at\u00eb aq t\u00eb holl\u00eb sa m\u00ebndafshi, aq t\u00eb fort\u00eb sa poliesteri, aq t\u00eb fresk\u00ebt dhe t\u00eb k\u00ebndsh\u00ebm p\u00ebr tu prekur si liri dhe aq t\u00eb ngroht\u00eb sa leshi. Me nj\u00eb poliuretani t\u00eb pap\u00ebrshkuesh\u00ebm nga uji n\u00ebn shtres\u00eb dhe 360 \u200b\u200b\u00b0 llast\u00ebk p\u00ebr v\u00ebnie t\u00eb sigurt \u00ebsht\u00eb nj\u00eb m\u00ebnyr\u00eb e thjesht\u00eb, praktike dhe diskrete p\u00ebr tu mbrojtur nga shtret\u00ebrit e lagur dhe dyshek\u00ebt e d\u00ebmtuar. Ideale p\u00ebr l\u00ebkur\u00eb t\u00eb ndjeshme.<\/p>","protected":false},"excerpt":{"rendered":"<p>Ndihmon n\u00eb mbajtjen e thatep\u00eb dhe t\u00eb rehatshme t\u00eb vog\u00eblushit tuaj. B\u00ebr\u00eb me 100% Tencel\u00ae \u00ebsht\u00eb natyrsh\u00ebm anti-mikrob, rezistent ndaj pluhurit, bakteret dhe alergjen\u00ebt. \u00cbsht\u00eb ideale p\u00ebr foshnjat me l\u00ebkur\u00eb t\u00eb ndjeshme.<\/p>","protected":false},"featured_media":0,"template":"","meta":{"_acf_changed":false,"inline_featured_image":false},"product_brand":[],"product_cat":[45],"product_tag":[699,838],"class_list":{"0":"post-1142","1":"product","2":"type-product","3":"status-publish","5":"product_cat-clevamama","6":"product_tag-clevamama","7":"product_tag-sleeptime","8":"wpisset-post","9":"wpisset-woo-has-gallery","11":"first","12":"instock","13":"shipping-taxable","14":"purchasable","15":"product-type-simple"},"acf":[],"_links":{"self":[{"href":"https:\/\/prime-distributor.al\/en\/wp-json\/wp\/v2\/product\/1142","targetHints":{"allow":["GET"]}}],"collection":[{"href":"https:\/\/prime-distributor.al\/en\/wp-json\/wp\/v2\/product"}],"about":[{"href":"https:\/\/prime-distributor.al\/en\/wp-json\/wp\/v2\/types\/product"}],"wp:attachment":[{"href":"https:\/\/prime-distributor.al\/en\/wp-json\/wp\/v2\/media?parent=1142"}],"wp:term":[{"taxonomy":"product_brand","embeddable":true,"href":"https:\/\/prime-distributor.al\/en\/wp-json\/wp\/v2\/product_brand?post=1142"},{"taxonomy":"product_cat","embeddable":true,"href":"https:\/\/prime-distributor.al\/en\/wp-json\/wp\/v2\/product_cat?post=1142"},{"taxonomy":"product_tag","embeddable":true,"href":"https:\/\/prime-distributor.al\/en\/wp-json\/wp\/v2\/product_tag?post=1142"}],"curies":[{"name":"wp","href":"https:\/\/api.w.org\/{rel}","templated":true}]}}