{"id":1119,"date":"2022-03-29T09:25:25","date_gmt":"2022-03-29T09:25:25","guid":{"rendered":"https:\/\/prime-distributor.al\/?post_type=product&#038;p=1119"},"modified":"2022-11-02T09:21:43","modified_gmt":"2022-11-02T09:21:43","slug":"clevamama-kellef-per-bebe-41-x-26-cm-0-12m","status":"publish","type":"product","link":"https:\/\/prime-distributor.al\/en\/product\/clevamama-kellef-per-bebe-41-x-26-cm-0-12m\/","title":{"rendered":"Clevamama\u00ae K\u00ebll\u00ebf p\u00ebr bebe 41 x 26 cm 0-12m"},"content":{"rendered":"<p>K\u00ebll\u00ebf jast\u00ebku pambuku i dizajnuar bukur, \u00ebsht\u00eb 100% i but\u00eb ndaj l\u00ebkur\u00ebs delikate t\u00eb foshnj\u00ebs suaj dhe p\u00ebrshtatet n\u00eb m\u00ebnyr\u00eb perfekte me jast\u00ebkun ClevaFoam\u00ae. Mund t\u00eb lahet n\u00eb lavatri\u00e7e.<br \/>\nMadh\u00ebsia: 31cm x 22cm.<\/p>","protected":false},"excerpt":{"rendered":"<p>100% pambuk i but\u00eb dhe i ajrosur. I p\u00ebrshtatsh\u00ebm me jast\u00ebkun p\u00ebr bebe ClevaFoam\u00ae. N\u00eb dispozicion n\u00eb nj\u00eb gam\u00eb ngjyrash.<\/p>","protected":false},"featured_media":0,"template":"","meta":{"_acf_changed":false,"inline_featured_image":false},"product_brand":[],"product_cat":[45],"product_tag":[699,838],"class_list":{"0":"post-1119","1":"product","2":"type-product","3":"status-publish","5":"product_cat-clevamama","6":"product_tag-clevamama","7":"product_tag-sleeptime","8":"wpisset-post","9":"wpisset-woo-has-gallery","11":"first","12":"instock","13":"shipping-taxable","14":"purchasable","15":"product-type-variable"},"acf":[],"_links":{"self":[{"href":"https:\/\/prime-distributor.al\/en\/wp-json\/wp\/v2\/product\/1119","targetHints":{"allow":["GET"]}}],"collection":[{"href":"https:\/\/prime-distributor.al\/en\/wp-json\/wp\/v2\/product"}],"about":[{"href":"https:\/\/prime-distributor.al\/en\/wp-json\/wp\/v2\/types\/product"}],"wp:attachment":[{"href":"https:\/\/prime-distributor.al\/en\/wp-json\/wp\/v2\/media?parent=1119"}],"wp:term":[{"taxonomy":"product_brand","embeddable":true,"href":"https:\/\/prime-distributor.al\/en\/wp-json\/wp\/v2\/product_brand?post=1119"},{"taxonomy":"product_cat","embeddable":true,"href":"https:\/\/prime-distributor.al\/en\/wp-json\/wp\/v2\/product_cat?post=1119"},{"taxonomy":"product_tag","embeddable":true,"href":"https:\/\/prime-distributor.al\/en\/wp-json\/wp\/v2\/product_tag?post=1119"}],"curies":[{"name":"wp","href":"https:\/\/api.w.org\/{rel}","templated":true}]}}