{"id":1087,"date":"2022-03-29T09:25:01","date_gmt":"2022-03-29T09:25:01","guid":{"rendered":"https:\/\/prime-distributor.al\/?post_type=product&#038;p=1087"},"modified":"2024-01-08T13:46:59","modified_gmt":"2024-01-08T13:46:59","slug":"clevamama-dyshek-per-krevat-anti-allergy","status":"publish","type":"product","link":"https:\/\/prime-distributor.al\/en\/product\/clevamama-dyshek-per-krevat-anti-allergy\/","title":{"rendered":"ClevaMama\u00ae Dyshek p\u00ebr krevat &#8211; Anti Allergy"},"content":{"rendered":"<p>Astma dhe alergjit\u00eb mund t\u00eb jen\u00eb t\u00eb zakonshme tek f\u00ebmij\u00ebt e vegj\u00ebl dhe b\u00ebjn\u00eb nj\u00eb gjum\u00eb v\u00ebrtet t\u00eb pak\u00ebndsh\u00ebm gjat\u00eb nat\u00ebs, k\u00ebshtu q\u00eb zgjedhja e dyshekut t\u00eb duhur dhe t\u00eb sigurt \u00ebsht\u00eb e r\u00ebnd\u00ebsishme. Dysheku Anti-Alergjik ka nj\u00eb barrier\u00eb super-efikase anti-k\u00ebrpudhore dhe anti-mite dhe nj\u00eb shtres\u00eb 100% t\u00eb pap\u00ebrshkueshme nga uji p\u00ebr t\u00eb mbajtur larg \u00e7do gabim ose pluhur dhe p\u00ebr ta mbajtur dyshekun tuaj plot\u00ebsisht t\u00eb that\u00eb, n\u00eb rast t\u00eb ndonj\u00eb derdhje ose rrjedhje t\u00eb papritur. Kombinuar me shkum\u00ebn natyrore hipo-alergjike t\u00eb mb\u00ebshtetjes s\u00eb refleksit me b\u00ebrtham\u00eb t\u00eb frym\u00ebmarrjes, ju jep qet\u00ebsi n\u00eb koh\u00ebn e gjumit.<\/p>\n<p>Mbrojtje 100% e pap\u00ebrshkueshme nga uji, ky dyshek mund t\u00eb rrotullohet dhe kthehet.<\/p>\n<p>Shkum\u00eb natyrore hipo-alergjike q\u00eb siguron shp\u00ebrndarje t\u00eb nj\u00ebjt\u00eb t\u00eb pesh\u00ebs dhe mb\u00ebshtetje shtes\u00eb p\u00ebr shtrirjen e shtyll\u00ebs kurrizore.<br \/>\nMbulesa e brendshme mbrojt\u00ebse me ajrosje p\u00ebr mbrojtje t\u00eb shtuar.<br \/>\nMbulesa e jashtme \u00ebsht\u00eb e but\u00eb dhe ideale p\u00ebr l\u00ebkur\u00ebn e foshnj\u00ebs tuaj, hiqet leht\u00ebsisht dhe lahet n\u00eb lavatri\u00e7e.<\/p>","protected":false},"excerpt":{"rendered":"<p>Krijoni nj\u00eb ambienti gjumi mb\u00ebshtet\u00ebs dhe higjenik p\u00ebr t\u00eb vegjlit me dyshekun kund\u00ebr alergjis\u00eb.<br \/>\nDysheku ka nj\u00eb barrier\u00eb super-efikase anti-k\u00ebrpudhore dhe anti-mite, me nj\u00eb shtres\u00eb t\u00eb pap\u00ebrshkueshme nga uji. Bashkuar me shkum\u00ebn ton\u00eb mb\u00ebshtet\u00ebse t\u00eb leht\u00ebsimit t\u00eb presionit dhe b\u00ebrtham\u00ebn q\u00eb mund t\u00eb marr\u00eb frym\u00eb, ju jep qet\u00ebsi n\u00eb koh\u00ebn e gjumit.<br \/>\nHipo-alergjik dhe i ekuilibruar me pH, \u00ebsht\u00eb ideal p\u00ebr foshnjat dhe f\u00ebmij\u00ebt me astm\u00eb dhe alergji.<\/p>","protected":false},"featured_media":0,"template":"","meta":{"_acf_changed":false,"inline_featured_image":false},"product_brand":[],"product_cat":[45],"product_tag":[699,838],"class_list":{"0":"post-1087","1":"product","2":"type-product","3":"status-publish","5":"product_cat-clevamama","6":"product_tag-clevamama","7":"product_tag-sleeptime","8":"wpisset-post","9":"wpisset-woo-has-gallery","11":"first","12":"instock","13":"shipping-taxable","14":"purchasable","15":"product-type-simple"},"acf":[],"_links":{"self":[{"href":"https:\/\/prime-distributor.al\/en\/wp-json\/wp\/v2\/product\/1087","targetHints":{"allow":["GET"]}}],"collection":[{"href":"https:\/\/prime-distributor.al\/en\/wp-json\/wp\/v2\/product"}],"about":[{"href":"https:\/\/prime-distributor.al\/en\/wp-json\/wp\/v2\/types\/product"}],"wp:attachment":[{"href":"https:\/\/prime-distributor.al\/en\/wp-json\/wp\/v2\/media?parent=1087"}],"wp:term":[{"taxonomy":"product_brand","embeddable":true,"href":"https:\/\/prime-distributor.al\/en\/wp-json\/wp\/v2\/product_brand?post=1087"},{"taxonomy":"product_cat","embeddable":true,"href":"https:\/\/prime-distributor.al\/en\/wp-json\/wp\/v2\/product_cat?post=1087"},{"taxonomy":"product_tag","embeddable":true,"href":"https:\/\/prime-distributor.al\/en\/wp-json\/wp\/v2\/product_tag?post=1087"}],"curies":[{"name":"wp","href":"https:\/\/api.w.org\/{rel}","templated":true}]}}