{"id":1086,"date":"2022-03-29T09:25:01","date_gmt":"2022-03-29T09:25:01","guid":{"rendered":"https:\/\/prime-distributor.al\/?post_type=product&#038;p=1086"},"modified":"2023-08-17T13:59:30","modified_gmt":"2023-08-17T13:59:30","slug":"clevamama-dyshek-per-krevat-cool-gel","status":"publish","type":"product","link":"https:\/\/prime-distributor.al\/en\/product\/clevamama-dyshek-per-krevat-cool-gel\/","title":{"rendered":"ClevaMama\u00ae Dyshek p\u00ebr krevat &#8211; Cool Gel"},"content":{"rendered":"<p>Temperatura e duhur \u00ebsht\u00eb thelb\u00ebsore q\u00eb foshnjat t\u00eb ken\u00eb nj\u00eb gjum\u00eb t\u00eb sigurt dhe t\u00eb rehatsh\u00ebm gjat\u00eb nat\u00ebs, k\u00ebshtu q\u00eb zgjedhja e dyshekut t\u00eb duhur \u00ebsht\u00eb shum\u00eb e r\u00ebnd\u00ebsishme. Dysheku Cool Gel u krijua me shkum\u00eb t\u00eb ndjesh\u00ebm ndaj temperatur\u00ebs me xhel t\u00eb ftoht\u00eb, p\u00ebr maksimumin e komoditetit dhe mb\u00ebshtetjes. Projektuar p\u00ebr t\u00eb shp\u00ebrndar\u00eb nxeht\u00ebsin\u00eb e trupit dhe p\u00ebr t\u00eb krijuar nj\u00eb sip\u00ebrfaqe m\u00eb t\u00eb fresk\u00ebt gjumi, duke zvog\u00ebluar mbajtjen e nxeht\u00ebsis\u00eb, ndihmon n\u00eb ruajtjen e nj\u00eb temperature t\u00eb sh\u00ebndetshme dhe ambientit t\u00eb gjumit p\u00ebr foshnj\u00ebn tuaj.<\/p>\n<p>Shkum\u00eb natyrore hipo-alergjike q\u00eb siguron shp\u00ebrndarje t\u00eb nj\u00ebjt\u00eb t\u00eb pesh\u00ebs dhe mb\u00ebshtetje shtes\u00eb p\u00ebr shtrirjen e shtyll\u00ebs kurrizore.<br \/>\nMbulesa e brendshme mbrojt\u00ebse me ajrosje p\u00ebr mbrojtje t\u00eb shtuar.<br \/>\nMbulesa e jashtme \u00ebsht\u00eb e but\u00eb dhe ideale p\u00ebr l\u00ebkur\u00ebn e foshnj\u00ebs tuaj, hiqet leht\u00ebsisht dhe lahet n\u00eb lavatri\u00e7e.<\/p>","protected":false},"excerpt":{"rendered":"<p>Dysheku Cool Gel ka shkum\u00eb t\u00eb ndjeshme ndaj temperatur\u00ebs me xhel, i projektuar p\u00ebr t\u00eb shp\u00ebrndar\u00eb nxeht\u00ebsin\u00eb e trupit dhe p\u00ebr t\u00eb krijuar nj\u00eb sip\u00ebrfaqe m\u00eb t\u00eb fresk\u00ebt gjumi. Duke zvog\u00ebluar mbajtjen e nxeht\u00ebsis\u00eb, ndihmon n\u00eb mbajtjen e nj\u00eb temperature t\u00eb sh\u00ebndetshme dhe ambientit t\u00eb gjumit p\u00ebr foshnj\u00ebn tuaj.<br \/>\nInfuzionohet me trajtime anti-k\u00ebrpudhore dhe anti-mite t\u00eb sigurta p\u00ebr f\u00ebmij\u00eb nd\u00ebrsa ruan vetit\u00eb leht\u00ebsuese dhe mb\u00ebshtet\u00ebse t\u00eb shkum\u00ebs tradicionale. \u00cbsht\u00eb hipo-alergjik dhe i ekuilibruar n\u00eb pH, duke e b\u00ebr\u00eb at\u00eb ideal p\u00ebr foshnjat me astm\u00eb dhe alergji.<\/p>","protected":false},"featured_media":0,"template":"","meta":{"_acf_changed":false,"inline_featured_image":false},"product_brand":[],"product_cat":[45],"product_tag":[699,838],"class_list":{"0":"post-1086","1":"product","2":"type-product","3":"status-publish","5":"product_cat-clevamama","6":"product_tag-clevamama","7":"product_tag-sleeptime","8":"wpisset-post","9":"wpisset-woo-has-gallery","11":"first","12":"instock","13":"shipping-taxable","14":"purchasable","15":"product-type-variable"},"acf":[],"_links":{"self":[{"href":"https:\/\/prime-distributor.al\/en\/wp-json\/wp\/v2\/product\/1086","targetHints":{"allow":["GET"]}}],"collection":[{"href":"https:\/\/prime-distributor.al\/en\/wp-json\/wp\/v2\/product"}],"about":[{"href":"https:\/\/prime-distributor.al\/en\/wp-json\/wp\/v2\/types\/product"}],"wp:attachment":[{"href":"https:\/\/prime-distributor.al\/en\/wp-json\/wp\/v2\/media?parent=1086"}],"wp:term":[{"taxonomy":"product_brand","embeddable":true,"href":"https:\/\/prime-distributor.al\/en\/wp-json\/wp\/v2\/product_brand?post=1086"},{"taxonomy":"product_cat","embeddable":true,"href":"https:\/\/prime-distributor.al\/en\/wp-json\/wp\/v2\/product_cat?post=1086"},{"taxonomy":"product_tag","embeddable":true,"href":"https:\/\/prime-distributor.al\/en\/wp-json\/wp\/v2\/product_tag?post=1086"}],"curies":[{"name":"wp","href":"https:\/\/api.w.org\/{rel}","templated":true}]}}