{"id":1084,"date":"2022-03-29T09:25:00","date_gmt":"2022-03-29T09:25:00","guid":{"rendered":"https:\/\/prime-distributor.al\/?post_type=product&#038;p=1084"},"modified":"2023-07-26T08:48:31","modified_gmt":"2023-07-26T08:48:31","slug":"dyshek-per-krevat-support","status":"publish","type":"product","link":"https:\/\/prime-distributor.al\/en\/product\/dyshek-per-krevat-support\/","title":{"rendered":"Dyshek p\u00ebr krevat &#8211; Support"},"content":{"rendered":"<p>Gjumi \u00ebsht\u00eb jetik p\u00ebr rritjen dhe zhvillimin e nj\u00eb f\u00ebmije, nj\u00eb f\u00ebmij\u00eb fle deri n\u00eb 18 or\u00eb n\u00eb dit\u00eb, k\u00ebshtu q\u00eb zgjedhja e dyshekut t\u00eb duhur t\u00eb sigurt \u00ebsht\u00eb e r\u00ebnd\u00ebsishme. B\u00ebr\u00eb me teknologjin\u00eb unike ClevaFoam\u00ae, dysheku ndihmon n\u00eb mb\u00ebshtetjen e trupit n\u00eb rritje t\u00eb foshnj\u00ebs, mbron form\u00ebn e rrumbullak\u00ebt t\u00eb kok\u00ebs s\u00eb tyre t\u00eb but\u00eb p\u00ebr t\u00eb ndihmuar n\u00eb parandalimin e Plagiocefalis\u00eb nd\u00ebrsa ata jan\u00eb duke fjetur. Thesht\u00eb e vetmja shkum\u00eb e provuar shkenc\u00ebrisht p\u00ebr t\u00eb zvog\u00ebluar presionin n\u00eb pjes\u00ebn e pasme t\u00eb kok\u00ebs s\u00eb foshnj\u00ebs me 50% dhe p\u00ebr t\u00eb rritur mb\u00ebshtetjen me 80% (Trinity College, University of Dublin). Struktura e saj 3D e qelizave t\u00eb hapura \u00ebsht\u00eb 100% e ajrosur, me mbajtje t\u00eb reduktuar t\u00eb nxeht\u00ebsis\u00eb dhe \u00ebsht\u00eb jasht\u00ebzakonisht e leht\u00eb.<\/p>\n<p>Shkum\u00eb natyrore hipo-alergjike q\u00eb siguron shp\u00ebrndarje t\u00eb nj\u00ebjt\u00eb t\u00eb pesh\u00ebs dhe mb\u00ebshtetje shtes\u00eb p\u00ebr shtrirjen e shtyll\u00ebs kurrizore.<br \/>\nMbulesa e brendshme mbrojt\u00ebse me ajrosje p\u00ebr mbrojtje t\u00eb shtuar.<br \/>\nMbulesa e jashtme \u00ebsht\u00eb e but\u00eb dhe ideale p\u00ebr l\u00ebkur\u00ebn e foshnj\u00ebs tuaj, hiqet leht\u00ebsisht dhe lahet n\u00eb lavatri\u00e7e.<\/p>","protected":false},"excerpt":{"rendered":"<p>Rehati maksimale dhe mb\u00ebshtetje p\u00ebr f\u00ebmij\u00ebn tuaj. Teknologjia ClevaFoam\u00ae ndihmon n\u00eb mbrojtjen e form\u00ebs t\u00eb rrumbullak\u00ebt t\u00eb kok\u00ebs dhe trupit n\u00eb rritje t\u00eb foshnj\u00ebs. Lejon frym\u00ebmarrjen lirsh\u00ebm, hipo-alergjik, i ekuilibruar me pH dhe ideal p\u00ebr foshnjat me alergji.<\/p>","protected":false},"featured_media":0,"template":"","meta":{"_acf_changed":false,"inline_featured_image":false},"product_brand":[],"product_cat":[45],"product_tag":[699,838],"class_list":{"0":"post-1084","1":"product","2":"type-product","3":"status-publish","5":"product_cat-clevamama","6":"product_tag-clevamama","7":"product_tag-sleeptime","8":"wpisset-post","9":"wpisset-woo-has-gallery","11":"first","12":"instock","13":"shipping-taxable","14":"purchasable","15":"product-type-variable"},"acf":[],"_links":{"self":[{"href":"https:\/\/prime-distributor.al\/en\/wp-json\/wp\/v2\/product\/1084","targetHints":{"allow":["GET"]}}],"collection":[{"href":"https:\/\/prime-distributor.al\/en\/wp-json\/wp\/v2\/product"}],"about":[{"href":"https:\/\/prime-distributor.al\/en\/wp-json\/wp\/v2\/types\/product"}],"wp:attachment":[{"href":"https:\/\/prime-distributor.al\/en\/wp-json\/wp\/v2\/media?parent=1084"}],"wp:term":[{"taxonomy":"product_brand","embeddable":true,"href":"https:\/\/prime-distributor.al\/en\/wp-json\/wp\/v2\/product_brand?post=1084"},{"taxonomy":"product_cat","embeddable":true,"href":"https:\/\/prime-distributor.al\/en\/wp-json\/wp\/v2\/product_cat?post=1084"},{"taxonomy":"product_tag","embeddable":true,"href":"https:\/\/prime-distributor.al\/en\/wp-json\/wp\/v2\/product_tag?post=1084"}],"curies":[{"name":"wp","href":"https:\/\/api.w.org\/{rel}","templated":true}]}}