{"id":1037,"date":"2022-03-27T15:25:44","date_gmt":"2022-03-27T15:25:44","guid":{"rendered":"https:\/\/prime-distributor.al\/?post_type=product&#038;p=1037"},"modified":"2026-04-03T08:44:07","modified_gmt":"2026-04-03T08:44:07","slug":"shampo-per-floket-dhe-trupin-lavender","status":"publish","type":"product","link":"https:\/\/prime-distributor.al\/en\/product\/shampo-per-floket-dhe-trupin-lavender\/","title":{"rendered":"Shampo p\u00ebr Flok\u00ebt dhe Trupin \u2013 Lavender"},"content":{"rendered":"<h2>Kokoso Baby\u00ae \u2013 Shampo p\u00ebr Flok\u00ebt dhe Trupin \u2013 Lavender<\/h2>\n<p>Shampo delikate p\u00ebr flok\u00ebt &amp; trupin p\u00ebrmban nj\u00eb vaj organik kokosi t\u00eb fuqish\u00ebm hidratues 10%, t\u00eb p\u00ebrzier me aloe vera organike qet\u00ebsuese dhe flluska me baz\u00eb kokosi. Formula e but\u00eb kremoze \u00ebsht\u00eb nj\u00eb 3-n\u00eb-1 e dobishme, q\u00eb pastron but\u00ebsisht l\u00ebkur\u00ebn e foshnj\u00ebs, qet\u00ebson l\u00ebkur\u00ebn e kok\u00ebs dhe ushqen flok\u00ebt nga rr\u00ebnja n\u00eb maj\u00eb. Shampo fitoi \u00e7mimin e\u00a0argjendit &#8216;Free From&#8217; Skincare Awards, k\u00ebshtu q\u00eb t\u00eb jeni t\u00eb sigurt se \u00ebsht\u00eb pa kamikate p\u00ebr t\u00eb vegjlit tuaj.<\/p>\n<h4>Karakteristikat:<\/h4>\n<ul>\n<li>Ultra e but\u00eb, vegane dhe pH e balancuar<\/li>\n<li>80% organike<\/li>\n<li>98% me prejardhje natyrale<\/li>\n<li>E mbushur me p\u00ebrb\u00ebr\u00ebs t\u00eb dobish\u00ebm me baz\u00eb bimore<\/li>\n<li>E testuar dermatologjikisht dhe e aprovuar nga pediatri<\/li>\n<li>E sigurt q\u00eb nga lindja<\/li>\n<li>E p\u00ebrshtatshe p\u00ebr l\u00ebkur\u00eb t\u00eb ndjeshme dhe t\u00eb prirur ndaj ekzem\u00ebs<\/li>\n<li>Shishe t\u00eb riciklueshme dhe plot\u00ebsisht t\u00eb riciklueshme pas konsumit<\/li>\n<li>Pompa t\u00eb riciklueshme t\u00eb gjenerat\u00ebs s\u00eb re<\/li>\n<\/ul>\n<p>E disponueshme me arom\u00eb naturale kokosi dhe <a href=\"https:\/\/prime-distributor.al\/en\/product\/shampo-per-floket-dhe-trupin-unfragranced\/\">pa arom\u00eb<\/a>. Ne rekomandojm\u00eb produktet tona pa arom\u00eb p\u00ebr t\u00eb sapolindurit.<\/p>\n<p>Aroma jon\u00eb e \u00ebmb\u00ebl e kokosit, e krijuar ekskluzivisht n\u00eb Zvic\u00ebr, \u00ebsht\u00eb 100% natyrale dhe pa 26 alergenet e listuara n\u00eb Rregulloret Evropiane. Duke e b\u00ebr\u00eb at\u00eb t\u00eb sigurt edhe p\u00ebr l\u00ebkur\u00ebn m\u00eb t\u00eb ndjeshme.<\/p>\n<h5>Si ta p\u00ebrdorni:<\/h5>\n<p>\u2022 Mund t\u00eb p\u00ebrdoret si shampo p\u00ebr flok\u00ebt dhe larje trupi p\u00ebr foshnje dhe f\u00ebmij\u00eb.<br \/>\n\u2022 Shtypeni pomp\u00ebn, pastroni dhe lani but\u00eb.<br \/>\n\u2022 P\u00ebr t\u00eb krijuar flluska m\u00eb t\u00eb m\u00ebdha, shtoni m\u00eb shum\u00eb uj\u00eb n\u00eb duart tuaja.<br \/>\n\u2022 Shp\u00ebrlajeni mir\u00eb.<\/p>\n<h5>P\u00ebrb\u00ebr\u00ebsit:<\/h5>\n<p>Arr\u00eb kokosi natyrale:<br \/>\n\u2022 80% organike, 98% e prejardhur nga natyra, 100% delikate me l\u00ebkur\u00ebn.<\/p>\n<p>L\u00ebng gjethesh Aloe Barbadensis (Aloe Vera), vaj Cocos Nucifera (kokosit), natriumi Lauroyl Glutamate, glicerin\u00eb perimesh, kokosi-betain\u00eb, metilpropanediol, \u00e7am\u00e7ak\u00ebz Xanthan, alkool benzil, parfum (100% natyror dhe pa alergjen), kapsol\u00eb kapri\u00e7i Acid, Tokoferol (Vitamin\u00eb E), Fenilpropanol, Acid Dehidroacetik.\u201d<\/p>","protected":false},"excerpt":{"rendered":"<div class=\"woocommerce-product-details__short-description\">\n<p>Shampo p\u00ebr flok\u00ebt &amp; trupin p\u00ebrmban nj\u00eb vaj t\u00eb fuqish\u00ebm organik 10% hidratues t\u00eb kokosit, t\u00eb p\u00ebrzier me aloe vera qet\u00ebsuese dhe flluska me baz\u00eb kokosi. Formula e but\u00eb krem \u200b\u200bpastron but\u00ebsisht l\u00ebkur\u00ebn delikate, qet\u00ebson l\u00ebkur\u00ebn e kok\u00ebs dhe ushqen flok\u00ebt nga rr\u00ebnja deri n\u00eb maj\u00eb.<\/p>\n<\/div>","protected":false},"featured_media":1008,"template":"","meta":{"_acf_changed":false,"inline_featured_image":false},"product_brand":[],"product_cat":[43],"product_tag":[58],"class_list":{"0":"post-1037","1":"product","2":"type-product","3":"status-publish","4":"has-post-thumbnail","6":"product_cat-kokoso-baby","7":"product_tag-kokoso","8":"wpisset-post","9":"wpisset-post-featured","10":"wpisset-woo-has-gallery","12":"first","13":"outofstock","14":"shipping-taxable","15":"purchasable","16":"product-type-simple"},"acf":[],"_links":{"self":[{"href":"https:\/\/prime-distributor.al\/en\/wp-json\/wp\/v2\/product\/1037","targetHints":{"allow":["GET"]}}],"collection":[{"href":"https:\/\/prime-distributor.al\/en\/wp-json\/wp\/v2\/product"}],"about":[{"href":"https:\/\/prime-distributor.al\/en\/wp-json\/wp\/v2\/types\/product"}],"wp:featuredmedia":[{"embeddable":true,"href":"https:\/\/prime-distributor.al\/en\/wp-json\/wp\/v2\/media\/1008"}],"wp:attachment":[{"href":"https:\/\/prime-distributor.al\/en\/wp-json\/wp\/v2\/media?parent=1037"}],"wp:term":[{"taxonomy":"product_brand","embeddable":true,"href":"https:\/\/prime-distributor.al\/en\/wp-json\/wp\/v2\/product_brand?post=1037"},{"taxonomy":"product_cat","embeddable":true,"href":"https:\/\/prime-distributor.al\/en\/wp-json\/wp\/v2\/product_cat?post=1037"},{"taxonomy":"product_tag","embeddable":true,"href":"https:\/\/prime-distributor.al\/en\/wp-json\/wp\/v2\/product_tag?post=1037"}],"curies":[{"name":"wp","href":"https:\/\/api.w.org\/{rel}","templated":true}]}}