{"id":1036,"date":"2022-03-27T15:17:32","date_gmt":"2022-03-27T15:17:32","guid":{"rendered":"https:\/\/prime-distributor.al\/?post_type=product&#038;p=1036"},"modified":"2026-04-28T07:46:30","modified_gmt":"2026-04-28T07:46:30","slug":"locion-hidratues-frangranced","status":"publish","type":"product","link":"https:\/\/prime-distributor.al\/en\/product\/locion-hidratues-frangranced\/","title":{"rendered":"Locion Hidratues \u2013 Fragranced"},"content":{"rendered":"<h2>Kokoso Baby\u00ae \u2013 Locion Hidratues \u2013 Fragranced<\/h2>\n<p>Locioni yn\u00eb p\u00ebr f\u00ebmij\u00eb me vaj kokosi sjell hidratim t\u00eb menj\u00ebhershme, qet\u00ebsim t\u00eb l\u00ebkur\u00ebs s\u00eb foshnj\u00ebs suaj me p\u00ebrb\u00ebr\u00ebs t\u00eb past\u00ebr dhe t\u00eb but\u00eb me baz\u00eb bimore. Vajrat organik\u00eb t\u00eb kokosit dhe bajameve t\u00eb \u00ebmbla zbusin dhe ushqejn\u00eb, nd\u00ebrsa sheqernat bimore natyrale forcojn\u00eb n\u00eb m\u00ebnyr\u00eb aktive barrier\u00ebn mbrojt\u00ebse t\u00eb l\u00ebkur\u00ebs p\u00ebr t\u00eb bllokuar m\u00eb shum\u00eb lag\u00ebshti dhe ngadal\u00ebsuar avullimin e ujit nga l\u00ebkura.<\/p>\n<p>Fituesi i Locionit m\u00eb t\u00eb Mir\u00eb p\u00ebr Bebe n\u00eb <em><strong>Beauty Shortlist Baby Awards<\/strong><\/em>. I em\u00ebruar <em><strong>&#8220;Blerja m\u00eb e mir\u00eb&#8221;<\/strong><\/em> n\u00eb <em><strong>&#8220;10 produktet m\u00eb t\u00eb mira organike p\u00ebr f\u00ebmij\u00eb q\u00eb do t\u00eb d\u00ebshironi t&#8217;i blini vet\u00eb&#8221;<\/strong><\/em> t\u00eb <em><strong>The Independent<\/strong><\/em>.<\/p>\n<h4>Karakteristikat:<\/h4>\n<ul>\n<li>Formula natyrale aktive mb\u00ebshtet, zbut dhe hidraton<\/li>\n<li>99% me prejardhje natyrale<\/li>\n<li>I testuar dermatologjikisht<\/li>\n<li>I sigurt p\u00ebr t\u00eb sapolindurit lart<\/li>\n<li>I p\u00ebrshtatsh\u00ebm p\u00ebr l\u00ebkur\u00eb t\u00eb ndjeshme dhe t\u00eb prirur ndaj ekzem\u00ebs<\/li>\n<li>Super i but\u00eb dhe i balancuar me pH<\/li>\n<li>Shishe t\u00eb ricikluara dhe t\u00eb riciklueshme pas konsumit<\/li>\n<li>Miq\u00ebsore p\u00ebr vegan\u00ebt dhe pa mizori n\u00eb kafsh\u00eb<\/li>\n<\/ul>\n<p>E disponueshme n\u00eb arom\u00eb natyrale kokosi ose <a href=\"https:\/\/prime-distributor.al\/en\/product\/locion-hidratues-unfragranced\/\">pa arom\u00eb<\/a>. Ne rekomandojm\u00eb produktet tona pa arom\u00eb p\u00ebr t\u00eb sapolindurit. Aroma jon\u00eb e \u00ebmb\u00ebl e arr\u00ebs s\u00eb kokosit, e krijuar ekskluzivisht n\u00eb Zvic\u00ebr, \u00ebsht\u00eb 100% natyrale dhe pa 26 alergenet e listuara n\u00eb Rregulloret Evropiane. Duke e b\u00ebr\u00eb at\u00eb t\u00eb sigurt edhe p\u00ebr l\u00ebkur\u00ebn m\u00eb t\u00eb ndjeshme!<\/p>\n<h5>Si ta p\u00ebrdorni:<\/h5>\n<p>\u2022 Shtyjeni pomp\u00ebn p\u00ebr t\u00eb l\u00ebshuar locion n\u00eb duar. L\u00ebmoni but\u00ebsisht l\u00ebkur\u00ebn n\u00eb fytyr\u00eb ose trup.<br \/>\n\u2022 Vendoseni dy her\u00eb n\u00eb dit\u00eb p\u00ebr ta mbajtur l\u00ebkur\u00ebn t\u00eb hidratuar dhe t\u00eb but\u00eb<\/p>\n<h4>P\u00ebrb\u00ebr\u00ebsit:<\/h4>\n<h4><em>Arom\u00eb natyrale Kokosi:<\/em><\/h4>\n<p>Arom\u00eb kokosi 100% natyrale pa alergjen.<\/p>\n<p>Uj\u00eb, vaj Cocos Nucifera (kokosi), glicerin\u00eb vegjetale, triglicerid kaprilik\/kaprik, vaj Prunus Amygdalus Dulcis (bajame e \u00ebmb\u00ebl), Alkool arakidil, Alkool Behenyl, Xylitilglukozid, Parfum (100% Natyral, Hydrotopoksidol, Pa Alergjen) , Karbomer, Dehidroacetat Natriumi, Xylitol, Tokoferol (Vitamina E), \u00e7am\u00e7ak\u00ebz Xanthan, Glukoz\u00eb, Hidrooksid natriumi.<\/p>","protected":false},"excerpt":{"rendered":"<p>Locioni yn\u00eb p\u00ebr f\u00ebmij\u00eb me vaj kokosi sjell hidratim t\u00eb menj\u00ebhershme, qet\u00ebsim t\u00eb l\u00ebkur\u00ebs s\u00eb foshnj\u00ebs suaj me p\u00ebrb\u00ebr\u00ebs t\u00eb past\u00ebr dhe t\u00eb but\u00eb me baz\u00eb bimore. Vajrat organik\u00eb t\u00eb kokosit dhe bajameve t\u00eb \u00ebmbla zbusin dhe ushqejn\u00eb, nd\u00ebrsa sheqernat bimore natyrale forcojn\u00eb n\u00eb m\u00ebnyr\u00eb aktive barrier\u00ebn mbrojt\u00ebse t\u00eb l\u00ebkur\u00ebs p\u00ebr t\u00eb bllokuar m\u00eb shum\u00eb lag\u00ebshti dhe ngadal\u00ebsuar avullimin e ujit nga l\u00ebkura.<\/p>","protected":false},"featured_media":970,"template":"","meta":{"_acf_changed":false,"inline_featured_image":false},"product_brand":[],"product_cat":[43],"product_tag":[58],"class_list":{"0":"post-1036","1":"product","2":"type-product","3":"status-publish","4":"has-post-thumbnail","6":"product_cat-kokoso-baby","7":"product_tag-kokoso","8":"wpisset-post","9":"wpisset-post-featured","10":"wpisset-woo-has-gallery","12":"first","13":"instock","14":"shipping-taxable","15":"purchasable","16":"product-type-simple"},"acf":[],"_links":{"self":[{"href":"https:\/\/prime-distributor.al\/en\/wp-json\/wp\/v2\/product\/1036","targetHints":{"allow":["GET"]}}],"collection":[{"href":"https:\/\/prime-distributor.al\/en\/wp-json\/wp\/v2\/product"}],"about":[{"href":"https:\/\/prime-distributor.al\/en\/wp-json\/wp\/v2\/types\/product"}],"wp:featuredmedia":[{"embeddable":true,"href":"https:\/\/prime-distributor.al\/en\/wp-json\/wp\/v2\/media\/970"}],"wp:attachment":[{"href":"https:\/\/prime-distributor.al\/en\/wp-json\/wp\/v2\/media?parent=1036"}],"wp:term":[{"taxonomy":"product_brand","embeddable":true,"href":"https:\/\/prime-distributor.al\/en\/wp-json\/wp\/v2\/product_brand?post=1036"},{"taxonomy":"product_cat","embeddable":true,"href":"https:\/\/prime-distributor.al\/en\/wp-json\/wp\/v2\/product_cat?post=1036"},{"taxonomy":"product_tag","embeddable":true,"href":"https:\/\/prime-distributor.al\/en\/wp-json\/wp\/v2\/product_tag?post=1036"}],"curies":[{"name":"wp","href":"https:\/\/api.w.org\/{rel}","templated":true}]}}